{"id":1103,"date":"2026-03-06T09:39:34","date_gmt":"2026-03-06T09:39:34","guid":{"rendered":"https:\/\/www.sophrologue-sonia.fr\/?page_id=1103"},"modified":"2026-03-06T14:55:05","modified_gmt":"2026-03-06T14:55:05","slug":"avis-clients","status":"publish","type":"page","link":"https:\/\/www.sophrologue-sonia.fr\/index.php\/avis-clients\/","title":{"rendered":"Avis clients"},"content":{"rendered":"\t\t<div data-elementor-type=\"wp-page\" data-elementor-id=\"1103\" class=\"elementor elementor-1103\" data-elementor-post-type=\"page\">\n\t\t\t\t<div data-particle_enable=\"false\" data-particle-mobile-disabled=\"false\" class=\"elementor-element elementor-element-d45ca8e e-flex e-con-boxed e-con e-parent\" data-id=\"d45ca8e\" data-element_type=\"container\" data-e-type=\"container\">\n\t\t\t\t\t<div class=\"e-con-inner\">\n\t\t\t\t<div class=\"elementor-element elementor-element-17b38c5 elementor-widget elementor-widget-heading\" data-id=\"17b38c5\" data-element_type=\"widget\" data-e-type=\"widget\" data-widget_type=\"heading.default\">\n\t\t\t\t\t<h2 class=\"elementor-heading-title elementor-size-default\">Votre avis compte....<\/h2>\t\t\t\t<\/div>\n\t\t\t\t\t<\/div>\n\t\t\t\t<\/div>\n\t\t<div data-particle_enable=\"false\" data-particle-mobile-disabled=\"false\" class=\"elementor-element elementor-element-618102c e-flex e-con-boxed e-con e-parent\" data-id=\"618102c\" data-element_type=\"container\" data-e-type=\"container\">\n\t\t\t\t\t<div class=\"e-con-inner\">\n\t\t<div data-particle_enable=\"false\" data-particle-mobile-disabled=\"false\" class=\"elementor-element elementor-element-1392ec3 e-con-full e-flex e-con e-child\" data-id=\"1392ec3\" data-element_type=\"container\" data-e-type=\"container\">\n\t\t\t\t<div class=\"elementor-element elementor-element-c44c9e1 elementor-widget elementor-widget-image\" data-id=\"c44c9e1\" data-element_type=\"widget\" data-e-type=\"widget\" data-widget_type=\"image.default\">\n\t\t\t\t\t\t\t\t\t\t\t\t<figure class=\"wp-caption\">\n\t\t\t\t\t\t\t\t\t\t<img decoding=\"async\" width=\"132\" height=\"132\" src=\"https:\/\/www.sophrologue-sonia.fr\/wp-content\/uploads\/2026\/03\/QRCODE-AVIS-GOOGLE.png\" class=\"attachment-large size-large wp-image-1123\" alt=\"\" srcset=\"https:\/\/www.sophrologue-sonia.fr\/wp-content\/uploads\/2026\/03\/QRCODE-AVIS-GOOGLE.png 132w, https:\/\/www.sophrologue-sonia.fr\/wp-content\/uploads\/2026\/03\/QRCODE-AVIS-GOOGLE-100x100.png 100w\" sizes=\"100vw\" \/>\t\t\t\t\t\t\t\t\t\t\t<figcaption class=\"widget-image-caption wp-caption-text\">QR CODE POUR AVIS GOOGLE<\/figcaption>\n\t\t\t\t\t\t\t\t\t\t<\/figure>\n\t\t\t\t\t\t\t\t\t<\/div>\n\t\t\t\t<\/div>\n\t\t<div data-particle_enable=\"false\" data-particle-mobile-disabled=\"false\" class=\"elementor-element elementor-element-df0d588 e-con-full e-flex e-con e-child\" data-id=\"df0d588\" data-element_type=\"container\" data-e-type=\"container\">\n\t\t\t\t<div class=\"elementor-element elementor-element-e7c67a1 elementor-widget elementor-widget-text-editor\" data-id=\"e7c67a1\" data-element_type=\"widget\" data-e-type=\"widget\" data-widget_type=\"text-editor.default\">\n\t\t\t\t\t\t\t\t\t<h2><img decoding=\"async\" class=\"alignnone wp-image-1105\" src=\"https:\/\/www.sophrologue-sonia.fr\/wp-content\/uploads\/2026\/03\/etoile.png\" alt=\"\" width=\"126\" height=\"22\" \/>\u00a0PARTAGEZ VOTRE EXP\u00c9RIENCE !<\/h2><p>Votre avis m&rsquo;est pr\u00e9cieux ! <br \/>Je serai ravis que vous partagiez votre exp\u00e9rience en me d\u00e9posant un avis sur Google.<\/p><p>Pour cela, il vous suffit de scanner le QRCODE ou de suivre le lien ci-dessous :<\/p><p><strong><a href=\"https:\/\/g.page\/r\/CezqVWWSHsPgEAE\/review\" target=\"_blank\" rel=\"noopener\">cliquez sur le lien pour d\u00e9poser un AVIS GOOGLE<\/a><\/strong><\/p><p>Vous souhaitez en d\u00e9poser \u00e9galement sur FACEBOOK ?<\/p><p>C&rsquo;est par ici :\u00a0 <strong><a href=\"https:\/\/www.facebook.com\/sharer\/sharer.php?u=https%3A%2F%2Fg.page%2Fr%2FCezqVWWSHsPgEAE%2Freview\" target=\"_blank\" rel=\"noopener\">Cliquez sur le lien pour d\u00e9poser un avis sur FACEBOOK<\/a><\/strong><\/p><p>Je vous remercie !<\/p><p>Sonia<\/p>\t\t\t\t\t\t\t\t<\/div>\n\t\t\t\t<\/div>\n\t\t\t\t\t<\/div>\n\t\t\t\t<\/div>\n\t\t\t\t<\/div>\n\t\t","protected":false},"excerpt":{"rendered":"<p>Votre avis compte&#8230;. QR CODE POUR AVIS GOOGLE \u00a0PARTAGEZ VOTRE EXP\u00c9RIENCE ! Votre avis m&rsquo;est pr\u00e9cieux ! Je serai ravis que vous partagiez votre exp\u00e9rience en me d\u00e9posant un avis sur Google. Pour cela, il vous suffit de scanner le QRCODE ou de suivre le lien ci-dessous : cliquez sur le lien pour d\u00e9poser un &hellip; <\/p>\n<p class=\"link-more\"><a href=\"https:\/\/www.sophrologue-sonia.fr\/index.php\/avis-clients\/\" class=\"more-link\">Continuer la lecture<span class=\"screen-reader-text\"> de &laquo;&nbsp;Avis clients&nbsp;&raquo;<\/span><\/a><\/p>\n","protected":false},"author":3,"featured_media":0,"parent":0,"menu_order":0,"comment_status":"closed","ping_status":"closed","template":"elementor_header_footer","meta":{"footnotes":""},"class_list":["post-1103","page","type-page","status-publish","hentry"],"yoast_head":"<!-- This site is optimized with the Yoast SEO plugin v27.3 - https:\/\/yoast.com\/product\/yoast-seo-wordpress\/ -->\n<title>Avis clients - Sophrologue \u00e0 Villechen\u00e8ve dans les monts du lyonnais \u2013 Sonia<\/title>\n<meta name=\"robots\" content=\"index, follow, max-snippet:-1, max-image-preview:large, max-video-preview:-1\" \/>\n<link rel=\"canonical\" href=\"https:\/\/www.sophrologue-sonia.fr\/index.php\/avis-clients\/\" \/>\n<meta property=\"og:locale\" content=\"fr_FR\" \/>\n<meta property=\"og:type\" content=\"article\" \/>\n<meta property=\"og:title\" content=\"Avis clients - Sophrologue \u00e0 Villechen\u00e8ve dans les monts du lyonnais \u2013 Sonia\" \/>\n<meta property=\"og:description\" content=\"Votre avis compte&#8230;. QR CODE POUR AVIS GOOGLE \u00a0PARTAGEZ VOTRE EXP\u00c9RIENCE ! Votre avis m&rsquo;est pr\u00e9cieux ! Je serai ravis que vous partagiez votre exp\u00e9rience en me d\u00e9posant un avis sur Google. Pour cela, il vous suffit de scanner le QRCODE ou de suivre le lien ci-dessous : cliquez sur le lien pour d\u00e9poser un &hellip; Continuer la lecture de &laquo;&nbsp;Avis clients&nbsp;&raquo;\" \/>\n<meta property=\"og:url\" content=\"https:\/\/www.sophrologue-sonia.fr\/index.php\/avis-clients\/\" \/>\n<meta property=\"og:site_name\" content=\"Sophrologue \u00e0 Villechen\u00e8ve dans les monts du lyonnais \u2013 Sonia\" \/>\n<meta property=\"article:publisher\" content=\"https:\/\/www.facebook.com\/sophrologuesonia\" \/>\n<meta property=\"article:modified_time\" content=\"2026-03-06T14:55:05+00:00\" \/>\n<meta property=\"og:image\" content=\"https:\/\/www.sophrologue-sonia.fr\/wp-content\/uploads\/2026\/03\/QRCODE-AVIS-GOOGLE.png\" \/>\n\t<meta property=\"og:image:width\" content=\"132\" \/>\n\t<meta property=\"og:image:height\" content=\"132\" \/>\n\t<meta property=\"og:image:type\" content=\"image\/png\" \/>\n<meta name=\"twitter:card\" content=\"summary_large_image\" \/>\n<meta name=\"twitter:label1\" content=\"Dur\u00e9e de lecture estim\u00e9e\" \/>\n\t<meta name=\"twitter:data1\" content=\"1 minute\" \/>\n<script type=\"application\/ld+json\" class=\"yoast-schema-graph\">{\"@context\":\"https:\\\/\\\/schema.org\",\"@graph\":[{\"@type\":\"WebPage\",\"@id\":\"https:\\\/\\\/www.sophrologue-sonia.fr\\\/index.php\\\/avis-clients\\\/\",\"url\":\"https:\\\/\\\/www.sophrologue-sonia.fr\\\/index.php\\\/avis-clients\\\/\",\"name\":\"Avis clients - Sophrologue \u00e0 Villechen\u00e8ve dans les monts du lyonnais \u2013 Sonia\",\"isPartOf\":{\"@id\":\"https:\\\/\\\/www.sophrologue-sonia.fr\\\/#website\"},\"primaryImageOfPage\":{\"@id\":\"https:\\\/\\\/www.sophrologue-sonia.fr\\\/index.php\\\/avis-clients\\\/#primaryimage\"},\"image\":{\"@id\":\"https:\\\/\\\/www.sophrologue-sonia.fr\\\/index.php\\\/avis-clients\\\/#primaryimage\"},\"thumbnailUrl\":\"https:\\\/\\\/www.sophrologue-sonia.fr\\\/wp-content\\\/uploads\\\/2026\\\/03\\\/QRCODE-AVIS-GOOGLE.png\",\"datePublished\":\"2026-03-06T09:39:34+00:00\",\"dateModified\":\"2026-03-06T14:55:05+00:00\",\"breadcrumb\":{\"@id\":\"https:\\\/\\\/www.sophrologue-sonia.fr\\\/index.php\\\/avis-clients\\\/#breadcrumb\"},\"inLanguage\":\"fr-FR\",\"potentialAction\":[{\"@type\":\"ReadAction\",\"target\":[\"https:\\\/\\\/www.sophrologue-sonia.fr\\\/index.php\\\/avis-clients\\\/\"]}]},{\"@type\":\"ImageObject\",\"inLanguage\":\"fr-FR\",\"@id\":\"https:\\\/\\\/www.sophrologue-sonia.fr\\\/index.php\\\/avis-clients\\\/#primaryimage\",\"url\":\"https:\\\/\\\/www.sophrologue-sonia.fr\\\/wp-content\\\/uploads\\\/2026\\\/03\\\/QRCODE-AVIS-GOOGLE.png\",\"contentUrl\":\"https:\\\/\\\/www.sophrologue-sonia.fr\\\/wp-content\\\/uploads\\\/2026\\\/03\\\/QRCODE-AVIS-GOOGLE.png\",\"width\":132,\"height\":132},{\"@type\":\"BreadcrumbList\",\"@id\":\"https:\\\/\\\/www.sophrologue-sonia.fr\\\/index.php\\\/avis-clients\\\/#breadcrumb\",\"itemListElement\":[{\"@type\":\"ListItem\",\"position\":1,\"name\":\"Accueil\",\"item\":\"https:\\\/\\\/www.sophrologue-sonia.fr\\\/\"},{\"@type\":\"ListItem\",\"position\":2,\"name\":\"Avis clients\"}]},{\"@type\":\"WebSite\",\"@id\":\"https:\\\/\\\/www.sophrologue-sonia.fr\\\/#website\",\"url\":\"https:\\\/\\\/www.sophrologue-sonia.fr\\\/\",\"name\":\"Sophrologue \u00e0 Villechen\u00e8ve dans les monts du lyonnais, Sonia\",\"description\":\"Votre chemin int\u00e9rieur vers l&#039;harmonie\",\"publisher\":{\"@id\":\"https:\\\/\\\/www.sophrologue-sonia.fr\\\/#organization\"},\"potentialAction\":[{\"@type\":\"SearchAction\",\"target\":{\"@type\":\"EntryPoint\",\"urlTemplate\":\"https:\\\/\\\/www.sophrologue-sonia.fr\\\/?s={search_term_string}\"},\"query-input\":{\"@type\":\"PropertyValueSpecification\",\"valueRequired\":true,\"valueName\":\"search_term_string\"}}],\"inLanguage\":\"fr-FR\"},{\"@type\":\"Organization\",\"@id\":\"https:\\\/\\\/www.sophrologue-sonia.fr\\\/#organization\",\"name\":\"Sophrologue \u00e0 Villechen\u00e8ve dans les monts du lyonnais, Sonia\",\"url\":\"https:\\\/\\\/www.sophrologue-sonia.fr\\\/\",\"logo\":{\"@type\":\"ImageObject\",\"inLanguage\":\"fr-FR\",\"@id\":\"https:\\\/\\\/www.sophrologue-sonia.fr\\\/#\\\/schema\\\/logo\\\/image\\\/\",\"url\":\"https:\\\/\\\/www.sophrologue-sonia.fr\\\/wp-content\\\/uploads\\\/2026\\\/02\\\/LOGO-SOPHROLOGUE-SONIA_avec-Baseline-transparence-scaled.png\",\"contentUrl\":\"https:\\\/\\\/www.sophrologue-sonia.fr\\\/wp-content\\\/uploads\\\/2026\\\/02\\\/LOGO-SOPHROLOGUE-SONIA_avec-Baseline-transparence-scaled.png\",\"width\":2560,\"height\":1094,\"caption\":\"Sophrologue \u00e0 Villechen\u00e8ve dans les monts du lyonnais, Sonia\"},\"image\":{\"@id\":\"https:\\\/\\\/www.sophrologue-sonia.fr\\\/#\\\/schema\\\/logo\\\/image\\\/\"},\"sameAs\":[\"https:\\\/\\\/www.facebook.com\\\/sophrologuesonia\",\"https:\\\/\\\/www.instagram.com\\\/soniaqueva.sophrologue\\\/\",\"https:\\\/\\\/www.resalib.fr\\\/praticien\\\/124432-sophrologue-sonia-sophrologue-villecheneve\",\"https:\\\/\\\/www.linkedin.com\\\/in\\\/sonia-queva-37333a3a4\\\/\"]}]}<\/script>\n<!-- \/ Yoast SEO plugin. -->","yoast_head_json":{"title":"Avis clients - Sophrologue \u00e0 Villechen\u00e8ve dans les monts du lyonnais \u2013 Sonia","robots":{"index":"index","follow":"follow","max-snippet":"max-snippet:-1","max-image-preview":"max-image-preview:large","max-video-preview":"max-video-preview:-1"},"canonical":"https:\/\/www.sophrologue-sonia.fr\/index.php\/avis-clients\/","og_locale":"fr_FR","og_type":"article","og_title":"Avis clients - Sophrologue \u00e0 Villechen\u00e8ve dans les monts du lyonnais \u2013 Sonia","og_description":"Votre avis compte&#8230;. QR CODE POUR AVIS GOOGLE \u00a0PARTAGEZ VOTRE EXP\u00c9RIENCE ! Votre avis m&rsquo;est pr\u00e9cieux ! Je serai ravis que vous partagiez votre exp\u00e9rience en me d\u00e9posant un avis sur Google. Pour cela, il vous suffit de scanner le QRCODE ou de suivre le lien ci-dessous : cliquez sur le lien pour d\u00e9poser un &hellip; Continuer la lecture de &laquo;&nbsp;Avis clients&nbsp;&raquo;","og_url":"https:\/\/www.sophrologue-sonia.fr\/index.php\/avis-clients\/","og_site_name":"Sophrologue \u00e0 Villechen\u00e8ve dans les monts du lyonnais \u2013 Sonia","article_publisher":"https:\/\/www.facebook.com\/sophrologuesonia","article_modified_time":"2026-03-06T14:55:05+00:00","og_image":[{"width":132,"height":132,"url":"https:\/\/www.sophrologue-sonia.fr\/wp-content\/uploads\/2026\/03\/QRCODE-AVIS-GOOGLE.png","type":"image\/png"}],"twitter_card":"summary_large_image","twitter_misc":{"Dur\u00e9e de lecture estim\u00e9e":"1 minute"},"schema":{"@context":"https:\/\/schema.org","@graph":[{"@type":"WebPage","@id":"https:\/\/www.sophrologue-sonia.fr\/index.php\/avis-clients\/","url":"https:\/\/www.sophrologue-sonia.fr\/index.php\/avis-clients\/","name":"Avis clients - Sophrologue \u00e0 Villechen\u00e8ve dans les monts du lyonnais \u2013 Sonia","isPartOf":{"@id":"https:\/\/www.sophrologue-sonia.fr\/#website"},"primaryImageOfPage":{"@id":"https:\/\/www.sophrologue-sonia.fr\/index.php\/avis-clients\/#primaryimage"},"image":{"@id":"https:\/\/www.sophrologue-sonia.fr\/index.php\/avis-clients\/#primaryimage"},"thumbnailUrl":"https:\/\/www.sophrologue-sonia.fr\/wp-content\/uploads\/2026\/03\/QRCODE-AVIS-GOOGLE.png","datePublished":"2026-03-06T09:39:34+00:00","dateModified":"2026-03-06T14:55:05+00:00","breadcrumb":{"@id":"https:\/\/www.sophrologue-sonia.fr\/index.php\/avis-clients\/#breadcrumb"},"inLanguage":"fr-FR","potentialAction":[{"@type":"ReadAction","target":["https:\/\/www.sophrologue-sonia.fr\/index.php\/avis-clients\/"]}]},{"@type":"ImageObject","inLanguage":"fr-FR","@id":"https:\/\/www.sophrologue-sonia.fr\/index.php\/avis-clients\/#primaryimage","url":"https:\/\/www.sophrologue-sonia.fr\/wp-content\/uploads\/2026\/03\/QRCODE-AVIS-GOOGLE.png","contentUrl":"https:\/\/www.sophrologue-sonia.fr\/wp-content\/uploads\/2026\/03\/QRCODE-AVIS-GOOGLE.png","width":132,"height":132},{"@type":"BreadcrumbList","@id":"https:\/\/www.sophrologue-sonia.fr\/index.php\/avis-clients\/#breadcrumb","itemListElement":[{"@type":"ListItem","position":1,"name":"Accueil","item":"https:\/\/www.sophrologue-sonia.fr\/"},{"@type":"ListItem","position":2,"name":"Avis clients"}]},{"@type":"WebSite","@id":"https:\/\/www.sophrologue-sonia.fr\/#website","url":"https:\/\/www.sophrologue-sonia.fr\/","name":"Sophrologue \u00e0 Villechen\u00e8ve dans les monts du lyonnais, Sonia","description":"Votre chemin int\u00e9rieur vers l&#039;harmonie","publisher":{"@id":"https:\/\/www.sophrologue-sonia.fr\/#organization"},"potentialAction":[{"@type":"SearchAction","target":{"@type":"EntryPoint","urlTemplate":"https:\/\/www.sophrologue-sonia.fr\/?s={search_term_string}"},"query-input":{"@type":"PropertyValueSpecification","valueRequired":true,"valueName":"search_term_string"}}],"inLanguage":"fr-FR"},{"@type":"Organization","@id":"https:\/\/www.sophrologue-sonia.fr\/#organization","name":"Sophrologue \u00e0 Villechen\u00e8ve dans les monts du lyonnais, Sonia","url":"https:\/\/www.sophrologue-sonia.fr\/","logo":{"@type":"ImageObject","inLanguage":"fr-FR","@id":"https:\/\/www.sophrologue-sonia.fr\/#\/schema\/logo\/image\/","url":"https:\/\/www.sophrologue-sonia.fr\/wp-content\/uploads\/2026\/02\/LOGO-SOPHROLOGUE-SONIA_avec-Baseline-transparence-scaled.png","contentUrl":"https:\/\/www.sophrologue-sonia.fr\/wp-content\/uploads\/2026\/02\/LOGO-SOPHROLOGUE-SONIA_avec-Baseline-transparence-scaled.png","width":2560,"height":1094,"caption":"Sophrologue \u00e0 Villechen\u00e8ve dans les monts du lyonnais, Sonia"},"image":{"@id":"https:\/\/www.sophrologue-sonia.fr\/#\/schema\/logo\/image\/"},"sameAs":["https:\/\/www.facebook.com\/sophrologuesonia","https:\/\/www.instagram.com\/soniaqueva.sophrologue\/","https:\/\/www.resalib.fr\/praticien\/124432-sophrologue-sonia-sophrologue-villecheneve","https:\/\/www.linkedin.com\/in\/sonia-queva-37333a3a4\/"]}]}},"_links":{"self":[{"href":"https:\/\/www.sophrologue-sonia.fr\/index.php\/wp-json\/wp\/v2\/pages\/1103","targetHints":{"allow":["GET"]}}],"collection":[{"href":"https:\/\/www.sophrologue-sonia.fr\/index.php\/wp-json\/wp\/v2\/pages"}],"about":[{"href":"https:\/\/www.sophrologue-sonia.fr\/index.php\/wp-json\/wp\/v2\/types\/page"}],"author":[{"embeddable":true,"href":"https:\/\/www.sophrologue-sonia.fr\/index.php\/wp-json\/wp\/v2\/users\/3"}],"replies":[{"embeddable":true,"href":"https:\/\/www.sophrologue-sonia.fr\/index.php\/wp-json\/wp\/v2\/comments?post=1103"}],"version-history":[{"count":28,"href":"https:\/\/www.sophrologue-sonia.fr\/index.php\/wp-json\/wp\/v2\/pages\/1103\/revisions"}],"predecessor-version":[{"id":1142,"href":"https:\/\/www.sophrologue-sonia.fr\/index.php\/wp-json\/wp\/v2\/pages\/1103\/revisions\/1142"}],"wp:attachment":[{"href":"https:\/\/www.sophrologue-sonia.fr\/index.php\/wp-json\/wp\/v2\/media?parent=1103"}],"curies":[{"name":"wp","href":"https:\/\/api.w.org\/{rel}","templated":true}]}}