{"id":190,"date":"2026-02-11T14:30:41","date_gmt":"2026-02-11T14:30:41","guid":{"rendered":"https:\/\/sophrologue-sonia.fr\/?page_id=190"},"modified":"2026-03-16T14:36:04","modified_gmt":"2026-03-16T14:36:04","slug":"pour-quels-besoins-pouvez-vous-me-consulter-et-quels-benefices-pouvez-vous-en-attendre","status":"publish","type":"page","link":"https:\/\/www.sophrologue-sonia.fr\/index.php\/pour-quels-besoins-pouvez-vous-me-consulter-et-quels-benefices-pouvez-vous-en-attendre\/","title":{"rendered":"Les besoins et les b\u00e9n\u00e9fices ?"},"content":{"rendered":"\t\t<div data-elementor-type=\"wp-page\" data-elementor-id=\"190\" class=\"elementor elementor-190\" data-elementor-post-type=\"page\">\n\t\t\t\t<div data-particle_enable=\"false\" data-particle-mobile-disabled=\"false\" class=\"elementor-element elementor-element-531931c9 e-flex e-con-boxed e-con e-parent\" data-id=\"531931c9\" data-element_type=\"container\" data-e-type=\"container\">\n\t\t\t\t\t<div class=\"e-con-inner\">\n\t\t\t\t<div class=\"elementor-element elementor-element-2582e865 elementor-widget elementor-widget-text-editor\" data-id=\"2582e865\" data-element_type=\"widget\" data-e-type=\"widget\" data-widget_type=\"text-editor.default\">\n\t\t\t\t\t\t\t\t\t<h2><strong>Pour quels besoins me consulter ?<\/strong><\/h2><p data-start=\"176\" data-end=\"218\">Vous pouvez choisir de\u00a0 me consulter lorsque :<\/p><p data-start=\"220\" data-end=\"564\">&#8211; Le stress devient envahissant<br data-start=\"251\" data-end=\"254\" \/>&#8211; Le sommeil se fragilise ou se d\u00e9r\u00e8gle<br data-start=\"293\" data-end=\"296\" \/>&#8211; Une fatigue persistante s\u2019installe<br data-start=\"332\" data-end=\"335\" \/>&#8211; La confiance en vous s\u2019effrite<br data-start=\"367\" data-end=\"370\" \/>&#8211; Une p\u00e9riode de transition (personnelle, familiale ou professionnelle) n\u00e9cessite un nouvel \u00e9quilibre<\/p><p data-start=\"220\" data-end=\"564\">&#8211; Un objectif personnel ou sportif demande pr\u00e9paration mentale, concentration et ancrage<\/p><p data-start=\"220\" data-end=\"564\">&#8211; Une perte de rep\u00e8res, un besoin de se reconnecter \u00e0 soi<\/p><p>Chaque accompagnement est pens\u00e9 dans une logique de progression, afin d\u2019agir en profondeur et non de mani\u00e8re superficielle.<\/p><p><!-- \/wp:paragraph --><\/p>\t\t\t\t\t\t\t\t<\/div>\n\t\t\t\t\t<\/div>\n\t\t\t\t<\/div>\n\t\t<div data-particle_enable=\"false\" data-particle-mobile-disabled=\"false\" class=\"elementor-element elementor-element-818cb97 e-flex e-con-boxed e-con e-parent\" data-id=\"818cb97\" data-element_type=\"container\" data-e-type=\"container\">\n\t\t\t\t\t<div class=\"e-con-inner\">\n\t\t\t\t<div class=\"elementor-element elementor-element-392f038 elementor-widget elementor-widget-text-editor\" data-id=\"392f038\" data-element_type=\"widget\" data-e-type=\"widget\" data-widget_type=\"text-editor.default\">\n\t\t\t\t\t\t\t\t\t<h2 data-start=\"696\" data-end=\"741\"><span style=\"color: #808080;\"><strong>Quels b\u00e9n\u00e9fices en attendre ?<\/strong><\/span><\/h2><p data-start=\"743\" data-end=\"792\">Au fil des s\u00e9ances, vous pouvez progressivement :<\/p><p data-start=\"794\" data-end=\"1049\">&#8211; Apaiser le mental et retrouver un calme int\u00e9rieur durable<br data-start=\"853\" data-end=\"856\" \/>&#8211; Mieux comprendre et accueillir vos ressentis<br data-start=\"902\" data-end=\"905\" \/>&#8211; R\u00e9guler plus sereinement vos \u00e9motions<br data-start=\"944\" data-end=\"947\" \/>&#8211; Renforcer votre confiance et votre stabilit\u00e9 int\u00e9rieure<br data-start=\"1004\" data-end=\"1007\" \/>&#8211; Vous sentir plus align\u00e9 avec vous-m\u00eame, \u00eatre reconnect\u00e9 \u00e0 vos valeurs<\/p><p data-start=\"1051\" data-end=\"1225\">L\u2019objectif est \u00e9galement de vous transmettre des techniques simples, concr\u00e8tes et reproductibles, pour que vous puissiez les utiliser en toute autonomie dans votre quotidien.<\/p><hr data-start=\"1227\" data-end=\"1230\" \/><h3 data-start=\"1232\" data-end=\"1295\"><strong data-start=\"1232\" data-end=\"1295\" data-is-last-node=\"\">Votre chemin int\u00e9rieur vers plus d\u2019\u00e9quilibre et d\u2019harmonie.<\/strong><\/h3>\t\t\t\t\t\t\t\t<\/div>\n\t\t\t\t\t<\/div>\n\t\t\t\t<\/div>\n\t\t\t\t<\/div>\n\t\t","protected":false},"excerpt":{"rendered":"<p>Pour quels besoins me consulter ? Vous pouvez choisir de\u00a0 me consulter lorsque : &#8211; Le stress devient envahissant&#8211; Le sommeil se fragilise ou se d\u00e9r\u00e8gle&#8211; Une fatigue persistante s\u2019installe&#8211; La confiance en vous s\u2019effrite&#8211; Une p\u00e9riode de transition (personnelle, familiale ou professionnelle) n\u00e9cessite un nouvel \u00e9quilibre &#8211; Un objectif personnel ou sportif demande pr\u00e9paration &hellip; <\/p>\n<p class=\"link-more\"><a href=\"https:\/\/www.sophrologue-sonia.fr\/index.php\/pour-quels-besoins-pouvez-vous-me-consulter-et-quels-benefices-pouvez-vous-en-attendre\/\" class=\"more-link\">Continuer la lecture<span class=\"screen-reader-text\"> de &laquo;&nbsp;Les besoins et les b\u00e9n\u00e9fices ?&nbsp;&raquo;<\/span><\/a><\/p>\n","protected":false},"author":3,"featured_media":1421,"parent":0,"menu_order":0,"comment_status":"closed","ping_status":"closed","template":"","meta":{"footnotes":""},"class_list":["post-190","page","type-page","status-publish","has-post-thumbnail","hentry"],"yoast_head":"<!-- This site is optimized with the Yoast SEO plugin v27.3 - https:\/\/yoast.com\/product\/yoast-seo-wordpress\/ -->\n<title>Les besoins et les b\u00e9n\u00e9fices ? - Sophrologue \u00e0 Villechen\u00e8ve dans les monts du lyonnais \u2013 Sonia<\/title>\n<meta name=\"robots\" content=\"index, follow, max-snippet:-1, max-image-preview:large, max-video-preview:-1\" \/>\n<link rel=\"canonical\" href=\"https:\/\/www.sophrologue-sonia.fr\/index.php\/pour-quels-besoins-pouvez-vous-me-consulter-et-quels-benefices-pouvez-vous-en-attendre\/\" \/>\n<meta property=\"og:locale\" content=\"fr_FR\" \/>\n<meta property=\"og:type\" content=\"article\" \/>\n<meta property=\"og:title\" content=\"Les besoins et les b\u00e9n\u00e9fices ? - Sophrologue \u00e0 Villechen\u00e8ve dans les monts du lyonnais \u2013 Sonia\" \/>\n<meta property=\"og:description\" content=\"Pour quels besoins me consulter ? Vous pouvez choisir de\u00a0 me consulter lorsque : &#8211; Le stress devient envahissant&#8211; Le sommeil se fragilise ou se d\u00e9r\u00e8gle&#8211; Une fatigue persistante s\u2019installe&#8211; La confiance en vous s\u2019effrite&#8211; Une p\u00e9riode de transition (personnelle, familiale ou professionnelle) n\u00e9cessite un nouvel \u00e9quilibre &#8211; Un objectif personnel ou sportif demande pr\u00e9paration &hellip; Continuer la lecture de &laquo;&nbsp;Les besoins et les b\u00e9n\u00e9fices ?&nbsp;&raquo;\" \/>\n<meta property=\"og:url\" content=\"https:\/\/www.sophrologue-sonia.fr\/index.php\/pour-quels-besoins-pouvez-vous-me-consulter-et-quels-benefices-pouvez-vous-en-attendre\/\" \/>\n<meta property=\"og:site_name\" content=\"Sophrologue \u00e0 Villechen\u00e8ve dans les monts du lyonnais \u2013 Sonia\" \/>\n<meta property=\"article:publisher\" content=\"https:\/\/www.facebook.com\/sophrologuesonia\" \/>\n<meta property=\"article:modified_time\" content=\"2026-03-16T14:36:04+00:00\" \/>\n<meta property=\"og:image\" content=\"https:\/\/www.sophrologue-sonia.fr\/wp-content\/uploads\/2026\/03\/photos-site-sonia-sophrologue-villecheneve-montsdulyonnais-rhone-69-1900-1264-pourquoi-consulter_en_sophrologie-benefices.jpg\" \/>\n\t<meta property=\"og:image:width\" content=\"1900\" \/>\n\t<meta property=\"og:image:height\" content=\"1264\" \/>\n\t<meta property=\"og:image:type\" content=\"image\/jpeg\" \/>\n<meta name=\"twitter:card\" content=\"summary_large_image\" \/>\n<meta name=\"twitter:label1\" content=\"Dur\u00e9e de lecture estim\u00e9e\" \/>\n\t<meta name=\"twitter:data1\" content=\"1 minute\" \/>\n<script type=\"application\/ld+json\" class=\"yoast-schema-graph\">{\"@context\":\"https:\\\/\\\/schema.org\",\"@graph\":[{\"@type\":\"WebPage\",\"@id\":\"https:\\\/\\\/www.sophrologue-sonia.fr\\\/index.php\\\/pour-quels-besoins-pouvez-vous-me-consulter-et-quels-benefices-pouvez-vous-en-attendre\\\/\",\"url\":\"https:\\\/\\\/www.sophrologue-sonia.fr\\\/index.php\\\/pour-quels-besoins-pouvez-vous-me-consulter-et-quels-benefices-pouvez-vous-en-attendre\\\/\",\"name\":\"Les besoins et les b\u00e9n\u00e9fices ? - Sophrologue \u00e0 Villechen\u00e8ve dans les monts du lyonnais \u2013 Sonia\",\"isPartOf\":{\"@id\":\"https:\\\/\\\/www.sophrologue-sonia.fr\\\/#website\"},\"primaryImageOfPage\":{\"@id\":\"https:\\\/\\\/www.sophrologue-sonia.fr\\\/index.php\\\/pour-quels-besoins-pouvez-vous-me-consulter-et-quels-benefices-pouvez-vous-en-attendre\\\/#primaryimage\"},\"image\":{\"@id\":\"https:\\\/\\\/www.sophrologue-sonia.fr\\\/index.php\\\/pour-quels-besoins-pouvez-vous-me-consulter-et-quels-benefices-pouvez-vous-en-attendre\\\/#primaryimage\"},\"thumbnailUrl\":\"https:\\\/\\\/www.sophrologue-sonia.fr\\\/wp-content\\\/uploads\\\/2026\\\/03\\\/photos-site-sonia-sophrologue-villecheneve-montsdulyonnais-rhone-69-1900-1264-pourquoi-consulter_en_sophrologie-benefices.jpg\",\"datePublished\":\"2026-02-11T14:30:41+00:00\",\"dateModified\":\"2026-03-16T14:36:04+00:00\",\"breadcrumb\":{\"@id\":\"https:\\\/\\\/www.sophrologue-sonia.fr\\\/index.php\\\/pour-quels-besoins-pouvez-vous-me-consulter-et-quels-benefices-pouvez-vous-en-attendre\\\/#breadcrumb\"},\"inLanguage\":\"fr-FR\",\"potentialAction\":[{\"@type\":\"ReadAction\",\"target\":[\"https:\\\/\\\/www.sophrologue-sonia.fr\\\/index.php\\\/pour-quels-besoins-pouvez-vous-me-consulter-et-quels-benefices-pouvez-vous-en-attendre\\\/\"]}]},{\"@type\":\"ImageObject\",\"inLanguage\":\"fr-FR\",\"@id\":\"https:\\\/\\\/www.sophrologue-sonia.fr\\\/index.php\\\/pour-quels-besoins-pouvez-vous-me-consulter-et-quels-benefices-pouvez-vous-en-attendre\\\/#primaryimage\",\"url\":\"https:\\\/\\\/www.sophrologue-sonia.fr\\\/wp-content\\\/uploads\\\/2026\\\/03\\\/photos-site-sonia-sophrologue-villecheneve-montsdulyonnais-rhone-69-1900-1264-pourquoi-consulter_en_sophrologie-benefices.jpg\",\"contentUrl\":\"https:\\\/\\\/www.sophrologue-sonia.fr\\\/wp-content\\\/uploads\\\/2026\\\/03\\\/photos-site-sonia-sophrologue-villecheneve-montsdulyonnais-rhone-69-1900-1264-pourquoi-consulter_en_sophrologie-benefices.jpg\",\"width\":1900,\"height\":1264},{\"@type\":\"BreadcrumbList\",\"@id\":\"https:\\\/\\\/www.sophrologue-sonia.fr\\\/index.php\\\/pour-quels-besoins-pouvez-vous-me-consulter-et-quels-benefices-pouvez-vous-en-attendre\\\/#breadcrumb\",\"itemListElement\":[{\"@type\":\"ListItem\",\"position\":1,\"name\":\"Accueil\",\"item\":\"https:\\\/\\\/www.sophrologue-sonia.fr\\\/\"},{\"@type\":\"ListItem\",\"position\":2,\"name\":\"Les besoins et les b\u00e9n\u00e9fices ?\"}]},{\"@type\":\"WebSite\",\"@id\":\"https:\\\/\\\/www.sophrologue-sonia.fr\\\/#website\",\"url\":\"https:\\\/\\\/www.sophrologue-sonia.fr\\\/\",\"name\":\"Sophrologue \u00e0 Villechen\u00e8ve dans les monts du lyonnais, Sonia\",\"description\":\"Votre chemin int\u00e9rieur vers l&#039;harmonie\",\"publisher\":{\"@id\":\"https:\\\/\\\/www.sophrologue-sonia.fr\\\/#organization\"},\"potentialAction\":[{\"@type\":\"SearchAction\",\"target\":{\"@type\":\"EntryPoint\",\"urlTemplate\":\"https:\\\/\\\/www.sophrologue-sonia.fr\\\/?s={search_term_string}\"},\"query-input\":{\"@type\":\"PropertyValueSpecification\",\"valueRequired\":true,\"valueName\":\"search_term_string\"}}],\"inLanguage\":\"fr-FR\"},{\"@type\":\"Organization\",\"@id\":\"https:\\\/\\\/www.sophrologue-sonia.fr\\\/#organization\",\"name\":\"Sophrologue \u00e0 Villechen\u00e8ve dans les monts du lyonnais, Sonia\",\"url\":\"https:\\\/\\\/www.sophrologue-sonia.fr\\\/\",\"logo\":{\"@type\":\"ImageObject\",\"inLanguage\":\"fr-FR\",\"@id\":\"https:\\\/\\\/www.sophrologue-sonia.fr\\\/#\\\/schema\\\/logo\\\/image\\\/\",\"url\":\"https:\\\/\\\/www.sophrologue-sonia.fr\\\/wp-content\\\/uploads\\\/2026\\\/02\\\/LOGO-SOPHROLOGUE-SONIA_avec-Baseline-transparence-scaled.png\",\"contentUrl\":\"https:\\\/\\\/www.sophrologue-sonia.fr\\\/wp-content\\\/uploads\\\/2026\\\/02\\\/LOGO-SOPHROLOGUE-SONIA_avec-Baseline-transparence-scaled.png\",\"width\":2560,\"height\":1094,\"caption\":\"Sophrologue \u00e0 Villechen\u00e8ve dans les monts du lyonnais, Sonia\"},\"image\":{\"@id\":\"https:\\\/\\\/www.sophrologue-sonia.fr\\\/#\\\/schema\\\/logo\\\/image\\\/\"},\"sameAs\":[\"https:\\\/\\\/www.facebook.com\\\/sophrologuesonia\",\"https:\\\/\\\/www.instagram.com\\\/soniaqueva.sophrologue\\\/\",\"https:\\\/\\\/www.resalib.fr\\\/praticien\\\/124432-sophrologue-sonia-sophrologue-villecheneve\",\"https:\\\/\\\/www.linkedin.com\\\/in\\\/sonia-queva-37333a3a4\\\/\"]}]}<\/script>\n<!-- \/ Yoast SEO plugin. -->","yoast_head_json":{"title":"Les besoins et les b\u00e9n\u00e9fices ? - Sophrologue \u00e0 Villechen\u00e8ve dans les monts du lyonnais \u2013 Sonia","robots":{"index":"index","follow":"follow","max-snippet":"max-snippet:-1","max-image-preview":"max-image-preview:large","max-video-preview":"max-video-preview:-1"},"canonical":"https:\/\/www.sophrologue-sonia.fr\/index.php\/pour-quels-besoins-pouvez-vous-me-consulter-et-quels-benefices-pouvez-vous-en-attendre\/","og_locale":"fr_FR","og_type":"article","og_title":"Les besoins et les b\u00e9n\u00e9fices ? - Sophrologue \u00e0 Villechen\u00e8ve dans les monts du lyonnais \u2013 Sonia","og_description":"Pour quels besoins me consulter ? Vous pouvez choisir de\u00a0 me consulter lorsque : &#8211; Le stress devient envahissant&#8211; Le sommeil se fragilise ou se d\u00e9r\u00e8gle&#8211; Une fatigue persistante s\u2019installe&#8211; La confiance en vous s\u2019effrite&#8211; Une p\u00e9riode de transition (personnelle, familiale ou professionnelle) n\u00e9cessite un nouvel \u00e9quilibre &#8211; Un objectif personnel ou sportif demande pr\u00e9paration &hellip; Continuer la lecture de &laquo;&nbsp;Les besoins et les b\u00e9n\u00e9fices ?&nbsp;&raquo;","og_url":"https:\/\/www.sophrologue-sonia.fr\/index.php\/pour-quels-besoins-pouvez-vous-me-consulter-et-quels-benefices-pouvez-vous-en-attendre\/","og_site_name":"Sophrologue \u00e0 Villechen\u00e8ve dans les monts du lyonnais \u2013 Sonia","article_publisher":"https:\/\/www.facebook.com\/sophrologuesonia","article_modified_time":"2026-03-16T14:36:04+00:00","og_image":[{"width":1900,"height":1264,"url":"https:\/\/www.sophrologue-sonia.fr\/wp-content\/uploads\/2026\/03\/photos-site-sonia-sophrologue-villecheneve-montsdulyonnais-rhone-69-1900-1264-pourquoi-consulter_en_sophrologie-benefices.jpg","type":"image\/jpeg"}],"twitter_card":"summary_large_image","twitter_misc":{"Dur\u00e9e de lecture estim\u00e9e":"1 minute"},"schema":{"@context":"https:\/\/schema.org","@graph":[{"@type":"WebPage","@id":"https:\/\/www.sophrologue-sonia.fr\/index.php\/pour-quels-besoins-pouvez-vous-me-consulter-et-quels-benefices-pouvez-vous-en-attendre\/","url":"https:\/\/www.sophrologue-sonia.fr\/index.php\/pour-quels-besoins-pouvez-vous-me-consulter-et-quels-benefices-pouvez-vous-en-attendre\/","name":"Les besoins et les b\u00e9n\u00e9fices ? - Sophrologue \u00e0 Villechen\u00e8ve dans les monts du lyonnais \u2013 Sonia","isPartOf":{"@id":"https:\/\/www.sophrologue-sonia.fr\/#website"},"primaryImageOfPage":{"@id":"https:\/\/www.sophrologue-sonia.fr\/index.php\/pour-quels-besoins-pouvez-vous-me-consulter-et-quels-benefices-pouvez-vous-en-attendre\/#primaryimage"},"image":{"@id":"https:\/\/www.sophrologue-sonia.fr\/index.php\/pour-quels-besoins-pouvez-vous-me-consulter-et-quels-benefices-pouvez-vous-en-attendre\/#primaryimage"},"thumbnailUrl":"https:\/\/www.sophrologue-sonia.fr\/wp-content\/uploads\/2026\/03\/photos-site-sonia-sophrologue-villecheneve-montsdulyonnais-rhone-69-1900-1264-pourquoi-consulter_en_sophrologie-benefices.jpg","datePublished":"2026-02-11T14:30:41+00:00","dateModified":"2026-03-16T14:36:04+00:00","breadcrumb":{"@id":"https:\/\/www.sophrologue-sonia.fr\/index.php\/pour-quels-besoins-pouvez-vous-me-consulter-et-quels-benefices-pouvez-vous-en-attendre\/#breadcrumb"},"inLanguage":"fr-FR","potentialAction":[{"@type":"ReadAction","target":["https:\/\/www.sophrologue-sonia.fr\/index.php\/pour-quels-besoins-pouvez-vous-me-consulter-et-quels-benefices-pouvez-vous-en-attendre\/"]}]},{"@type":"ImageObject","inLanguage":"fr-FR","@id":"https:\/\/www.sophrologue-sonia.fr\/index.php\/pour-quels-besoins-pouvez-vous-me-consulter-et-quels-benefices-pouvez-vous-en-attendre\/#primaryimage","url":"https:\/\/www.sophrologue-sonia.fr\/wp-content\/uploads\/2026\/03\/photos-site-sonia-sophrologue-villecheneve-montsdulyonnais-rhone-69-1900-1264-pourquoi-consulter_en_sophrologie-benefices.jpg","contentUrl":"https:\/\/www.sophrologue-sonia.fr\/wp-content\/uploads\/2026\/03\/photos-site-sonia-sophrologue-villecheneve-montsdulyonnais-rhone-69-1900-1264-pourquoi-consulter_en_sophrologie-benefices.jpg","width":1900,"height":1264},{"@type":"BreadcrumbList","@id":"https:\/\/www.sophrologue-sonia.fr\/index.php\/pour-quels-besoins-pouvez-vous-me-consulter-et-quels-benefices-pouvez-vous-en-attendre\/#breadcrumb","itemListElement":[{"@type":"ListItem","position":1,"name":"Accueil","item":"https:\/\/www.sophrologue-sonia.fr\/"},{"@type":"ListItem","position":2,"name":"Les besoins et les b\u00e9n\u00e9fices ?"}]},{"@type":"WebSite","@id":"https:\/\/www.sophrologue-sonia.fr\/#website","url":"https:\/\/www.sophrologue-sonia.fr\/","name":"Sophrologue \u00e0 Villechen\u00e8ve dans les monts du lyonnais, Sonia","description":"Votre chemin int\u00e9rieur vers l&#039;harmonie","publisher":{"@id":"https:\/\/www.sophrologue-sonia.fr\/#organization"},"potentialAction":[{"@type":"SearchAction","target":{"@type":"EntryPoint","urlTemplate":"https:\/\/www.sophrologue-sonia.fr\/?s={search_term_string}"},"query-input":{"@type":"PropertyValueSpecification","valueRequired":true,"valueName":"search_term_string"}}],"inLanguage":"fr-FR"},{"@type":"Organization","@id":"https:\/\/www.sophrologue-sonia.fr\/#organization","name":"Sophrologue \u00e0 Villechen\u00e8ve dans les monts du lyonnais, Sonia","url":"https:\/\/www.sophrologue-sonia.fr\/","logo":{"@type":"ImageObject","inLanguage":"fr-FR","@id":"https:\/\/www.sophrologue-sonia.fr\/#\/schema\/logo\/image\/","url":"https:\/\/www.sophrologue-sonia.fr\/wp-content\/uploads\/2026\/02\/LOGO-SOPHROLOGUE-SONIA_avec-Baseline-transparence-scaled.png","contentUrl":"https:\/\/www.sophrologue-sonia.fr\/wp-content\/uploads\/2026\/02\/LOGO-SOPHROLOGUE-SONIA_avec-Baseline-transparence-scaled.png","width":2560,"height":1094,"caption":"Sophrologue \u00e0 Villechen\u00e8ve dans les monts du lyonnais, Sonia"},"image":{"@id":"https:\/\/www.sophrologue-sonia.fr\/#\/schema\/logo\/image\/"},"sameAs":["https:\/\/www.facebook.com\/sophrologuesonia","https:\/\/www.instagram.com\/soniaqueva.sophrologue\/","https:\/\/www.resalib.fr\/praticien\/124432-sophrologue-sonia-sophrologue-villecheneve","https:\/\/www.linkedin.com\/in\/sonia-queva-37333a3a4\/"]}]}},"_links":{"self":[{"href":"https:\/\/www.sophrologue-sonia.fr\/index.php\/wp-json\/wp\/v2\/pages\/190","targetHints":{"allow":["GET"]}}],"collection":[{"href":"https:\/\/www.sophrologue-sonia.fr\/index.php\/wp-json\/wp\/v2\/pages"}],"about":[{"href":"https:\/\/www.sophrologue-sonia.fr\/index.php\/wp-json\/wp\/v2\/types\/page"}],"author":[{"embeddable":true,"href":"https:\/\/www.sophrologue-sonia.fr\/index.php\/wp-json\/wp\/v2\/users\/3"}],"replies":[{"embeddable":true,"href":"https:\/\/www.sophrologue-sonia.fr\/index.php\/wp-json\/wp\/v2\/comments?post=190"}],"version-history":[{"count":40,"href":"https:\/\/www.sophrologue-sonia.fr\/index.php\/wp-json\/wp\/v2\/pages\/190\/revisions"}],"predecessor-version":[{"id":1469,"href":"https:\/\/www.sophrologue-sonia.fr\/index.php\/wp-json\/wp\/v2\/pages\/190\/revisions\/1469"}],"wp:featuredmedia":[{"embeddable":true,"href":"https:\/\/www.sophrologue-sonia.fr\/index.php\/wp-json\/wp\/v2\/media\/1421"}],"wp:attachment":[{"href":"https:\/\/www.sophrologue-sonia.fr\/index.php\/wp-json\/wp\/v2\/media?parent=190"}],"curies":[{"name":"wp","href":"https:\/\/api.w.org\/{rel}","templated":true}]}}