{"id":26,"date":"2026-02-03T18:44:03","date_gmt":"2026-02-03T18:44:03","guid":{"rendered":"https:\/\/sophrologue-sonia.fr\/?page_id=26"},"modified":"2026-02-14T09:38:15","modified_gmt":"2026-02-14T09:38:15","slug":"pourquoi-consulter-en-sophrologie","status":"publish","type":"page","link":"https:\/\/www.sophrologue-sonia.fr\/index.php\/pourquoi-consulter-en-sophrologie\/","title":{"rendered":"Pourquoi consulter en sophrologie ?"},"content":{"rendered":"\t\t<div data-elementor-type=\"wp-page\" data-elementor-id=\"26\" class=\"elementor elementor-26\" data-elementor-post-type=\"page\">\n\t\t\t\t<div data-particle_enable=\"false\" data-particle-mobile-disabled=\"false\" class=\"elementor-element elementor-element-7aa1fd15 e-con-full e-flex e-con e-parent\" data-id=\"7aa1fd15\" data-element_type=\"container\" data-e-type=\"container\" data-settings=\"{&quot;background_background&quot;:&quot;classic&quot;}\">\n\t\t\t\t<div class=\"elementor-element elementor-element-45b838d8 elementor-widget elementor-widget-text-editor\" data-id=\"45b838d8\" data-element_type=\"widget\" data-e-type=\"widget\" data-widget_type=\"text-editor.default\">\n\t\t\t\t\t\t\t\t\t<h2 data-start=\"1530\" data-end=\"1564\"><strong>La sophrologie peut vous aider \u00e0 :<\/strong><\/h2><ul data-start=\"1565\" data-end=\"1922\"><li data-start=\"1565\" data-end=\"1616\"><p data-start=\"1567\" data-end=\"1616\">mieux g\u00e9rer le stress et l\u2019anxi\u00e9t\u00e9 du quotidien<\/p><\/li><li data-start=\"1565\" data-end=\"1616\"><p data-start=\"1567\" data-end=\"1616\">am\u00e9liorer la qualit\u00e9 du sommeil<\/p><\/li><li data-start=\"1653\" data-end=\"1705\"><p data-start=\"1655\" data-end=\"1705\">renforcer la confiance en soi et l\u2019estime de soi<\/p><\/li><li data-start=\"1706\" data-end=\"1782\"><p data-start=\"1708\" data-end=\"1782\">traverser une p\u00e9riode de changement (personnel, professionnel, familial)<\/p><\/li><li data-start=\"1783\" data-end=\"1870\"><p data-start=\"1785\" data-end=\"1870\">pr\u00e9parer un \u00e9v\u00e9nement (examen, prise de parole, comp\u00e9tition, intervention m\u00e9dicale)<\/p><\/li><li data-start=\"1871\" data-end=\"1922\"><p data-start=\"1873\" data-end=\"1922\">d\u00e9velopper concentration, r\u00e9cup\u00e9ration et \u00e9nergie<\/p><\/li><\/ul><p data-start=\"1924\" data-end=\"2082\"><strong>Chaque accompagnement est construit autour de vos besoins : vous repartez avec des exercices simples \u00e0 reproduire entre les s\u00e9ances pour ancrer les b\u00e9n\u00e9fices.<\/strong><\/p>\t\t\t\t\t\t\t\t<\/div>\n\t\t\t\t<\/div>\n\t\t\t\t<\/div>\n\t\t","protected":false},"excerpt":{"rendered":"<p>La sophrologie peut vous aider \u00e0 : mieux g\u00e9rer le stress et l\u2019anxi\u00e9t\u00e9 du quotidien am\u00e9liorer la qualit\u00e9 du sommeil renforcer la confiance en soi et l\u2019estime de soi traverser une p\u00e9riode de changement (personnel, professionnel, familial) pr\u00e9parer un \u00e9v\u00e9nement (examen, prise de parole, comp\u00e9tition, intervention m\u00e9dicale) d\u00e9velopper concentration, r\u00e9cup\u00e9ration et \u00e9nergie Chaque accompagnement est &hellip; <\/p>\n<p class=\"link-more\"><a href=\"https:\/\/www.sophrologue-sonia.fr\/index.php\/pourquoi-consulter-en-sophrologie\/\" class=\"more-link\">Continuer la lecture<span class=\"screen-reader-text\"> de &laquo;&nbsp;Pourquoi consulter en sophrologie ?&nbsp;&raquo;<\/span><\/a><\/p>\n","protected":false},"author":3,"featured_media":189,"parent":0,"menu_order":0,"comment_status":"closed","ping_status":"closed","template":"","meta":{"footnotes":""},"class_list":["post-26","page","type-page","status-publish","has-post-thumbnail","hentry"],"yoast_head":"<!-- This site is optimized with the Yoast SEO plugin v27.3 - https:\/\/yoast.com\/product\/yoast-seo-wordpress\/ -->\n<title>Pourquoi consulter en sophrologie ? - Sophrologue \u00e0 Villechen\u00e8ve dans les monts du lyonnais \u2013 Sonia<\/title>\n<meta name=\"robots\" content=\"index, follow, max-snippet:-1, max-image-preview:large, max-video-preview:-1\" \/>\n<link rel=\"canonical\" href=\"https:\/\/www.sophrologue-sonia.fr\/index.php\/pourquoi-consulter-en-sophrologie\/\" \/>\n<meta property=\"og:locale\" content=\"fr_FR\" \/>\n<meta property=\"og:type\" content=\"article\" \/>\n<meta property=\"og:title\" content=\"Pourquoi consulter en sophrologie ? - Sophrologue \u00e0 Villechen\u00e8ve dans les monts du lyonnais \u2013 Sonia\" \/>\n<meta property=\"og:description\" content=\"La sophrologie peut vous aider \u00e0 : mieux g\u00e9rer le stress et l\u2019anxi\u00e9t\u00e9 du quotidien am\u00e9liorer la qualit\u00e9 du sommeil renforcer la confiance en soi et l\u2019estime de soi traverser une p\u00e9riode de changement (personnel, professionnel, familial) pr\u00e9parer un \u00e9v\u00e9nement (examen, prise de parole, comp\u00e9tition, intervention m\u00e9dicale) d\u00e9velopper concentration, r\u00e9cup\u00e9ration et \u00e9nergie Chaque accompagnement est &hellip; Continuer la lecture de &laquo;&nbsp;Pourquoi consulter en sophrologie ?&nbsp;&raquo;\" \/>\n<meta property=\"og:url\" content=\"https:\/\/www.sophrologue-sonia.fr\/index.php\/pourquoi-consulter-en-sophrologie\/\" \/>\n<meta property=\"og:site_name\" content=\"Sophrologue \u00e0 Villechen\u00e8ve dans les monts du lyonnais \u2013 Sonia\" \/>\n<meta property=\"article:publisher\" content=\"https:\/\/www.facebook.com\/sophrologuesonia\" \/>\n<meta property=\"article:modified_time\" content=\"2026-02-14T09:38:15+00:00\" \/>\n<meta property=\"og:image\" content=\"https:\/\/www.sophrologue-sonia.fr\/wp-content\/uploads\/2026\/02\/photos-site-sonia-sophrologue-villecheneve-montsdulyonnais-rhone-69-1900-1264-pourquoi-consulter_en_sophrologie.jpg\" \/>\n\t<meta property=\"og:image:width\" content=\"1900\" \/>\n\t<meta property=\"og:image:height\" content=\"1264\" \/>\n\t<meta property=\"og:image:type\" content=\"image\/jpeg\" \/>\n<meta name=\"twitter:card\" content=\"summary_large_image\" \/>\n<script type=\"application\/ld+json\" class=\"yoast-schema-graph\">{\"@context\":\"https:\\\/\\\/schema.org\",\"@graph\":[{\"@type\":\"WebPage\",\"@id\":\"https:\\\/\\\/www.sophrologue-sonia.fr\\\/index.php\\\/pourquoi-consulter-en-sophrologie\\\/\",\"url\":\"https:\\\/\\\/www.sophrologue-sonia.fr\\\/index.php\\\/pourquoi-consulter-en-sophrologie\\\/\",\"name\":\"Pourquoi consulter en sophrologie ? - Sophrologue \u00e0 Villechen\u00e8ve dans les monts du lyonnais \u2013 Sonia\",\"isPartOf\":{\"@id\":\"https:\\\/\\\/www.sophrologue-sonia.fr\\\/#website\"},\"primaryImageOfPage\":{\"@id\":\"https:\\\/\\\/www.sophrologue-sonia.fr\\\/index.php\\\/pourquoi-consulter-en-sophrologie\\\/#primaryimage\"},\"image\":{\"@id\":\"https:\\\/\\\/www.sophrologue-sonia.fr\\\/index.php\\\/pourquoi-consulter-en-sophrologie\\\/#primaryimage\"},\"thumbnailUrl\":\"https:\\\/\\\/www.sophrologue-sonia.fr\\\/wp-content\\\/uploads\\\/2026\\\/02\\\/photos-site-sonia-sophrologue-villecheneve-montsdulyonnais-rhone-69-1900-1264-pourquoi-consulter_en_sophrologie.jpg\",\"datePublished\":\"2026-02-03T18:44:03+00:00\",\"dateModified\":\"2026-02-14T09:38:15+00:00\",\"breadcrumb\":{\"@id\":\"https:\\\/\\\/www.sophrologue-sonia.fr\\\/index.php\\\/pourquoi-consulter-en-sophrologie\\\/#breadcrumb\"},\"inLanguage\":\"fr-FR\",\"potentialAction\":[{\"@type\":\"ReadAction\",\"target\":[\"https:\\\/\\\/www.sophrologue-sonia.fr\\\/index.php\\\/pourquoi-consulter-en-sophrologie\\\/\"]}]},{\"@type\":\"ImageObject\",\"inLanguage\":\"fr-FR\",\"@id\":\"https:\\\/\\\/www.sophrologue-sonia.fr\\\/index.php\\\/pourquoi-consulter-en-sophrologie\\\/#primaryimage\",\"url\":\"https:\\\/\\\/www.sophrologue-sonia.fr\\\/wp-content\\\/uploads\\\/2026\\\/02\\\/photos-site-sonia-sophrologue-villecheneve-montsdulyonnais-rhone-69-1900-1264-pourquoi-consulter_en_sophrologie.jpg\",\"contentUrl\":\"https:\\\/\\\/www.sophrologue-sonia.fr\\\/wp-content\\\/uploads\\\/2026\\\/02\\\/photos-site-sonia-sophrologue-villecheneve-montsdulyonnais-rhone-69-1900-1264-pourquoi-consulter_en_sophrologie.jpg\",\"width\":1900,\"height\":1264},{\"@type\":\"BreadcrumbList\",\"@id\":\"https:\\\/\\\/www.sophrologue-sonia.fr\\\/index.php\\\/pourquoi-consulter-en-sophrologie\\\/#breadcrumb\",\"itemListElement\":[{\"@type\":\"ListItem\",\"position\":1,\"name\":\"Accueil\",\"item\":\"https:\\\/\\\/www.sophrologue-sonia.fr\\\/\"},{\"@type\":\"ListItem\",\"position\":2,\"name\":\"Pourquoi consulter en sophrologie ?\"}]},{\"@type\":\"WebSite\",\"@id\":\"https:\\\/\\\/www.sophrologue-sonia.fr\\\/#website\",\"url\":\"https:\\\/\\\/www.sophrologue-sonia.fr\\\/\",\"name\":\"Sophrologue \u00e0 Villechen\u00e8ve dans les monts du lyonnais, Sonia\",\"description\":\"Votre chemin int\u00e9rieur vers l&#039;harmonie\",\"publisher\":{\"@id\":\"https:\\\/\\\/www.sophrologue-sonia.fr\\\/#organization\"},\"potentialAction\":[{\"@type\":\"SearchAction\",\"target\":{\"@type\":\"EntryPoint\",\"urlTemplate\":\"https:\\\/\\\/www.sophrologue-sonia.fr\\\/?s={search_term_string}\"},\"query-input\":{\"@type\":\"PropertyValueSpecification\",\"valueRequired\":true,\"valueName\":\"search_term_string\"}}],\"inLanguage\":\"fr-FR\"},{\"@type\":\"Organization\",\"@id\":\"https:\\\/\\\/www.sophrologue-sonia.fr\\\/#organization\",\"name\":\"Sophrologue \u00e0 Villechen\u00e8ve dans les monts du lyonnais, Sonia\",\"url\":\"https:\\\/\\\/www.sophrologue-sonia.fr\\\/\",\"logo\":{\"@type\":\"ImageObject\",\"inLanguage\":\"fr-FR\",\"@id\":\"https:\\\/\\\/www.sophrologue-sonia.fr\\\/#\\\/schema\\\/logo\\\/image\\\/\",\"url\":\"https:\\\/\\\/www.sophrologue-sonia.fr\\\/wp-content\\\/uploads\\\/2026\\\/02\\\/LOGO-SOPHROLOGUE-SONIA_avec-Baseline-transparence-scaled.png\",\"contentUrl\":\"https:\\\/\\\/www.sophrologue-sonia.fr\\\/wp-content\\\/uploads\\\/2026\\\/02\\\/LOGO-SOPHROLOGUE-SONIA_avec-Baseline-transparence-scaled.png\",\"width\":2560,\"height\":1094,\"caption\":\"Sophrologue \u00e0 Villechen\u00e8ve dans les monts du lyonnais, Sonia\"},\"image\":{\"@id\":\"https:\\\/\\\/www.sophrologue-sonia.fr\\\/#\\\/schema\\\/logo\\\/image\\\/\"},\"sameAs\":[\"https:\\\/\\\/www.facebook.com\\\/sophrologuesonia\",\"https:\\\/\\\/www.instagram.com\\\/soniaqueva.sophrologue\\\/\",\"https:\\\/\\\/www.resalib.fr\\\/praticien\\\/124432-sophrologue-sonia-sophrologue-villecheneve\",\"https:\\\/\\\/www.linkedin.com\\\/in\\\/sonia-queva-37333a3a4\\\/\"]}]}<\/script>\n<!-- \/ Yoast SEO plugin. -->","yoast_head_json":{"title":"Pourquoi consulter en sophrologie ? - Sophrologue \u00e0 Villechen\u00e8ve dans les monts du lyonnais \u2013 Sonia","robots":{"index":"index","follow":"follow","max-snippet":"max-snippet:-1","max-image-preview":"max-image-preview:large","max-video-preview":"max-video-preview:-1"},"canonical":"https:\/\/www.sophrologue-sonia.fr\/index.php\/pourquoi-consulter-en-sophrologie\/","og_locale":"fr_FR","og_type":"article","og_title":"Pourquoi consulter en sophrologie ? - Sophrologue \u00e0 Villechen\u00e8ve dans les monts du lyonnais \u2013 Sonia","og_description":"La sophrologie peut vous aider \u00e0 : mieux g\u00e9rer le stress et l\u2019anxi\u00e9t\u00e9 du quotidien am\u00e9liorer la qualit\u00e9 du sommeil renforcer la confiance en soi et l\u2019estime de soi traverser une p\u00e9riode de changement (personnel, professionnel, familial) pr\u00e9parer un \u00e9v\u00e9nement (examen, prise de parole, comp\u00e9tition, intervention m\u00e9dicale) d\u00e9velopper concentration, r\u00e9cup\u00e9ration et \u00e9nergie Chaque accompagnement est &hellip; Continuer la lecture de &laquo;&nbsp;Pourquoi consulter en sophrologie ?&nbsp;&raquo;","og_url":"https:\/\/www.sophrologue-sonia.fr\/index.php\/pourquoi-consulter-en-sophrologie\/","og_site_name":"Sophrologue \u00e0 Villechen\u00e8ve dans les monts du lyonnais \u2013 Sonia","article_publisher":"https:\/\/www.facebook.com\/sophrologuesonia","article_modified_time":"2026-02-14T09:38:15+00:00","og_image":[{"width":1900,"height":1264,"url":"https:\/\/www.sophrologue-sonia.fr\/wp-content\/uploads\/2026\/02\/photos-site-sonia-sophrologue-villecheneve-montsdulyonnais-rhone-69-1900-1264-pourquoi-consulter_en_sophrologie.jpg","type":"image\/jpeg"}],"twitter_card":"summary_large_image","schema":{"@context":"https:\/\/schema.org","@graph":[{"@type":"WebPage","@id":"https:\/\/www.sophrologue-sonia.fr\/index.php\/pourquoi-consulter-en-sophrologie\/","url":"https:\/\/www.sophrologue-sonia.fr\/index.php\/pourquoi-consulter-en-sophrologie\/","name":"Pourquoi consulter en sophrologie ? - Sophrologue \u00e0 Villechen\u00e8ve dans les monts du lyonnais \u2013 Sonia","isPartOf":{"@id":"https:\/\/www.sophrologue-sonia.fr\/#website"},"primaryImageOfPage":{"@id":"https:\/\/www.sophrologue-sonia.fr\/index.php\/pourquoi-consulter-en-sophrologie\/#primaryimage"},"image":{"@id":"https:\/\/www.sophrologue-sonia.fr\/index.php\/pourquoi-consulter-en-sophrologie\/#primaryimage"},"thumbnailUrl":"https:\/\/www.sophrologue-sonia.fr\/wp-content\/uploads\/2026\/02\/photos-site-sonia-sophrologue-villecheneve-montsdulyonnais-rhone-69-1900-1264-pourquoi-consulter_en_sophrologie.jpg","datePublished":"2026-02-03T18:44:03+00:00","dateModified":"2026-02-14T09:38:15+00:00","breadcrumb":{"@id":"https:\/\/www.sophrologue-sonia.fr\/index.php\/pourquoi-consulter-en-sophrologie\/#breadcrumb"},"inLanguage":"fr-FR","potentialAction":[{"@type":"ReadAction","target":["https:\/\/www.sophrologue-sonia.fr\/index.php\/pourquoi-consulter-en-sophrologie\/"]}]},{"@type":"ImageObject","inLanguage":"fr-FR","@id":"https:\/\/www.sophrologue-sonia.fr\/index.php\/pourquoi-consulter-en-sophrologie\/#primaryimage","url":"https:\/\/www.sophrologue-sonia.fr\/wp-content\/uploads\/2026\/02\/photos-site-sonia-sophrologue-villecheneve-montsdulyonnais-rhone-69-1900-1264-pourquoi-consulter_en_sophrologie.jpg","contentUrl":"https:\/\/www.sophrologue-sonia.fr\/wp-content\/uploads\/2026\/02\/photos-site-sonia-sophrologue-villecheneve-montsdulyonnais-rhone-69-1900-1264-pourquoi-consulter_en_sophrologie.jpg","width":1900,"height":1264},{"@type":"BreadcrumbList","@id":"https:\/\/www.sophrologue-sonia.fr\/index.php\/pourquoi-consulter-en-sophrologie\/#breadcrumb","itemListElement":[{"@type":"ListItem","position":1,"name":"Accueil","item":"https:\/\/www.sophrologue-sonia.fr\/"},{"@type":"ListItem","position":2,"name":"Pourquoi consulter en sophrologie ?"}]},{"@type":"WebSite","@id":"https:\/\/www.sophrologue-sonia.fr\/#website","url":"https:\/\/www.sophrologue-sonia.fr\/","name":"Sophrologue \u00e0 Villechen\u00e8ve dans les monts du lyonnais, Sonia","description":"Votre chemin int\u00e9rieur vers l&#039;harmonie","publisher":{"@id":"https:\/\/www.sophrologue-sonia.fr\/#organization"},"potentialAction":[{"@type":"SearchAction","target":{"@type":"EntryPoint","urlTemplate":"https:\/\/www.sophrologue-sonia.fr\/?s={search_term_string}"},"query-input":{"@type":"PropertyValueSpecification","valueRequired":true,"valueName":"search_term_string"}}],"inLanguage":"fr-FR"},{"@type":"Organization","@id":"https:\/\/www.sophrologue-sonia.fr\/#organization","name":"Sophrologue \u00e0 Villechen\u00e8ve dans les monts du lyonnais, Sonia","url":"https:\/\/www.sophrologue-sonia.fr\/","logo":{"@type":"ImageObject","inLanguage":"fr-FR","@id":"https:\/\/www.sophrologue-sonia.fr\/#\/schema\/logo\/image\/","url":"https:\/\/www.sophrologue-sonia.fr\/wp-content\/uploads\/2026\/02\/LOGO-SOPHROLOGUE-SONIA_avec-Baseline-transparence-scaled.png","contentUrl":"https:\/\/www.sophrologue-sonia.fr\/wp-content\/uploads\/2026\/02\/LOGO-SOPHROLOGUE-SONIA_avec-Baseline-transparence-scaled.png","width":2560,"height":1094,"caption":"Sophrologue \u00e0 Villechen\u00e8ve dans les monts du lyonnais, Sonia"},"image":{"@id":"https:\/\/www.sophrologue-sonia.fr\/#\/schema\/logo\/image\/"},"sameAs":["https:\/\/www.facebook.com\/sophrologuesonia","https:\/\/www.instagram.com\/soniaqueva.sophrologue\/","https:\/\/www.resalib.fr\/praticien\/124432-sophrologue-sonia-sophrologue-villecheneve","https:\/\/www.linkedin.com\/in\/sonia-queva-37333a3a4\/"]}]}},"_links":{"self":[{"href":"https:\/\/www.sophrologue-sonia.fr\/index.php\/wp-json\/wp\/v2\/pages\/26","targetHints":{"allow":["GET"]}}],"collection":[{"href":"https:\/\/www.sophrologue-sonia.fr\/index.php\/wp-json\/wp\/v2\/pages"}],"about":[{"href":"https:\/\/www.sophrologue-sonia.fr\/index.php\/wp-json\/wp\/v2\/types\/page"}],"author":[{"embeddable":true,"href":"https:\/\/www.sophrologue-sonia.fr\/index.php\/wp-json\/wp\/v2\/users\/3"}],"replies":[{"embeddable":true,"href":"https:\/\/www.sophrologue-sonia.fr\/index.php\/wp-json\/wp\/v2\/comments?post=26"}],"version-history":[{"count":26,"href":"https:\/\/www.sophrologue-sonia.fr\/index.php\/wp-json\/wp\/v2\/pages\/26\/revisions"}],"predecessor-version":[{"id":512,"href":"https:\/\/www.sophrologue-sonia.fr\/index.php\/wp-json\/wp\/v2\/pages\/26\/revisions\/512"}],"wp:featuredmedia":[{"embeddable":true,"href":"https:\/\/www.sophrologue-sonia.fr\/index.php\/wp-json\/wp\/v2\/media\/189"}],"wp:attachment":[{"href":"https:\/\/www.sophrologue-sonia.fr\/index.php\/wp-json\/wp\/v2\/media?parent=26"}],"curies":[{"name":"wp","href":"https:\/\/api.w.org\/{rel}","templated":true}]}}