{"id":3,"date":"2025-09-25T16:54:49","date_gmt":"2025-09-25T16:54:49","guid":{"rendered":"http:\/\/sophrologue-sonia.fr\/?page_id=3"},"modified":"2026-03-05T17:28:19","modified_gmt":"2026-03-05T17:28:19","slug":"politique-de-confidentialite","status":"publish","type":"page","link":"https:\/\/www.sophrologue-sonia.fr\/index.php\/politique-de-confidentialite\/","title":{"rendered":"Politique de confidentialit\u00e9"},"content":{"rendered":"\t\t<div data-elementor-type=\"wp-page\" data-elementor-id=\"3\" class=\"elementor elementor-3\" data-elementor-post-type=\"page\">\n\t\t\t\t<div data-particle_enable=\"false\" data-particle-mobile-disabled=\"false\" class=\"elementor-element elementor-element-1b43af57 e-flex e-con-boxed e-con e-parent\" data-id=\"1b43af57\" data-element_type=\"container\" data-e-type=\"container\">\n\t\t\t\t\t<div class=\"e-con-inner\">\n\t\t\t\t<div class=\"elementor-element elementor-element-37c65b12 elementor-widget elementor-widget-text-editor\" data-id=\"37c65b12\" data-element_type=\"widget\" data-e-type=\"widget\" data-widget_type=\"text-editor.default\">\n\t\t\t\t\t\t\t\t\t<h1 data-start=\"1957\" data-end=\"1994\">POLITIQUE DE CONFIDENTIALIT\u00c9 (RGPD)<\/h1><p data-start=\"2030\" data-end=\"2179\">La pr\u00e9sente politique de confidentialit\u00e9 informe les utilisateurs du site sur la mani\u00e8re dont leurs donn\u00e9es personnelles sont collect\u00e9es et trait\u00e9es.<\/p><h2 data-start=\"2181\" data-end=\"2205\">1. Donn\u00e9es collect\u00e9es<\/h2><p data-start=\"2207\" data-end=\"2232\">Peuvent \u00eatre collect\u00e9es :<\/p><ul data-start=\"2233\" data-end=\"2339\"><li data-start=\"2233\" data-end=\"2250\"><p data-start=\"2235\" data-end=\"2250\">Nom et pr\u00e9nom<\/p><\/li><li data-start=\"2251\" data-end=\"2268\"><p data-start=\"2253\" data-end=\"2268\">Adresse email<\/p><\/li><li data-start=\"2269\" data-end=\"2292\"><p data-start=\"2271\" data-end=\"2292\">Num\u00e9ro de t\u00e9l\u00e9phone<\/p><\/li><li data-start=\"2293\" data-end=\"2339\"><p data-start=\"2295\" data-end=\"2339\">Message transmis via formulaire de contact<\/p><\/li><\/ul><h2 data-start=\"2341\" data-end=\"2369\">2. Finalit\u00e9 du traitement<\/h2><p data-start=\"2371\" data-end=\"2416\">Les donn\u00e9es sont collect\u00e9es uniquement pour :<\/p><ul data-start=\"2417\" data-end=\"2520\"><li data-start=\"2417\" data-end=\"2453\"><p data-start=\"2419\" data-end=\"2453\">R\u00e9pondre aux demandes de contact<\/p><\/li><li data-start=\"2454\" data-end=\"2479\"><p data-start=\"2456\" data-end=\"2479\">G\u00e9rer les rendez-vous<\/p><\/li><li data-start=\"2480\" data-end=\"2520\"><p data-start=\"2482\" data-end=\"2520\">Assurer le suivi des accompagnements<\/p><\/li><\/ul><p data-start=\"2522\" data-end=\"2570\">Aucune donn\u00e9e n\u2019est vendue ou c\u00e9d\u00e9e \u00e0 des tiers.<\/p><h2 data-start=\"2572\" data-end=\"2599\">3. Dur\u00e9e de conservation<\/h2><p data-start=\"2601\" data-end=\"2713\">Les donn\u00e9es sont conserv\u00e9es pendant la dur\u00e9e strictement n\u00e9cessaire \u00e0 la gestion de la relation professionnelle.<\/p><h2 data-start=\"2715\" data-end=\"2744\">4. Droits de l\u2019utilisateur<\/h2><p data-start=\"2746\" data-end=\"2803\">Conform\u00e9ment au RGPD, vous disposez des droits suivants :<\/p><ul data-start=\"2804\" data-end=\"2934\"><li data-start=\"2804\" data-end=\"2821\"><p data-start=\"2806\" data-end=\"2821\">Droit d\u2019acc\u00e8s<\/p><\/li><li data-start=\"2822\" data-end=\"2848\"><p data-start=\"2824\" data-end=\"2848\">Droit de rectification<\/p><\/li><li data-start=\"2849\" data-end=\"2871\"><p data-start=\"2851\" data-end=\"2871\">Droit d\u2019effacement<\/p><\/li><li data-start=\"2872\" data-end=\"2894\"><p data-start=\"2874\" data-end=\"2894\">Droit d\u2019opposition<\/p><\/li><li data-start=\"2895\" data-end=\"2934\"><p data-start=\"2897\" data-end=\"2934\">Droit \u00e0 la limitation du traitement<\/p><\/li><\/ul><p data-start=\"2936\" data-end=\"2985\">Pour exercer ces droits :<br data-start=\"2961\" data-end=\"2964\" \/>Email : contact@sophrologue-sonia.fr<\/p><p data-start=\"2987\" data-end=\"3065\">En cas de litige, vous pouvez saisir la <span class=\"hover:entity-accent entity-underline inline cursor-pointer align-baseline\"><span class=\"whitespace-normal\">CNIL<\/span><\/span>.<\/p>\t\t\t\t\t\t\t\t<\/div>\n\t\t\t\t\t<\/div>\n\t\t\t\t<\/div>\n\t\t\t\t<\/div>\n\t\t","protected":false},"excerpt":{"rendered":"<p>POLITIQUE DE CONFIDENTIALIT\u00c9 (RGPD) La pr\u00e9sente politique de confidentialit\u00e9 informe les utilisateurs du site sur la mani\u00e8re dont leurs donn\u00e9es personnelles sont collect\u00e9es et trait\u00e9es. 1. Donn\u00e9es collect\u00e9es Peuvent \u00eatre collect\u00e9es : Nom et pr\u00e9nom Adresse email Num\u00e9ro de t\u00e9l\u00e9phone Message transmis via formulaire de contact 2. Finalit\u00e9 du traitement Les donn\u00e9es sont collect\u00e9es uniquement &hellip; <\/p>\n<p class=\"link-more\"><a href=\"https:\/\/www.sophrologue-sonia.fr\/index.php\/politique-de-confidentialite\/\" class=\"more-link\">Continuer la lecture<span class=\"screen-reader-text\"> de &laquo;&nbsp;Politique de confidentialit\u00e9&nbsp;&raquo;<\/span><\/a><\/p>\n","protected":false},"author":3,"featured_media":0,"parent":0,"menu_order":0,"comment_status":"closed","ping_status":"closed","template":"elementor_header_footer","meta":{"footnotes":""},"class_list":["post-3","page","type-page","status-publish","hentry"],"yoast_head":"<!-- This site is optimized with the Yoast SEO plugin v27.3 - https:\/\/yoast.com\/product\/yoast-seo-wordpress\/ -->\n<title>Politique de confidentialit\u00e9 - Sophrologue \u00e0 Villechen\u00e8ve dans les monts du lyonnais \u2013 Sonia<\/title>\n<meta name=\"robots\" content=\"index, follow, max-snippet:-1, max-image-preview:large, max-video-preview:-1\" \/>\n<link rel=\"canonical\" href=\"https:\/\/www.sophrologue-sonia.fr\/index.php\/politique-de-confidentialite\/\" \/>\n<meta property=\"og:locale\" content=\"fr_FR\" \/>\n<meta property=\"og:type\" content=\"article\" \/>\n<meta property=\"og:title\" content=\"Politique de confidentialit\u00e9 - Sophrologue \u00e0 Villechen\u00e8ve dans les monts du lyonnais \u2013 Sonia\" \/>\n<meta property=\"og:description\" content=\"POLITIQUE DE CONFIDENTIALIT\u00c9 (RGPD) La pr\u00e9sente politique de confidentialit\u00e9 informe les utilisateurs du site sur la mani\u00e8re dont leurs donn\u00e9es personnelles sont collect\u00e9es et trait\u00e9es. 1. Donn\u00e9es collect\u00e9es Peuvent \u00eatre collect\u00e9es : Nom et pr\u00e9nom Adresse email Num\u00e9ro de t\u00e9l\u00e9phone Message transmis via formulaire de contact 2. Finalit\u00e9 du traitement Les donn\u00e9es sont collect\u00e9es uniquement &hellip; Continuer la lecture de &laquo;&nbsp;Politique de confidentialit\u00e9&nbsp;&raquo;\" \/>\n<meta property=\"og:url\" content=\"https:\/\/www.sophrologue-sonia.fr\/index.php\/politique-de-confidentialite\/\" \/>\n<meta property=\"og:site_name\" content=\"Sophrologue \u00e0 Villechen\u00e8ve dans les monts du lyonnais \u2013 Sonia\" \/>\n<meta property=\"article:publisher\" content=\"https:\/\/www.facebook.com\/sophrologuesonia\" \/>\n<meta property=\"article:modified_time\" content=\"2026-03-05T17:28:19+00:00\" \/>\n<meta name=\"twitter:card\" content=\"summary_large_image\" \/>\n<meta name=\"twitter:label1\" content=\"Dur\u00e9e de lecture estim\u00e9e\" \/>\n\t<meta name=\"twitter:data1\" content=\"1 minute\" \/>\n<script type=\"application\/ld+json\" class=\"yoast-schema-graph\">{\"@context\":\"https:\\\/\\\/schema.org\",\"@graph\":[{\"@type\":\"WebPage\",\"@id\":\"https:\\\/\\\/www.sophrologue-sonia.fr\\\/index.php\\\/politique-de-confidentialite\\\/\",\"url\":\"https:\\\/\\\/www.sophrologue-sonia.fr\\\/index.php\\\/politique-de-confidentialite\\\/\",\"name\":\"Politique de confidentialit\u00e9 - Sophrologue \u00e0 Villechen\u00e8ve dans les monts du lyonnais \u2013 Sonia\",\"isPartOf\":{\"@id\":\"https:\\\/\\\/www.sophrologue-sonia.fr\\\/#website\"},\"datePublished\":\"2025-09-25T16:54:49+00:00\",\"dateModified\":\"2026-03-05T17:28:19+00:00\",\"breadcrumb\":{\"@id\":\"https:\\\/\\\/www.sophrologue-sonia.fr\\\/index.php\\\/politique-de-confidentialite\\\/#breadcrumb\"},\"inLanguage\":\"fr-FR\",\"potentialAction\":[{\"@type\":\"ReadAction\",\"target\":[\"https:\\\/\\\/www.sophrologue-sonia.fr\\\/index.php\\\/politique-de-confidentialite\\\/\"]}]},{\"@type\":\"BreadcrumbList\",\"@id\":\"https:\\\/\\\/www.sophrologue-sonia.fr\\\/index.php\\\/politique-de-confidentialite\\\/#breadcrumb\",\"itemListElement\":[{\"@type\":\"ListItem\",\"position\":1,\"name\":\"Accueil\",\"item\":\"https:\\\/\\\/www.sophrologue-sonia.fr\\\/\"},{\"@type\":\"ListItem\",\"position\":2,\"name\":\"Politique de confidentialit\u00e9\"}]},{\"@type\":\"WebSite\",\"@id\":\"https:\\\/\\\/www.sophrologue-sonia.fr\\\/#website\",\"url\":\"https:\\\/\\\/www.sophrologue-sonia.fr\\\/\",\"name\":\"Sophrologue \u00e0 Villechen\u00e8ve dans les monts du lyonnais, Sonia\",\"description\":\"Votre chemin int\u00e9rieur vers l&#039;harmonie\",\"publisher\":{\"@id\":\"https:\\\/\\\/www.sophrologue-sonia.fr\\\/#organization\"},\"potentialAction\":[{\"@type\":\"SearchAction\",\"target\":{\"@type\":\"EntryPoint\",\"urlTemplate\":\"https:\\\/\\\/www.sophrologue-sonia.fr\\\/?s={search_term_string}\"},\"query-input\":{\"@type\":\"PropertyValueSpecification\",\"valueRequired\":true,\"valueName\":\"search_term_string\"}}],\"inLanguage\":\"fr-FR\"},{\"@type\":\"Organization\",\"@id\":\"https:\\\/\\\/www.sophrologue-sonia.fr\\\/#organization\",\"name\":\"Sophrologue \u00e0 Villechen\u00e8ve dans les monts du lyonnais, Sonia\",\"url\":\"https:\\\/\\\/www.sophrologue-sonia.fr\\\/\",\"logo\":{\"@type\":\"ImageObject\",\"inLanguage\":\"fr-FR\",\"@id\":\"https:\\\/\\\/www.sophrologue-sonia.fr\\\/#\\\/schema\\\/logo\\\/image\\\/\",\"url\":\"https:\\\/\\\/www.sophrologue-sonia.fr\\\/wp-content\\\/uploads\\\/2026\\\/02\\\/LOGO-SOPHROLOGUE-SONIA_avec-Baseline-transparence-scaled.png\",\"contentUrl\":\"https:\\\/\\\/www.sophrologue-sonia.fr\\\/wp-content\\\/uploads\\\/2026\\\/02\\\/LOGO-SOPHROLOGUE-SONIA_avec-Baseline-transparence-scaled.png\",\"width\":2560,\"height\":1094,\"caption\":\"Sophrologue \u00e0 Villechen\u00e8ve dans les monts du lyonnais, Sonia\"},\"image\":{\"@id\":\"https:\\\/\\\/www.sophrologue-sonia.fr\\\/#\\\/schema\\\/logo\\\/image\\\/\"},\"sameAs\":[\"https:\\\/\\\/www.facebook.com\\\/sophrologuesonia\",\"https:\\\/\\\/www.instagram.com\\\/soniaqueva.sophrologue\\\/\",\"https:\\\/\\\/www.resalib.fr\\\/praticien\\\/124432-sophrologue-sonia-sophrologue-villecheneve\",\"https:\\\/\\\/www.linkedin.com\\\/in\\\/sonia-queva-37333a3a4\\\/\"]}]}<\/script>\n<!-- \/ Yoast SEO plugin. -->","yoast_head_json":{"title":"Politique de confidentialit\u00e9 - Sophrologue \u00e0 Villechen\u00e8ve dans les monts du lyonnais \u2013 Sonia","robots":{"index":"index","follow":"follow","max-snippet":"max-snippet:-1","max-image-preview":"max-image-preview:large","max-video-preview":"max-video-preview:-1"},"canonical":"https:\/\/www.sophrologue-sonia.fr\/index.php\/politique-de-confidentialite\/","og_locale":"fr_FR","og_type":"article","og_title":"Politique de confidentialit\u00e9 - Sophrologue \u00e0 Villechen\u00e8ve dans les monts du lyonnais \u2013 Sonia","og_description":"POLITIQUE DE CONFIDENTIALIT\u00c9 (RGPD) La pr\u00e9sente politique de confidentialit\u00e9 informe les utilisateurs du site sur la mani\u00e8re dont leurs donn\u00e9es personnelles sont collect\u00e9es et trait\u00e9es. 1. Donn\u00e9es collect\u00e9es Peuvent \u00eatre collect\u00e9es : Nom et pr\u00e9nom Adresse email Num\u00e9ro de t\u00e9l\u00e9phone Message transmis via formulaire de contact 2. Finalit\u00e9 du traitement Les donn\u00e9es sont collect\u00e9es uniquement &hellip; Continuer la lecture de &laquo;&nbsp;Politique de confidentialit\u00e9&nbsp;&raquo;","og_url":"https:\/\/www.sophrologue-sonia.fr\/index.php\/politique-de-confidentialite\/","og_site_name":"Sophrologue \u00e0 Villechen\u00e8ve dans les monts du lyonnais \u2013 Sonia","article_publisher":"https:\/\/www.facebook.com\/sophrologuesonia","article_modified_time":"2026-03-05T17:28:19+00:00","twitter_card":"summary_large_image","twitter_misc":{"Dur\u00e9e de lecture estim\u00e9e":"1 minute"},"schema":{"@context":"https:\/\/schema.org","@graph":[{"@type":"WebPage","@id":"https:\/\/www.sophrologue-sonia.fr\/index.php\/politique-de-confidentialite\/","url":"https:\/\/www.sophrologue-sonia.fr\/index.php\/politique-de-confidentialite\/","name":"Politique de confidentialit\u00e9 - Sophrologue \u00e0 Villechen\u00e8ve dans les monts du lyonnais \u2013 Sonia","isPartOf":{"@id":"https:\/\/www.sophrologue-sonia.fr\/#website"},"datePublished":"2025-09-25T16:54:49+00:00","dateModified":"2026-03-05T17:28:19+00:00","breadcrumb":{"@id":"https:\/\/www.sophrologue-sonia.fr\/index.php\/politique-de-confidentialite\/#breadcrumb"},"inLanguage":"fr-FR","potentialAction":[{"@type":"ReadAction","target":["https:\/\/www.sophrologue-sonia.fr\/index.php\/politique-de-confidentialite\/"]}]},{"@type":"BreadcrumbList","@id":"https:\/\/www.sophrologue-sonia.fr\/index.php\/politique-de-confidentialite\/#breadcrumb","itemListElement":[{"@type":"ListItem","position":1,"name":"Accueil","item":"https:\/\/www.sophrologue-sonia.fr\/"},{"@type":"ListItem","position":2,"name":"Politique de confidentialit\u00e9"}]},{"@type":"WebSite","@id":"https:\/\/www.sophrologue-sonia.fr\/#website","url":"https:\/\/www.sophrologue-sonia.fr\/","name":"Sophrologue \u00e0 Villechen\u00e8ve dans les monts du lyonnais, Sonia","description":"Votre chemin int\u00e9rieur vers l&#039;harmonie","publisher":{"@id":"https:\/\/www.sophrologue-sonia.fr\/#organization"},"potentialAction":[{"@type":"SearchAction","target":{"@type":"EntryPoint","urlTemplate":"https:\/\/www.sophrologue-sonia.fr\/?s={search_term_string}"},"query-input":{"@type":"PropertyValueSpecification","valueRequired":true,"valueName":"search_term_string"}}],"inLanguage":"fr-FR"},{"@type":"Organization","@id":"https:\/\/www.sophrologue-sonia.fr\/#organization","name":"Sophrologue \u00e0 Villechen\u00e8ve dans les monts du lyonnais, Sonia","url":"https:\/\/www.sophrologue-sonia.fr\/","logo":{"@type":"ImageObject","inLanguage":"fr-FR","@id":"https:\/\/www.sophrologue-sonia.fr\/#\/schema\/logo\/image\/","url":"https:\/\/www.sophrologue-sonia.fr\/wp-content\/uploads\/2026\/02\/LOGO-SOPHROLOGUE-SONIA_avec-Baseline-transparence-scaled.png","contentUrl":"https:\/\/www.sophrologue-sonia.fr\/wp-content\/uploads\/2026\/02\/LOGO-SOPHROLOGUE-SONIA_avec-Baseline-transparence-scaled.png","width":2560,"height":1094,"caption":"Sophrologue \u00e0 Villechen\u00e8ve dans les monts du lyonnais, Sonia"},"image":{"@id":"https:\/\/www.sophrologue-sonia.fr\/#\/schema\/logo\/image\/"},"sameAs":["https:\/\/www.facebook.com\/sophrologuesonia","https:\/\/www.instagram.com\/soniaqueva.sophrologue\/","https:\/\/www.resalib.fr\/praticien\/124432-sophrologue-sonia-sophrologue-villecheneve","https:\/\/www.linkedin.com\/in\/sonia-queva-37333a3a4\/"]}]}},"_links":{"self":[{"href":"https:\/\/www.sophrologue-sonia.fr\/index.php\/wp-json\/wp\/v2\/pages\/3","targetHints":{"allow":["GET"]}}],"collection":[{"href":"https:\/\/www.sophrologue-sonia.fr\/index.php\/wp-json\/wp\/v2\/pages"}],"about":[{"href":"https:\/\/www.sophrologue-sonia.fr\/index.php\/wp-json\/wp\/v2\/types\/page"}],"author":[{"embeddable":true,"href":"https:\/\/www.sophrologue-sonia.fr\/index.php\/wp-json\/wp\/v2\/users\/3"}],"replies":[{"embeddable":true,"href":"https:\/\/www.sophrologue-sonia.fr\/index.php\/wp-json\/wp\/v2\/comments?post=3"}],"version-history":[{"count":10,"href":"https:\/\/www.sophrologue-sonia.fr\/index.php\/wp-json\/wp\/v2\/pages\/3\/revisions"}],"predecessor-version":[{"id":1063,"href":"https:\/\/www.sophrologue-sonia.fr\/index.php\/wp-json\/wp\/v2\/pages\/3\/revisions\/1063"}],"wp:attachment":[{"href":"https:\/\/www.sophrologue-sonia.fr\/index.php\/wp-json\/wp\/v2\/media?parent=3"}],"curies":[{"name":"wp","href":"https:\/\/api.w.org\/{rel}","templated":true}]}}