{"id":415,"date":"2026-02-13T10:08:45","date_gmt":"2026-02-13T10:08:45","guid":{"rendered":"https:\/\/sophrologue-sonia.fr\/?page_id=415"},"modified":"2026-02-13T11:42:26","modified_gmt":"2026-02-13T11:42:26","slug":"mentions-legales","status":"publish","type":"page","link":"https:\/\/www.sophrologue-sonia.fr\/index.php\/mentions-legales\/","title":{"rendered":"Mentions l\u00e9gales"},"content":{"rendered":"\t\t<div data-elementor-type=\"wp-page\" data-elementor-id=\"415\" class=\"elementor elementor-415\" data-elementor-post-type=\"page\">\n\t\t\t\t<div data-particle_enable=\"false\" data-particle-mobile-disabled=\"false\" class=\"elementor-element elementor-element-2a6b28c e-flex e-con-boxed e-con e-parent\" data-id=\"2a6b28c\" data-element_type=\"container\" data-e-type=\"container\">\n\t\t\t\t\t<div class=\"e-con-inner\">\n\t\t\t\t\t<\/div>\n\t\t\t\t<\/div>\n\t\t<div data-particle_enable=\"false\" data-particle-mobile-disabled=\"false\" class=\"elementor-element elementor-element-6e9a140 e-flex e-con-boxed e-con e-parent\" data-id=\"6e9a140\" data-element_type=\"container\" data-e-type=\"container\">\n\t\t\t\t\t<div class=\"e-con-inner\">\n\t\t\t\t<div class=\"elementor-element elementor-element-c75b7ad elementor-widget elementor-widget-text-editor\" data-id=\"c75b7ad\" data-element_type=\"widget\" data-e-type=\"widget\" data-widget_type=\"text-editor.default\">\n\t\t\t\t\t\t\t\t\t<h1 data-start=\"781\" data-end=\"801\"><strong data-start=\"781\" data-end=\"801\">Mentions l\u00e9gales<\/strong><\/h1><p data-start=\"803\" data-end=\"988\">Conform\u00e9ment aux dispositions des articles 6-III et 19 de la Loi pour la Confiance dans l\u2019\u00c9conomie Num\u00e9rique (LCEN), il est pr\u00e9cis\u00e9 aux utilisateurs du site les informations suivantes :<\/p><p data-start=\"990\" data-end=\"1270\"><strong data-start=\"990\" data-end=\"1009\">\u00c9diteur du site<\/strong><br data-start=\"1009\" data-end=\"1012\" \/><strong>Nom :<\/strong> Sonia QUEVA\u00a0<br data-start=\"1040\" data-end=\"1043\" \/><strong>Activit\u00e9 :<\/strong> Sophrologue et toutes activit\u00e9s de sant\u00e9 humaines, de d\u00e9veloppement personnel et de bien-\u00eatre<br data-start=\"1065\" data-end=\"1068\" \/><strong>Statut juridique : <\/strong>Entrepreneur individuel<br data-start=\"1119\" data-end=\"1122\" \/><strong>SIRET :<\/strong> 10099696600014<br data-start=\"1144\" data-end=\"1147\" \/><strong>Adresse du cabinet :<\/strong> Espace BURIE \u2013 99 Grande Rue \u2013 69770 Villechen\u00e8ve<br data-start=\"1217\" data-end=\"1220\" \/><strong>Email :<\/strong> contact@sophrologue-sonia.fr<br data-start=\"1241\" data-end=\"1244\" \/><strong>T\u00e9l\u00e9phone :<\/strong> 06.15.73.81.17<\/p><p data-start=\"1272\" data-end=\"1319\"><strong data-start=\"1272\" data-end=\"1305\">Responsable de la publication<\/strong><br data-start=\"1305\" data-end=\"1308\" \/>Sonia QUEVA<\/p><h1 data-start=\"1231\" data-end=\"1259\">Droit d\u2019auteur \/ Copyright<\/h1><p data-start=\"1261\" data-end=\"1386\">Les marques et logos figurant sur le site <strong data-start=\"1303\" data-end=\"1327\">Sophrologue-sonia.fr<\/strong> sont des marques d\u00e9pos\u00e9es par leur propri\u00e9taire respectif.<\/p><p data-start=\"1388\" data-end=\"1602\">La structure g\u00e9n\u00e9rale du site, ainsi que les textes, images, photographies, graphismes, logos et tout autre \u00e9l\u00e9ment composant le site sont la propri\u00e9t\u00e9 exclusive de <strong data-start=\"1553\" data-end=\"1577\">Sophrologue-sonia.fr<\/strong>, sauf mention contraire.<\/p><p data-start=\"1604\" data-end=\"1861\">Toute reproduction, repr\u00e9sentation, modification, publication, transmission ou d\u00e9naturation, totale ou partielle du site ou de son contenu, par quelque proc\u00e9d\u00e9 que ce soit et sur quelque support que ce soit, est interdite sans autorisation pr\u00e9alable \u00e9crite.<\/p><p data-start=\"1863\" data-end=\"2078\">Toute exploitation non autoris\u00e9e du site ou de l\u2019un quelconque de ses \u00e9l\u00e9ments sera consid\u00e9r\u00e9e comme constitutive d\u2019une contrefa\u00e7on et poursuivie conform\u00e9ment aux dispositions du Code de la propri\u00e9t\u00e9 intellectuelle.<\/p><p data-start=\"2080\" data-end=\"2184\">Sophrologue-sonia.fr se r\u00e9serve le droit de corriger, \u00e0 tout moment et sans pr\u00e9avis, le contenu du site.<\/p><h1 data-start=\"2191\" data-end=\"2207\">Responsabilit\u00e9<\/h1><p data-start=\"2209\" data-end=\"2378\">Sophrologue-sonia.fr ne donne aucune garantie, explicite ou implicite, et n\u2019assume aucune responsabilit\u00e9 relative \u00e0 l\u2019utilisation des informations diffus\u00e9es sur le site.<\/p><p data-start=\"2380\" data-end=\"2489\">L\u2019utilisateur reconna\u00eet disposer de la comp\u00e9tence et des moyens n\u00e9cessaires pour acc\u00e9der et utiliser le site.<\/p><p data-start=\"2491\" data-end=\"2640\">Il reconna\u00eet \u00e9galement avoir v\u00e9rifi\u00e9 que la configuration informatique utilis\u00e9e ne contient aucun virus et qu\u2019elle est en bon \u00e9tat de fonctionnement.<\/p><p data-start=\"2642\" data-end=\"2780\">Sophrologue-sonia.fr se r\u00e9serve le droit de modifier \u00e0 tout moment le contenu des pr\u00e9sentes mentions l\u00e9gales ainsi que le contenu du site.<\/p><p data-start=\"2782\" data-end=\"2920\">Sophrologue-sonia.fr ne pourra \u00eatre tenue responsable de tout dommage direct ou indirect r\u00e9sultant de l\u2019acc\u00e8s ou de l\u2019utilisation du site.<\/p><p data-start=\"2922\" data-end=\"3264\">Les utilisateurs du site sont tenus de respecter la r\u00e9glementation relative \u00e0 la protection des donn\u00e9es personnelles. Ils doivent notamment s\u2019abstenir de toute collecte ou utilisation d\u00e9tourn\u00e9e d\u2019informations nominatives et, d\u2019une mani\u00e8re g\u00e9n\u00e9rale, de tout acte susceptible de porter atteinte \u00e0 la vie priv\u00e9e ou \u00e0 la r\u00e9putation des personnes.<\/p><p data-start=\"3266\" data-end=\"3489\">L\u2019utilisateur s\u2019engage \u00e0 ne transmettre sur le site aucune information pouvant engager sa responsabilit\u00e9 civile ou p\u00e9nale et s\u2019engage \u00e0 ne pas diffuser d\u2019informations ill\u00e9gales, contraires \u00e0 l\u2019ordre public ou diffamatoires.<\/p><hr data-start=\"3491\" data-end=\"3494\" \/><h1 data-start=\"3496\" data-end=\"3515\">Liens hypertextes<\/h1><p data-start=\"3517\" data-end=\"3638\">Les sites ext\u00e9rieurs ayant un lien hypertexte vers le site Sophrologue-sonia.fr ne sont pas sous le contr\u00f4le de celui-ci.<\/p><p data-start=\"3640\" data-end=\"3711\">Sophrologue-sonia.fr d\u00e9cline toute responsabilit\u00e9 quant \u00e0 leur contenu.<\/p><p data-start=\"3713\" data-end=\"3768\">L\u2019utilisateur est seul responsable de leur utilisation.<\/p><p data-start=\"3770\" data-end=\"3955\">La cr\u00e9ation de liens hypertextes vers le site Sophrologue-sonia.fr est soumise \u00e0 l\u2019accord pr\u00e9alable du responsable du site. Toute demande peut \u00eatre adress\u00e9e via la rubrique \u00ab Contactez-moi \u00bb.<\/p><hr data-start=\"3957\" data-end=\"3960\" \/><h1 data-start=\"3962\" data-end=\"3974\">Messagerie<\/h1><p data-start=\"3976\" data-end=\"4086\">Pour toute remarque sur le fonctionnement du site, vous pouvez envoyer un message via la rubrique \u00ab Contactez-moi \u00bb.<\/p><hr data-start=\"4088\" data-end=\"4091\" \/><h1 data-start=\"4093\" data-end=\"4104\">Important<\/h1><p data-start=\"4106\" data-end=\"4273\">Les messages transmis par Internet peuvent \u00eatre intercept\u00e9s sur le r\u00e9seau. Jusqu\u2019\u00e0 leur r\u00e9ception par Sophrologue-sonia.fr, leur confidentialit\u00e9 ne peut \u00eatre garantie.<\/p><p data-start=\"4275\" data-end=\"4426\">Nous remercions les utilisateurs du site de nous signaler toute omission, erreur ou correction \u00e0 apporter via l\u2019adresse : <a class=\"decorated-link cursor-pointer\" rel=\"noopener\" data-start=\"4397\" data-end=\"4425\">contact[AT]sophrologue-sonia.fr<\/a>.<\/p><p data-start=\"1750\" data-end=\"1950\"><strong data-start=\"1750\" data-end=\"1768\">Responsabilit\u00e9<\/strong><br data-start=\"1768\" data-end=\"1771\" \/>Les informations diffus\u00e9es sur ce site sont donn\u00e9es \u00e0 titre informatif et ne remplacent en aucun cas un avis m\u00e9dical.<\/p><p data-start=\"1750\" data-end=\"1950\"><br data-start=\"1888\" data-end=\"1891\" \/>La sophrologie ne se substitue pas \u00e0 un traitement m\u00e9dical.<\/p>\t\t\t\t\t\t\t\t<\/div>\n\t\t\t\t\t<\/div>\n\t\t\t\t<\/div>\n\t\t\t\t<\/div>\n\t\t","protected":false},"excerpt":{"rendered":"<p>Mentions l\u00e9gales Conform\u00e9ment aux dispositions des articles 6-III et 19 de la Loi pour la Confiance dans l\u2019\u00c9conomie Num\u00e9rique (LCEN), il est pr\u00e9cis\u00e9 aux utilisateurs du site les informations suivantes : \u00c9diteur du siteNom : Sonia QUEVA\u00a0Activit\u00e9 : Sophrologue et toutes activit\u00e9s de sant\u00e9 humaines, de d\u00e9veloppement personnel et de bien-\u00eatreStatut juridique : Entrepreneur individuelSIRET &hellip; <\/p>\n<p class=\"link-more\"><a href=\"https:\/\/www.sophrologue-sonia.fr\/index.php\/mentions-legales\/\" class=\"more-link\">Continuer la lecture<span class=\"screen-reader-text\"> de &laquo;&nbsp;Mentions l\u00e9gales&nbsp;&raquo;<\/span><\/a><\/p>\n","protected":false},"author":3,"featured_media":0,"parent":0,"menu_order":0,"comment_status":"closed","ping_status":"closed","template":"","meta":{"footnotes":""},"class_list":["post-415","page","type-page","status-publish","hentry"],"yoast_head":"<!-- This site is optimized with the Yoast SEO plugin v27.3 - https:\/\/yoast.com\/product\/yoast-seo-wordpress\/ -->\n<title>Mentions l\u00e9gales - Sophrologue \u00e0 Villechen\u00e8ve dans les monts du lyonnais \u2013 Sonia<\/title>\n<meta name=\"robots\" content=\"index, follow, max-snippet:-1, max-image-preview:large, max-video-preview:-1\" \/>\n<link rel=\"canonical\" href=\"https:\/\/www.sophrologue-sonia.fr\/index.php\/mentions-legales\/\" \/>\n<meta property=\"og:locale\" content=\"fr_FR\" \/>\n<meta property=\"og:type\" content=\"article\" \/>\n<meta property=\"og:title\" content=\"Mentions l\u00e9gales - Sophrologue \u00e0 Villechen\u00e8ve dans les monts du lyonnais \u2013 Sonia\" \/>\n<meta property=\"og:description\" content=\"Mentions l\u00e9gales Conform\u00e9ment aux dispositions des articles 6-III et 19 de la Loi pour la Confiance dans l\u2019\u00c9conomie Num\u00e9rique (LCEN), il est pr\u00e9cis\u00e9 aux utilisateurs du site les informations suivantes : \u00c9diteur du siteNom : Sonia QUEVA\u00a0Activit\u00e9 : Sophrologue et toutes activit\u00e9s de sant\u00e9 humaines, de d\u00e9veloppement personnel et de bien-\u00eatreStatut juridique : Entrepreneur individuelSIRET &hellip; Continuer la lecture de &laquo;&nbsp;Mentions l\u00e9gales&nbsp;&raquo;\" \/>\n<meta property=\"og:url\" content=\"https:\/\/www.sophrologue-sonia.fr\/index.php\/mentions-legales\/\" \/>\n<meta property=\"og:site_name\" content=\"Sophrologue \u00e0 Villechen\u00e8ve dans les monts du lyonnais \u2013 Sonia\" \/>\n<meta property=\"article:publisher\" content=\"https:\/\/www.facebook.com\/sophrologuesonia\" \/>\n<meta property=\"article:modified_time\" content=\"2026-02-13T11:42:26+00:00\" \/>\n<meta name=\"twitter:card\" content=\"summary_large_image\" \/>\n<meta name=\"twitter:label1\" content=\"Dur\u00e9e de lecture estim\u00e9e\" \/>\n\t<meta name=\"twitter:data1\" content=\"3 minutes\" \/>\n<script type=\"application\/ld+json\" class=\"yoast-schema-graph\">{\"@context\":\"https:\\\/\\\/schema.org\",\"@graph\":[{\"@type\":\"WebPage\",\"@id\":\"https:\\\/\\\/www.sophrologue-sonia.fr\\\/index.php\\\/mentions-legales\\\/\",\"url\":\"https:\\\/\\\/www.sophrologue-sonia.fr\\\/index.php\\\/mentions-legales\\\/\",\"name\":\"Mentions l\u00e9gales - Sophrologue \u00e0 Villechen\u00e8ve dans les monts du lyonnais \u2013 Sonia\",\"isPartOf\":{\"@id\":\"https:\\\/\\\/www.sophrologue-sonia.fr\\\/#website\"},\"datePublished\":\"2026-02-13T10:08:45+00:00\",\"dateModified\":\"2026-02-13T11:42:26+00:00\",\"breadcrumb\":{\"@id\":\"https:\\\/\\\/www.sophrologue-sonia.fr\\\/index.php\\\/mentions-legales\\\/#breadcrumb\"},\"inLanguage\":\"fr-FR\",\"potentialAction\":[{\"@type\":\"ReadAction\",\"target\":[\"https:\\\/\\\/www.sophrologue-sonia.fr\\\/index.php\\\/mentions-legales\\\/\"]}]},{\"@type\":\"BreadcrumbList\",\"@id\":\"https:\\\/\\\/www.sophrologue-sonia.fr\\\/index.php\\\/mentions-legales\\\/#breadcrumb\",\"itemListElement\":[{\"@type\":\"ListItem\",\"position\":1,\"name\":\"Accueil\",\"item\":\"https:\\\/\\\/www.sophrologue-sonia.fr\\\/\"},{\"@type\":\"ListItem\",\"position\":2,\"name\":\"Mentions l\u00e9gales\"}]},{\"@type\":\"WebSite\",\"@id\":\"https:\\\/\\\/www.sophrologue-sonia.fr\\\/#website\",\"url\":\"https:\\\/\\\/www.sophrologue-sonia.fr\\\/\",\"name\":\"Sophrologue \u00e0 Villechen\u00e8ve dans les monts du lyonnais, Sonia\",\"description\":\"Votre chemin int\u00e9rieur vers l&#039;harmonie\",\"publisher\":{\"@id\":\"https:\\\/\\\/www.sophrologue-sonia.fr\\\/#organization\"},\"potentialAction\":[{\"@type\":\"SearchAction\",\"target\":{\"@type\":\"EntryPoint\",\"urlTemplate\":\"https:\\\/\\\/www.sophrologue-sonia.fr\\\/?s={search_term_string}\"},\"query-input\":{\"@type\":\"PropertyValueSpecification\",\"valueRequired\":true,\"valueName\":\"search_term_string\"}}],\"inLanguage\":\"fr-FR\"},{\"@type\":\"Organization\",\"@id\":\"https:\\\/\\\/www.sophrologue-sonia.fr\\\/#organization\",\"name\":\"Sophrologue \u00e0 Villechen\u00e8ve dans les monts du lyonnais, Sonia\",\"url\":\"https:\\\/\\\/www.sophrologue-sonia.fr\\\/\",\"logo\":{\"@type\":\"ImageObject\",\"inLanguage\":\"fr-FR\",\"@id\":\"https:\\\/\\\/www.sophrologue-sonia.fr\\\/#\\\/schema\\\/logo\\\/image\\\/\",\"url\":\"https:\\\/\\\/www.sophrologue-sonia.fr\\\/wp-content\\\/uploads\\\/2026\\\/02\\\/LOGO-SOPHROLOGUE-SONIA_avec-Baseline-transparence-scaled.png\",\"contentUrl\":\"https:\\\/\\\/www.sophrologue-sonia.fr\\\/wp-content\\\/uploads\\\/2026\\\/02\\\/LOGO-SOPHROLOGUE-SONIA_avec-Baseline-transparence-scaled.png\",\"width\":2560,\"height\":1094,\"caption\":\"Sophrologue \u00e0 Villechen\u00e8ve dans les monts du lyonnais, Sonia\"},\"image\":{\"@id\":\"https:\\\/\\\/www.sophrologue-sonia.fr\\\/#\\\/schema\\\/logo\\\/image\\\/\"},\"sameAs\":[\"https:\\\/\\\/www.facebook.com\\\/sophrologuesonia\",\"https:\\\/\\\/www.instagram.com\\\/soniaqueva.sophrologue\\\/\",\"https:\\\/\\\/www.resalib.fr\\\/praticien\\\/124432-sophrologue-sonia-sophrologue-villecheneve\",\"https:\\\/\\\/www.linkedin.com\\\/in\\\/sonia-queva-37333a3a4\\\/\"]}]}<\/script>\n<!-- \/ Yoast SEO plugin. -->","yoast_head_json":{"title":"Mentions l\u00e9gales - Sophrologue \u00e0 Villechen\u00e8ve dans les monts du lyonnais \u2013 Sonia","robots":{"index":"index","follow":"follow","max-snippet":"max-snippet:-1","max-image-preview":"max-image-preview:large","max-video-preview":"max-video-preview:-1"},"canonical":"https:\/\/www.sophrologue-sonia.fr\/index.php\/mentions-legales\/","og_locale":"fr_FR","og_type":"article","og_title":"Mentions l\u00e9gales - Sophrologue \u00e0 Villechen\u00e8ve dans les monts du lyonnais \u2013 Sonia","og_description":"Mentions l\u00e9gales Conform\u00e9ment aux dispositions des articles 6-III et 19 de la Loi pour la Confiance dans l\u2019\u00c9conomie Num\u00e9rique (LCEN), il est pr\u00e9cis\u00e9 aux utilisateurs du site les informations suivantes : \u00c9diteur du siteNom : Sonia QUEVA\u00a0Activit\u00e9 : Sophrologue et toutes activit\u00e9s de sant\u00e9 humaines, de d\u00e9veloppement personnel et de bien-\u00eatreStatut juridique : Entrepreneur individuelSIRET &hellip; Continuer la lecture de &laquo;&nbsp;Mentions l\u00e9gales&nbsp;&raquo;","og_url":"https:\/\/www.sophrologue-sonia.fr\/index.php\/mentions-legales\/","og_site_name":"Sophrologue \u00e0 Villechen\u00e8ve dans les monts du lyonnais \u2013 Sonia","article_publisher":"https:\/\/www.facebook.com\/sophrologuesonia","article_modified_time":"2026-02-13T11:42:26+00:00","twitter_card":"summary_large_image","twitter_misc":{"Dur\u00e9e de lecture estim\u00e9e":"3 minutes"},"schema":{"@context":"https:\/\/schema.org","@graph":[{"@type":"WebPage","@id":"https:\/\/www.sophrologue-sonia.fr\/index.php\/mentions-legales\/","url":"https:\/\/www.sophrologue-sonia.fr\/index.php\/mentions-legales\/","name":"Mentions l\u00e9gales - Sophrologue \u00e0 Villechen\u00e8ve dans les monts du lyonnais \u2013 Sonia","isPartOf":{"@id":"https:\/\/www.sophrologue-sonia.fr\/#website"},"datePublished":"2026-02-13T10:08:45+00:00","dateModified":"2026-02-13T11:42:26+00:00","breadcrumb":{"@id":"https:\/\/www.sophrologue-sonia.fr\/index.php\/mentions-legales\/#breadcrumb"},"inLanguage":"fr-FR","potentialAction":[{"@type":"ReadAction","target":["https:\/\/www.sophrologue-sonia.fr\/index.php\/mentions-legales\/"]}]},{"@type":"BreadcrumbList","@id":"https:\/\/www.sophrologue-sonia.fr\/index.php\/mentions-legales\/#breadcrumb","itemListElement":[{"@type":"ListItem","position":1,"name":"Accueil","item":"https:\/\/www.sophrologue-sonia.fr\/"},{"@type":"ListItem","position":2,"name":"Mentions l\u00e9gales"}]},{"@type":"WebSite","@id":"https:\/\/www.sophrologue-sonia.fr\/#website","url":"https:\/\/www.sophrologue-sonia.fr\/","name":"Sophrologue \u00e0 Villechen\u00e8ve dans les monts du lyonnais, Sonia","description":"Votre chemin int\u00e9rieur vers l&#039;harmonie","publisher":{"@id":"https:\/\/www.sophrologue-sonia.fr\/#organization"},"potentialAction":[{"@type":"SearchAction","target":{"@type":"EntryPoint","urlTemplate":"https:\/\/www.sophrologue-sonia.fr\/?s={search_term_string}"},"query-input":{"@type":"PropertyValueSpecification","valueRequired":true,"valueName":"search_term_string"}}],"inLanguage":"fr-FR"},{"@type":"Organization","@id":"https:\/\/www.sophrologue-sonia.fr\/#organization","name":"Sophrologue \u00e0 Villechen\u00e8ve dans les monts du lyonnais, Sonia","url":"https:\/\/www.sophrologue-sonia.fr\/","logo":{"@type":"ImageObject","inLanguage":"fr-FR","@id":"https:\/\/www.sophrologue-sonia.fr\/#\/schema\/logo\/image\/","url":"https:\/\/www.sophrologue-sonia.fr\/wp-content\/uploads\/2026\/02\/LOGO-SOPHROLOGUE-SONIA_avec-Baseline-transparence-scaled.png","contentUrl":"https:\/\/www.sophrologue-sonia.fr\/wp-content\/uploads\/2026\/02\/LOGO-SOPHROLOGUE-SONIA_avec-Baseline-transparence-scaled.png","width":2560,"height":1094,"caption":"Sophrologue \u00e0 Villechen\u00e8ve dans les monts du lyonnais, Sonia"},"image":{"@id":"https:\/\/www.sophrologue-sonia.fr\/#\/schema\/logo\/image\/"},"sameAs":["https:\/\/www.facebook.com\/sophrologuesonia","https:\/\/www.instagram.com\/soniaqueva.sophrologue\/","https:\/\/www.resalib.fr\/praticien\/124432-sophrologue-sonia-sophrologue-villecheneve","https:\/\/www.linkedin.com\/in\/sonia-queva-37333a3a4\/"]}]}},"_links":{"self":[{"href":"https:\/\/www.sophrologue-sonia.fr\/index.php\/wp-json\/wp\/v2\/pages\/415","targetHints":{"allow":["GET"]}}],"collection":[{"href":"https:\/\/www.sophrologue-sonia.fr\/index.php\/wp-json\/wp\/v2\/pages"}],"about":[{"href":"https:\/\/www.sophrologue-sonia.fr\/index.php\/wp-json\/wp\/v2\/types\/page"}],"author":[{"embeddable":true,"href":"https:\/\/www.sophrologue-sonia.fr\/index.php\/wp-json\/wp\/v2\/users\/3"}],"replies":[{"embeddable":true,"href":"https:\/\/www.sophrologue-sonia.fr\/index.php\/wp-json\/wp\/v2\/comments?post=415"}],"version-history":[{"count":11,"href":"https:\/\/www.sophrologue-sonia.fr\/index.php\/wp-json\/wp\/v2\/pages\/415\/revisions"}],"predecessor-version":[{"id":449,"href":"https:\/\/www.sophrologue-sonia.fr\/index.php\/wp-json\/wp\/v2\/pages\/415\/revisions\/449"}],"wp:attachment":[{"href":"https:\/\/www.sophrologue-sonia.fr\/index.php\/wp-json\/wp\/v2\/media?parent=415"}],"curies":[{"name":"wp","href":"https:\/\/api.w.org\/{rel}","templated":true}]}}