{"id":442,"date":"2026-02-13T11:33:45","date_gmt":"2026-02-13T11:33:45","guid":{"rendered":"https:\/\/sophrologue-sonia.fr\/?page_id=442"},"modified":"2026-02-27T17:49:32","modified_gmt":"2026-02-27T17:49:32","slug":"conditions-generales-dutilisation-cgu","status":"publish","type":"page","link":"https:\/\/www.sophrologue-sonia.fr\/index.php\/conditions-generales-dutilisation-cgu\/","title":{"rendered":"Conditions g\u00e9n\u00e9rales d&rsquo;utilisation (CGU)"},"content":{"rendered":"\t\t<div data-elementor-type=\"wp-page\" data-elementor-id=\"442\" class=\"elementor elementor-442\" data-elementor-post-type=\"page\">\n\t\t\t\t<div data-particle_enable=\"false\" data-particle-mobile-disabled=\"false\" class=\"elementor-element elementor-element-ff0cb53 e-flex e-con-boxed e-con e-parent\" data-id=\"ff0cb53\" data-element_type=\"container\" data-e-type=\"container\">\n\t\t\t\t\t<div class=\"e-con-inner\">\n\t\t\t\t<div class=\"elementor-element elementor-element-451eb39 elementor-widget__width-inherit elementor-widget elementor-widget-text-editor\" data-id=\"451eb39\" data-element_type=\"widget\" data-e-type=\"widget\" data-widget_type=\"text-editor.default\">\n\t\t\t\t\t\t\t\t\t<h1 data-start=\"3597\" data-end=\"3639\">CONDITIONS G\u00c9N\u00c9RALES D\u2019UTILISATION (CGU)<\/h1><p data-start=\"3641\" data-end=\"3679\"><strong data-start=\"3641\" data-end=\"3679\">Conditions g\u00e9n\u00e9rales d\u2019utilisation<\/strong><\/p><p data-start=\"3681\" data-end=\"3769\">L\u2019utilisation du site implique l\u2019acceptation pleine et enti\u00e8re des pr\u00e9sentes conditions.<\/p><p data-start=\"3771\" data-end=\"3856\">Le site a pour objet de pr\u00e9senter l\u2019activit\u00e9 de sophrologie et les services propos\u00e9s.<\/p><p data-start=\"3858\" data-end=\"3884\">L\u2019utilisateur s\u2019engage \u00e0 :<\/p><ul data-start=\"3885\" data-end=\"3993\"><li data-start=\"3885\" data-end=\"3936\"><p data-start=\"3887\" data-end=\"3936\">Ne pas utiliser le site \u00e0 des fins frauduleuses<\/p><\/li><li data-start=\"3937\" data-end=\"3993\"><p data-start=\"3939\" data-end=\"3993\">Ne pas porter atteinte au bon fonctionnement du site<\/p><\/li><\/ul><p data-start=\"3995\" data-end=\"4045\">L\u2019\u00e9diteur ne pourra \u00eatre tenu responsable en cas :<\/p><ul data-start=\"4046\" data-end=\"4137\"><li data-start=\"4046\" data-end=\"4072\"><p data-start=\"4048\" data-end=\"4072\">D\u2019interruption du site<\/p><\/li><li data-start=\"4073\" data-end=\"4097\"><p data-start=\"4075\" data-end=\"4097\">D\u2019erreurs techniques<\/p><\/li><li data-start=\"4098\" data-end=\"4137\"><p data-start=\"4100\" data-end=\"4137\">D\u2019utilisation inappropri\u00e9e du contenu<\/p><\/li><\/ul>\t\t\t\t\t\t\t\t<\/div>\n\t\t\t\t\t<\/div>\n\t\t\t\t<\/div>\n\t\t\t\t<\/div>\n\t\t","protected":false},"excerpt":{"rendered":"<p>CONDITIONS G\u00c9N\u00c9RALES D\u2019UTILISATION (CGU) Conditions g\u00e9n\u00e9rales d\u2019utilisation L\u2019utilisation du site implique l\u2019acceptation pleine et enti\u00e8re des pr\u00e9sentes conditions. Le site a pour objet de pr\u00e9senter l\u2019activit\u00e9 de sophrologie et les services propos\u00e9s. L\u2019utilisateur s\u2019engage \u00e0 : Ne pas utiliser le site \u00e0 des fins frauduleuses Ne pas porter atteinte au bon fonctionnement du site L\u2019\u00e9diteur &hellip; <\/p>\n<p class=\"link-more\"><a href=\"https:\/\/www.sophrologue-sonia.fr\/index.php\/conditions-generales-dutilisation-cgu\/\" class=\"more-link\">Continuer la lecture<span class=\"screen-reader-text\"> de &laquo;&nbsp;Conditions g\u00e9n\u00e9rales d&rsquo;utilisation (CGU)&nbsp;&raquo;<\/span><\/a><\/p>\n","protected":false},"author":3,"featured_media":0,"parent":0,"menu_order":0,"comment_status":"closed","ping_status":"closed","template":"elementor_header_footer","meta":{"footnotes":""},"class_list":["post-442","page","type-page","status-publish","hentry"],"yoast_head":"<!-- This site is optimized with the Yoast SEO plugin v27.3 - https:\/\/yoast.com\/product\/yoast-seo-wordpress\/ -->\n<title>Conditions g\u00e9n\u00e9rales d&#039;utilisation (CGU) - Sophrologue \u00e0 Villechen\u00e8ve dans les monts du lyonnais \u2013 Sonia<\/title>\n<meta name=\"robots\" content=\"index, follow, max-snippet:-1, max-image-preview:large, max-video-preview:-1\" \/>\n<link rel=\"canonical\" href=\"https:\/\/www.sophrologue-sonia.fr\/index.php\/conditions-generales-dutilisation-cgu\/\" \/>\n<meta property=\"og:locale\" content=\"fr_FR\" \/>\n<meta property=\"og:type\" content=\"article\" \/>\n<meta property=\"og:title\" content=\"Conditions g\u00e9n\u00e9rales d&#039;utilisation (CGU) - Sophrologue \u00e0 Villechen\u00e8ve dans les monts du lyonnais \u2013 Sonia\" \/>\n<meta property=\"og:description\" content=\"CONDITIONS G\u00c9N\u00c9RALES D\u2019UTILISATION (CGU) Conditions g\u00e9n\u00e9rales d\u2019utilisation L\u2019utilisation du site implique l\u2019acceptation pleine et enti\u00e8re des pr\u00e9sentes conditions. Le site a pour objet de pr\u00e9senter l\u2019activit\u00e9 de sophrologie et les services propos\u00e9s. L\u2019utilisateur s\u2019engage \u00e0 : Ne pas utiliser le site \u00e0 des fins frauduleuses Ne pas porter atteinte au bon fonctionnement du site L\u2019\u00e9diteur &hellip; Continuer la lecture de &laquo;&nbsp;Conditions g\u00e9n\u00e9rales d&rsquo;utilisation (CGU)&nbsp;&raquo;\" \/>\n<meta property=\"og:url\" content=\"https:\/\/www.sophrologue-sonia.fr\/index.php\/conditions-generales-dutilisation-cgu\/\" \/>\n<meta property=\"og:site_name\" content=\"Sophrologue \u00e0 Villechen\u00e8ve dans les monts du lyonnais \u2013 Sonia\" \/>\n<meta property=\"article:publisher\" content=\"https:\/\/www.facebook.com\/sophrologuesonia\" \/>\n<meta property=\"article:modified_time\" content=\"2026-02-27T17:49:32+00:00\" \/>\n<meta name=\"twitter:card\" content=\"summary_large_image\" \/>\n<meta name=\"twitter:label1\" content=\"Dur\u00e9e de lecture estim\u00e9e\" \/>\n\t<meta name=\"twitter:data1\" content=\"1 minute\" \/>\n<script type=\"application\/ld+json\" class=\"yoast-schema-graph\">{\"@context\":\"https:\\\/\\\/schema.org\",\"@graph\":[{\"@type\":\"WebPage\",\"@id\":\"https:\\\/\\\/www.sophrologue-sonia.fr\\\/index.php\\\/conditions-generales-dutilisation-cgu\\\/\",\"url\":\"https:\\\/\\\/www.sophrologue-sonia.fr\\\/index.php\\\/conditions-generales-dutilisation-cgu\\\/\",\"name\":\"Conditions g\u00e9n\u00e9rales d'utilisation (CGU) - Sophrologue \u00e0 Villechen\u00e8ve dans les monts du lyonnais \u2013 Sonia\",\"isPartOf\":{\"@id\":\"https:\\\/\\\/www.sophrologue-sonia.fr\\\/#website\"},\"datePublished\":\"2026-02-13T11:33:45+00:00\",\"dateModified\":\"2026-02-27T17:49:32+00:00\",\"breadcrumb\":{\"@id\":\"https:\\\/\\\/www.sophrologue-sonia.fr\\\/index.php\\\/conditions-generales-dutilisation-cgu\\\/#breadcrumb\"},\"inLanguage\":\"fr-FR\",\"potentialAction\":[{\"@type\":\"ReadAction\",\"target\":[\"https:\\\/\\\/www.sophrologue-sonia.fr\\\/index.php\\\/conditions-generales-dutilisation-cgu\\\/\"]}]},{\"@type\":\"BreadcrumbList\",\"@id\":\"https:\\\/\\\/www.sophrologue-sonia.fr\\\/index.php\\\/conditions-generales-dutilisation-cgu\\\/#breadcrumb\",\"itemListElement\":[{\"@type\":\"ListItem\",\"position\":1,\"name\":\"Accueil\",\"item\":\"https:\\\/\\\/www.sophrologue-sonia.fr\\\/\"},{\"@type\":\"ListItem\",\"position\":2,\"name\":\"Conditions g\u00e9n\u00e9rales d&rsquo;utilisation (CGU)\"}]},{\"@type\":\"WebSite\",\"@id\":\"https:\\\/\\\/www.sophrologue-sonia.fr\\\/#website\",\"url\":\"https:\\\/\\\/www.sophrologue-sonia.fr\\\/\",\"name\":\"Sophrologue \u00e0 Villechen\u00e8ve dans les monts du lyonnais, Sonia\",\"description\":\"Votre chemin int\u00e9rieur vers l&#039;harmonie\",\"publisher\":{\"@id\":\"https:\\\/\\\/www.sophrologue-sonia.fr\\\/#organization\"},\"potentialAction\":[{\"@type\":\"SearchAction\",\"target\":{\"@type\":\"EntryPoint\",\"urlTemplate\":\"https:\\\/\\\/www.sophrologue-sonia.fr\\\/?s={search_term_string}\"},\"query-input\":{\"@type\":\"PropertyValueSpecification\",\"valueRequired\":true,\"valueName\":\"search_term_string\"}}],\"inLanguage\":\"fr-FR\"},{\"@type\":\"Organization\",\"@id\":\"https:\\\/\\\/www.sophrologue-sonia.fr\\\/#organization\",\"name\":\"Sophrologue \u00e0 Villechen\u00e8ve dans les monts du lyonnais, Sonia\",\"url\":\"https:\\\/\\\/www.sophrologue-sonia.fr\\\/\",\"logo\":{\"@type\":\"ImageObject\",\"inLanguage\":\"fr-FR\",\"@id\":\"https:\\\/\\\/www.sophrologue-sonia.fr\\\/#\\\/schema\\\/logo\\\/image\\\/\",\"url\":\"https:\\\/\\\/www.sophrologue-sonia.fr\\\/wp-content\\\/uploads\\\/2026\\\/02\\\/LOGO-SOPHROLOGUE-SONIA_avec-Baseline-transparence-scaled.png\",\"contentUrl\":\"https:\\\/\\\/www.sophrologue-sonia.fr\\\/wp-content\\\/uploads\\\/2026\\\/02\\\/LOGO-SOPHROLOGUE-SONIA_avec-Baseline-transparence-scaled.png\",\"width\":2560,\"height\":1094,\"caption\":\"Sophrologue \u00e0 Villechen\u00e8ve dans les monts du lyonnais, Sonia\"},\"image\":{\"@id\":\"https:\\\/\\\/www.sophrologue-sonia.fr\\\/#\\\/schema\\\/logo\\\/image\\\/\"},\"sameAs\":[\"https:\\\/\\\/www.facebook.com\\\/sophrologuesonia\",\"https:\\\/\\\/www.instagram.com\\\/soniaqueva.sophrologue\\\/\",\"https:\\\/\\\/www.resalib.fr\\\/praticien\\\/124432-sophrologue-sonia-sophrologue-villecheneve\",\"https:\\\/\\\/www.linkedin.com\\\/in\\\/sonia-queva-37333a3a4\\\/\"]}]}<\/script>\n<!-- \/ Yoast SEO plugin. -->","yoast_head_json":{"title":"Conditions g\u00e9n\u00e9rales d'utilisation (CGU) - Sophrologue \u00e0 Villechen\u00e8ve dans les monts du lyonnais \u2013 Sonia","robots":{"index":"index","follow":"follow","max-snippet":"max-snippet:-1","max-image-preview":"max-image-preview:large","max-video-preview":"max-video-preview:-1"},"canonical":"https:\/\/www.sophrologue-sonia.fr\/index.php\/conditions-generales-dutilisation-cgu\/","og_locale":"fr_FR","og_type":"article","og_title":"Conditions g\u00e9n\u00e9rales d'utilisation (CGU) - Sophrologue \u00e0 Villechen\u00e8ve dans les monts du lyonnais \u2013 Sonia","og_description":"CONDITIONS G\u00c9N\u00c9RALES D\u2019UTILISATION (CGU) Conditions g\u00e9n\u00e9rales d\u2019utilisation L\u2019utilisation du site implique l\u2019acceptation pleine et enti\u00e8re des pr\u00e9sentes conditions. Le site a pour objet de pr\u00e9senter l\u2019activit\u00e9 de sophrologie et les services propos\u00e9s. L\u2019utilisateur s\u2019engage \u00e0 : Ne pas utiliser le site \u00e0 des fins frauduleuses Ne pas porter atteinte au bon fonctionnement du site L\u2019\u00e9diteur &hellip; Continuer la lecture de &laquo;&nbsp;Conditions g\u00e9n\u00e9rales d&rsquo;utilisation (CGU)&nbsp;&raquo;","og_url":"https:\/\/www.sophrologue-sonia.fr\/index.php\/conditions-generales-dutilisation-cgu\/","og_site_name":"Sophrologue \u00e0 Villechen\u00e8ve dans les monts du lyonnais \u2013 Sonia","article_publisher":"https:\/\/www.facebook.com\/sophrologuesonia","article_modified_time":"2026-02-27T17:49:32+00:00","twitter_card":"summary_large_image","twitter_misc":{"Dur\u00e9e de lecture estim\u00e9e":"1 minute"},"schema":{"@context":"https:\/\/schema.org","@graph":[{"@type":"WebPage","@id":"https:\/\/www.sophrologue-sonia.fr\/index.php\/conditions-generales-dutilisation-cgu\/","url":"https:\/\/www.sophrologue-sonia.fr\/index.php\/conditions-generales-dutilisation-cgu\/","name":"Conditions g\u00e9n\u00e9rales d'utilisation (CGU) - Sophrologue \u00e0 Villechen\u00e8ve dans les monts du lyonnais \u2013 Sonia","isPartOf":{"@id":"https:\/\/www.sophrologue-sonia.fr\/#website"},"datePublished":"2026-02-13T11:33:45+00:00","dateModified":"2026-02-27T17:49:32+00:00","breadcrumb":{"@id":"https:\/\/www.sophrologue-sonia.fr\/index.php\/conditions-generales-dutilisation-cgu\/#breadcrumb"},"inLanguage":"fr-FR","potentialAction":[{"@type":"ReadAction","target":["https:\/\/www.sophrologue-sonia.fr\/index.php\/conditions-generales-dutilisation-cgu\/"]}]},{"@type":"BreadcrumbList","@id":"https:\/\/www.sophrologue-sonia.fr\/index.php\/conditions-generales-dutilisation-cgu\/#breadcrumb","itemListElement":[{"@type":"ListItem","position":1,"name":"Accueil","item":"https:\/\/www.sophrologue-sonia.fr\/"},{"@type":"ListItem","position":2,"name":"Conditions g\u00e9n\u00e9rales d&rsquo;utilisation (CGU)"}]},{"@type":"WebSite","@id":"https:\/\/www.sophrologue-sonia.fr\/#website","url":"https:\/\/www.sophrologue-sonia.fr\/","name":"Sophrologue \u00e0 Villechen\u00e8ve dans les monts du lyonnais, Sonia","description":"Votre chemin int\u00e9rieur vers l&#039;harmonie","publisher":{"@id":"https:\/\/www.sophrologue-sonia.fr\/#organization"},"potentialAction":[{"@type":"SearchAction","target":{"@type":"EntryPoint","urlTemplate":"https:\/\/www.sophrologue-sonia.fr\/?s={search_term_string}"},"query-input":{"@type":"PropertyValueSpecification","valueRequired":true,"valueName":"search_term_string"}}],"inLanguage":"fr-FR"},{"@type":"Organization","@id":"https:\/\/www.sophrologue-sonia.fr\/#organization","name":"Sophrologue \u00e0 Villechen\u00e8ve dans les monts du lyonnais, Sonia","url":"https:\/\/www.sophrologue-sonia.fr\/","logo":{"@type":"ImageObject","inLanguage":"fr-FR","@id":"https:\/\/www.sophrologue-sonia.fr\/#\/schema\/logo\/image\/","url":"https:\/\/www.sophrologue-sonia.fr\/wp-content\/uploads\/2026\/02\/LOGO-SOPHROLOGUE-SONIA_avec-Baseline-transparence-scaled.png","contentUrl":"https:\/\/www.sophrologue-sonia.fr\/wp-content\/uploads\/2026\/02\/LOGO-SOPHROLOGUE-SONIA_avec-Baseline-transparence-scaled.png","width":2560,"height":1094,"caption":"Sophrologue \u00e0 Villechen\u00e8ve dans les monts du lyonnais, Sonia"},"image":{"@id":"https:\/\/www.sophrologue-sonia.fr\/#\/schema\/logo\/image\/"},"sameAs":["https:\/\/www.facebook.com\/sophrologuesonia","https:\/\/www.instagram.com\/soniaqueva.sophrologue\/","https:\/\/www.resalib.fr\/praticien\/124432-sophrologue-sonia-sophrologue-villecheneve","https:\/\/www.linkedin.com\/in\/sonia-queva-37333a3a4\/"]}]}},"_links":{"self":[{"href":"https:\/\/www.sophrologue-sonia.fr\/index.php\/wp-json\/wp\/v2\/pages\/442","targetHints":{"allow":["GET"]}}],"collection":[{"href":"https:\/\/www.sophrologue-sonia.fr\/index.php\/wp-json\/wp\/v2\/pages"}],"about":[{"href":"https:\/\/www.sophrologue-sonia.fr\/index.php\/wp-json\/wp\/v2\/types\/page"}],"author":[{"embeddable":true,"href":"https:\/\/www.sophrologue-sonia.fr\/index.php\/wp-json\/wp\/v2\/users\/3"}],"replies":[{"embeddable":true,"href":"https:\/\/www.sophrologue-sonia.fr\/index.php\/wp-json\/wp\/v2\/comments?post=442"}],"version-history":[{"count":19,"href":"https:\/\/www.sophrologue-sonia.fr\/index.php\/wp-json\/wp\/v2\/pages\/442\/revisions"}],"predecessor-version":[{"id":651,"href":"https:\/\/www.sophrologue-sonia.fr\/index.php\/wp-json\/wp\/v2\/pages\/442\/revisions\/651"}],"wp:attachment":[{"href":"https:\/\/www.sophrologue-sonia.fr\/index.php\/wp-json\/wp\/v2\/media?parent=442"}],"curies":[{"name":"wp","href":"https:\/\/api.w.org\/{rel}","templated":true}]}}