{"id":450,"date":"2026-02-13T11:44:33","date_gmt":"2026-02-13T11:44:33","guid":{"rendered":"https:\/\/sophrologue-sonia.fr\/?page_id=450"},"modified":"2026-02-27T17:44:06","modified_gmt":"2026-02-27T17:44:06","slug":"conditions-generales-de-ventes-cgv","status":"publish","type":"page","link":"https:\/\/www.sophrologue-sonia.fr\/index.php\/conditions-generales-de-ventes-cgv\/","title":{"rendered":"Conditions g\u00e9n\u00e9rales de ventes (CGV)"},"content":{"rendered":"\t\t<div data-elementor-type=\"wp-page\" data-elementor-id=\"450\" class=\"elementor elementor-450\" data-elementor-post-type=\"page\">\n\t\t\t\t<div data-particle_enable=\"false\" data-particle-mobile-disabled=\"false\" class=\"elementor-element elementor-element-8d55229 e-flex e-con-boxed e-con e-parent\" data-id=\"8d55229\" data-element_type=\"container\" data-e-type=\"container\">\n\t\t\t\t\t<div class=\"e-con-inner\">\n\t\t\t\t<div class=\"elementor-element elementor-element-cb55d21 elementor-widget elementor-widget-text-editor\" data-id=\"cb55d21\" data-element_type=\"widget\" data-e-type=\"widget\" data-widget_type=\"text-editor.default\">\n\t\t\t\t\t\t\t\t\t<h1 data-start=\"4144\" data-end=\"4181\"><strong>CONDITIONS G\u00c9N\u00c9RALES DE VENTE (CGV)<\/strong><\/h1><h2 data-start=\"4218\" data-end=\"4238\">Article 1 \u2013 Objet<\/h2><p data-start=\"4240\" data-end=\"4332\">Les pr\u00e9sentes conditions r\u00e9gissent les prestations de sophrologie propos\u00e9es par Sonia.<\/p><h2 data-start=\"4334\" data-end=\"4360\">Article 2 \u2013 Prestations<\/h2><p data-start=\"4362\" data-end=\"4390\">Les s\u00e9ances sont r\u00e9alis\u00e9es :<\/p><ul data-start=\"4391\" data-end=\"4443\"><li data-start=\"4391\" data-end=\"4420\"><p data-start=\"4393\" data-end=\"4420\">En cabinet \u00e0 Villechen\u00e8ve<\/p><\/li><li data-start=\"4421\" data-end=\"4443\"><p data-start=\"4423\" data-end=\"4443\">En visioconf\u00e9rence<\/p><\/li><\/ul><h2 data-start=\"4445\" data-end=\"4466\">Article 3 \u2013 Tarifs<\/h2><p data-start=\"4468\" data-end=\"4547\">Les tarifs sont affich\u00e9s sur la page d\u00e9di\u00e9e.<br data-start=\"4512\" data-end=\"4515\" \/>Les prix sont exprim\u00e9s en euros.<\/p><h2 data-start=\"4549\" data-end=\"4572\">Article 4 \u2013 Paiement<\/h2><p data-start=\"4574\" data-end=\"4629\">Le r\u00e8glement s\u2019effectue \u00e0 la fin de chaque s\u00e9ance par :<\/p><ul data-start=\"4630\" data-end=\"4665\"><li data-start=\"4630\" data-end=\"4641\"><p data-start=\"4632\" data-end=\"4641\">Esp\u00e8ces<\/p><\/li><li data-start=\"4642\" data-end=\"4652\"><p data-start=\"4644\" data-end=\"4652\">Ch\u00e8que<\/p><\/li><li data-start=\"4653\" data-end=\"4665\"><p data-start=\"4655\" data-end=\"4665\">Virement<\/p><\/li><\/ul><h2 data-start=\"4667\" data-end=\"4692\">Article 5 \u2013 Annulation<\/h2><p data-start=\"4694\" data-end=\"4760\">Toute s\u00e9ance annul\u00e9e moins de 24h \u00e0 l\u2019avance pourra \u00eatre factur\u00e9e.<\/p><h2 data-start=\"4762\" data-end=\"4791\">Article 6 \u2013 Responsabilit\u00e9<\/h2><p data-start=\"4793\" data-end=\"4885\">La sophrologie s\u2019inscrit dans une d\u00e9marche de bien-\u00eatre et ne remplace pas un suivi m\u00e9dical.<\/p><h2 data-start=\"4887\" data-end=\"4909\">Article 7 \u2013 Litiges<\/h2><p data-start=\"4911\" data-end=\"5056\">En cas de litige, une solution amiable sera recherch\u00e9e.<br data-start=\"4966\" data-end=\"4969\" \/>\u00c0 d\u00e9faut, les tribunaux comp\u00e9tents seront ceux du ressort du domicile du professionnel.<\/p>\t\t\t\t\t\t\t\t<\/div>\n\t\t\t\t\t<\/div>\n\t\t\t\t<\/div>\n\t\t\t\t<\/div>\n\t\t","protected":false},"excerpt":{"rendered":"<p>CONDITIONS G\u00c9N\u00c9RALES DE VENTE (CGV) Article 1 \u2013 Objet Les pr\u00e9sentes conditions r\u00e9gissent les prestations de sophrologie propos\u00e9es par Sonia. Article 2 \u2013 Prestations Les s\u00e9ances sont r\u00e9alis\u00e9es : En cabinet \u00e0 Villechen\u00e8ve En visioconf\u00e9rence Article 3 \u2013 Tarifs Les tarifs sont affich\u00e9s sur la page d\u00e9di\u00e9e.Les prix sont exprim\u00e9s en euros. Article 4 \u2013 &hellip; <\/p>\n<p class=\"link-more\"><a href=\"https:\/\/www.sophrologue-sonia.fr\/index.php\/conditions-generales-de-ventes-cgv\/\" class=\"more-link\">Continuer la lecture<span class=\"screen-reader-text\"> de &laquo;&nbsp;Conditions g\u00e9n\u00e9rales de ventes (CGV)&nbsp;&raquo;<\/span><\/a><\/p>\n","protected":false},"author":3,"featured_media":0,"parent":0,"menu_order":0,"comment_status":"closed","ping_status":"closed","template":"elementor_header_footer","meta":{"footnotes":""},"class_list":["post-450","page","type-page","status-publish","hentry"],"yoast_head":"<!-- This site is optimized with the Yoast SEO plugin v27.3 - https:\/\/yoast.com\/product\/yoast-seo-wordpress\/ -->\n<title>Conditions g\u00e9n\u00e9rales de ventes (CGV) - Sophrologue \u00e0 Villechen\u00e8ve dans les monts du lyonnais \u2013 Sonia<\/title>\n<meta name=\"robots\" content=\"index, follow, max-snippet:-1, max-image-preview:large, max-video-preview:-1\" \/>\n<link rel=\"canonical\" href=\"https:\/\/www.sophrologue-sonia.fr\/index.php\/conditions-generales-de-ventes-cgv\/\" \/>\n<meta property=\"og:locale\" content=\"fr_FR\" \/>\n<meta property=\"og:type\" content=\"article\" \/>\n<meta property=\"og:title\" content=\"Conditions g\u00e9n\u00e9rales de ventes (CGV) - Sophrologue \u00e0 Villechen\u00e8ve dans les monts du lyonnais \u2013 Sonia\" \/>\n<meta property=\"og:description\" content=\"CONDITIONS G\u00c9N\u00c9RALES DE VENTE (CGV) Article 1 \u2013 Objet Les pr\u00e9sentes conditions r\u00e9gissent les prestations de sophrologie propos\u00e9es par Sonia. Article 2 \u2013 Prestations Les s\u00e9ances sont r\u00e9alis\u00e9es : En cabinet \u00e0 Villechen\u00e8ve En visioconf\u00e9rence Article 3 \u2013 Tarifs Les tarifs sont affich\u00e9s sur la page d\u00e9di\u00e9e.Les prix sont exprim\u00e9s en euros. Article 4 \u2013 &hellip; Continuer la lecture de &laquo;&nbsp;Conditions g\u00e9n\u00e9rales de ventes (CGV)&nbsp;&raquo;\" \/>\n<meta property=\"og:url\" content=\"https:\/\/www.sophrologue-sonia.fr\/index.php\/conditions-generales-de-ventes-cgv\/\" \/>\n<meta property=\"og:site_name\" content=\"Sophrologue \u00e0 Villechen\u00e8ve dans les monts du lyonnais \u2013 Sonia\" \/>\n<meta property=\"article:publisher\" content=\"https:\/\/www.facebook.com\/sophrologuesonia\" \/>\n<meta property=\"article:modified_time\" content=\"2026-02-27T17:44:06+00:00\" \/>\n<meta name=\"twitter:card\" content=\"summary_large_image\" \/>\n<meta name=\"twitter:label1\" content=\"Dur\u00e9e de lecture estim\u00e9e\" \/>\n\t<meta name=\"twitter:data1\" content=\"1 minute\" \/>\n<script type=\"application\/ld+json\" class=\"yoast-schema-graph\">{\"@context\":\"https:\\\/\\\/schema.org\",\"@graph\":[{\"@type\":\"WebPage\",\"@id\":\"https:\\\/\\\/www.sophrologue-sonia.fr\\\/index.php\\\/conditions-generales-de-ventes-cgv\\\/\",\"url\":\"https:\\\/\\\/www.sophrologue-sonia.fr\\\/index.php\\\/conditions-generales-de-ventes-cgv\\\/\",\"name\":\"Conditions g\u00e9n\u00e9rales de ventes (CGV) - Sophrologue \u00e0 Villechen\u00e8ve dans les monts du lyonnais \u2013 Sonia\",\"isPartOf\":{\"@id\":\"https:\\\/\\\/www.sophrologue-sonia.fr\\\/#website\"},\"datePublished\":\"2026-02-13T11:44:33+00:00\",\"dateModified\":\"2026-02-27T17:44:06+00:00\",\"breadcrumb\":{\"@id\":\"https:\\\/\\\/www.sophrologue-sonia.fr\\\/index.php\\\/conditions-generales-de-ventes-cgv\\\/#breadcrumb\"},\"inLanguage\":\"fr-FR\",\"potentialAction\":[{\"@type\":\"ReadAction\",\"target\":[\"https:\\\/\\\/www.sophrologue-sonia.fr\\\/index.php\\\/conditions-generales-de-ventes-cgv\\\/\"]}]},{\"@type\":\"BreadcrumbList\",\"@id\":\"https:\\\/\\\/www.sophrologue-sonia.fr\\\/index.php\\\/conditions-generales-de-ventes-cgv\\\/#breadcrumb\",\"itemListElement\":[{\"@type\":\"ListItem\",\"position\":1,\"name\":\"Accueil\",\"item\":\"https:\\\/\\\/www.sophrologue-sonia.fr\\\/\"},{\"@type\":\"ListItem\",\"position\":2,\"name\":\"Conditions g\u00e9n\u00e9rales de ventes (CGV)\"}]},{\"@type\":\"WebSite\",\"@id\":\"https:\\\/\\\/www.sophrologue-sonia.fr\\\/#website\",\"url\":\"https:\\\/\\\/www.sophrologue-sonia.fr\\\/\",\"name\":\"Sophrologue \u00e0 Villechen\u00e8ve dans les monts du lyonnais, Sonia\",\"description\":\"Votre chemin int\u00e9rieur vers l&#039;harmonie\",\"publisher\":{\"@id\":\"https:\\\/\\\/www.sophrologue-sonia.fr\\\/#organization\"},\"potentialAction\":[{\"@type\":\"SearchAction\",\"target\":{\"@type\":\"EntryPoint\",\"urlTemplate\":\"https:\\\/\\\/www.sophrologue-sonia.fr\\\/?s={search_term_string}\"},\"query-input\":{\"@type\":\"PropertyValueSpecification\",\"valueRequired\":true,\"valueName\":\"search_term_string\"}}],\"inLanguage\":\"fr-FR\"},{\"@type\":\"Organization\",\"@id\":\"https:\\\/\\\/www.sophrologue-sonia.fr\\\/#organization\",\"name\":\"Sophrologue \u00e0 Villechen\u00e8ve dans les monts du lyonnais, Sonia\",\"url\":\"https:\\\/\\\/www.sophrologue-sonia.fr\\\/\",\"logo\":{\"@type\":\"ImageObject\",\"inLanguage\":\"fr-FR\",\"@id\":\"https:\\\/\\\/www.sophrologue-sonia.fr\\\/#\\\/schema\\\/logo\\\/image\\\/\",\"url\":\"https:\\\/\\\/www.sophrologue-sonia.fr\\\/wp-content\\\/uploads\\\/2026\\\/02\\\/LOGO-SOPHROLOGUE-SONIA_avec-Baseline-transparence-scaled.png\",\"contentUrl\":\"https:\\\/\\\/www.sophrologue-sonia.fr\\\/wp-content\\\/uploads\\\/2026\\\/02\\\/LOGO-SOPHROLOGUE-SONIA_avec-Baseline-transparence-scaled.png\",\"width\":2560,\"height\":1094,\"caption\":\"Sophrologue \u00e0 Villechen\u00e8ve dans les monts du lyonnais, Sonia\"},\"image\":{\"@id\":\"https:\\\/\\\/www.sophrologue-sonia.fr\\\/#\\\/schema\\\/logo\\\/image\\\/\"},\"sameAs\":[\"https:\\\/\\\/www.facebook.com\\\/sophrologuesonia\",\"https:\\\/\\\/www.instagram.com\\\/soniaqueva.sophrologue\\\/\",\"https:\\\/\\\/www.resalib.fr\\\/praticien\\\/124432-sophrologue-sonia-sophrologue-villecheneve\",\"https:\\\/\\\/www.linkedin.com\\\/in\\\/sonia-queva-37333a3a4\\\/\"]}]}<\/script>\n<!-- \/ Yoast SEO plugin. -->","yoast_head_json":{"title":"Conditions g\u00e9n\u00e9rales de ventes (CGV) - Sophrologue \u00e0 Villechen\u00e8ve dans les monts du lyonnais \u2013 Sonia","robots":{"index":"index","follow":"follow","max-snippet":"max-snippet:-1","max-image-preview":"max-image-preview:large","max-video-preview":"max-video-preview:-1"},"canonical":"https:\/\/www.sophrologue-sonia.fr\/index.php\/conditions-generales-de-ventes-cgv\/","og_locale":"fr_FR","og_type":"article","og_title":"Conditions g\u00e9n\u00e9rales de ventes (CGV) - Sophrologue \u00e0 Villechen\u00e8ve dans les monts du lyonnais \u2013 Sonia","og_description":"CONDITIONS G\u00c9N\u00c9RALES DE VENTE (CGV) Article 1 \u2013 Objet Les pr\u00e9sentes conditions r\u00e9gissent les prestations de sophrologie propos\u00e9es par Sonia. Article 2 \u2013 Prestations Les s\u00e9ances sont r\u00e9alis\u00e9es : En cabinet \u00e0 Villechen\u00e8ve En visioconf\u00e9rence Article 3 \u2013 Tarifs Les tarifs sont affich\u00e9s sur la page d\u00e9di\u00e9e.Les prix sont exprim\u00e9s en euros. Article 4 \u2013 &hellip; Continuer la lecture de &laquo;&nbsp;Conditions g\u00e9n\u00e9rales de ventes (CGV)&nbsp;&raquo;","og_url":"https:\/\/www.sophrologue-sonia.fr\/index.php\/conditions-generales-de-ventes-cgv\/","og_site_name":"Sophrologue \u00e0 Villechen\u00e8ve dans les monts du lyonnais \u2013 Sonia","article_publisher":"https:\/\/www.facebook.com\/sophrologuesonia","article_modified_time":"2026-02-27T17:44:06+00:00","twitter_card":"summary_large_image","twitter_misc":{"Dur\u00e9e de lecture estim\u00e9e":"1 minute"},"schema":{"@context":"https:\/\/schema.org","@graph":[{"@type":"WebPage","@id":"https:\/\/www.sophrologue-sonia.fr\/index.php\/conditions-generales-de-ventes-cgv\/","url":"https:\/\/www.sophrologue-sonia.fr\/index.php\/conditions-generales-de-ventes-cgv\/","name":"Conditions g\u00e9n\u00e9rales de ventes (CGV) - Sophrologue \u00e0 Villechen\u00e8ve dans les monts du lyonnais \u2013 Sonia","isPartOf":{"@id":"https:\/\/www.sophrologue-sonia.fr\/#website"},"datePublished":"2026-02-13T11:44:33+00:00","dateModified":"2026-02-27T17:44:06+00:00","breadcrumb":{"@id":"https:\/\/www.sophrologue-sonia.fr\/index.php\/conditions-generales-de-ventes-cgv\/#breadcrumb"},"inLanguage":"fr-FR","potentialAction":[{"@type":"ReadAction","target":["https:\/\/www.sophrologue-sonia.fr\/index.php\/conditions-generales-de-ventes-cgv\/"]}]},{"@type":"BreadcrumbList","@id":"https:\/\/www.sophrologue-sonia.fr\/index.php\/conditions-generales-de-ventes-cgv\/#breadcrumb","itemListElement":[{"@type":"ListItem","position":1,"name":"Accueil","item":"https:\/\/www.sophrologue-sonia.fr\/"},{"@type":"ListItem","position":2,"name":"Conditions g\u00e9n\u00e9rales de ventes (CGV)"}]},{"@type":"WebSite","@id":"https:\/\/www.sophrologue-sonia.fr\/#website","url":"https:\/\/www.sophrologue-sonia.fr\/","name":"Sophrologue \u00e0 Villechen\u00e8ve dans les monts du lyonnais, Sonia","description":"Votre chemin int\u00e9rieur vers l&#039;harmonie","publisher":{"@id":"https:\/\/www.sophrologue-sonia.fr\/#organization"},"potentialAction":[{"@type":"SearchAction","target":{"@type":"EntryPoint","urlTemplate":"https:\/\/www.sophrologue-sonia.fr\/?s={search_term_string}"},"query-input":{"@type":"PropertyValueSpecification","valueRequired":true,"valueName":"search_term_string"}}],"inLanguage":"fr-FR"},{"@type":"Organization","@id":"https:\/\/www.sophrologue-sonia.fr\/#organization","name":"Sophrologue \u00e0 Villechen\u00e8ve dans les monts du lyonnais, Sonia","url":"https:\/\/www.sophrologue-sonia.fr\/","logo":{"@type":"ImageObject","inLanguage":"fr-FR","@id":"https:\/\/www.sophrologue-sonia.fr\/#\/schema\/logo\/image\/","url":"https:\/\/www.sophrologue-sonia.fr\/wp-content\/uploads\/2026\/02\/LOGO-SOPHROLOGUE-SONIA_avec-Baseline-transparence-scaled.png","contentUrl":"https:\/\/www.sophrologue-sonia.fr\/wp-content\/uploads\/2026\/02\/LOGO-SOPHROLOGUE-SONIA_avec-Baseline-transparence-scaled.png","width":2560,"height":1094,"caption":"Sophrologue \u00e0 Villechen\u00e8ve dans les monts du lyonnais, Sonia"},"image":{"@id":"https:\/\/www.sophrologue-sonia.fr\/#\/schema\/logo\/image\/"},"sameAs":["https:\/\/www.facebook.com\/sophrologuesonia","https:\/\/www.instagram.com\/soniaqueva.sophrologue\/","https:\/\/www.resalib.fr\/praticien\/124432-sophrologue-sonia-sophrologue-villecheneve","https:\/\/www.linkedin.com\/in\/sonia-queva-37333a3a4\/"]}]}},"_links":{"self":[{"href":"https:\/\/www.sophrologue-sonia.fr\/index.php\/wp-json\/wp\/v2\/pages\/450","targetHints":{"allow":["GET"]}}],"collection":[{"href":"https:\/\/www.sophrologue-sonia.fr\/index.php\/wp-json\/wp\/v2\/pages"}],"about":[{"href":"https:\/\/www.sophrologue-sonia.fr\/index.php\/wp-json\/wp\/v2\/types\/page"}],"author":[{"embeddable":true,"href":"https:\/\/www.sophrologue-sonia.fr\/index.php\/wp-json\/wp\/v2\/users\/3"}],"replies":[{"embeddable":true,"href":"https:\/\/www.sophrologue-sonia.fr\/index.php\/wp-json\/wp\/v2\/comments?post=450"}],"version-history":[{"count":7,"href":"https:\/\/www.sophrologue-sonia.fr\/index.php\/wp-json\/wp\/v2\/pages\/450\/revisions"}],"predecessor-version":[{"id":635,"href":"https:\/\/www.sophrologue-sonia.fr\/index.php\/wp-json\/wp\/v2\/pages\/450\/revisions\/635"}],"wp:attachment":[{"href":"https:\/\/www.sophrologue-sonia.fr\/index.php\/wp-json\/wp\/v2\/media?parent=450"}],"curies":[{"name":"wp","href":"https:\/\/api.w.org\/{rel}","templated":true}]}}