{"id":575,"date":"2026-02-24T13:18:44","date_gmt":"2026-02-24T13:18:44","guid":{"rendered":"https:\/\/sophrologue-sonia.fr\/?page_id=575"},"modified":"2026-03-05T17:48:14","modified_gmt":"2026-03-05T17:48:14","slug":"mes-partenaires","status":"publish","type":"page","link":"https:\/\/www.sophrologue-sonia.fr\/index.php\/mes-partenaires\/","title":{"rendered":"Mes partenaires"},"content":{"rendered":"\t\t<div data-elementor-type=\"wp-page\" data-elementor-id=\"575\" class=\"elementor elementor-575\" data-elementor-post-type=\"page\">\n\t\t\t\t<div data-particle_enable=\"false\" data-particle-mobile-disabled=\"false\" class=\"elementor-element elementor-element-c443277 e-flex e-con-boxed e-con e-parent\" data-id=\"c443277\" data-element_type=\"container\" data-e-type=\"container\">\n\t\t\t\t\t<div class=\"e-con-inner\">\n\t\t\t\t<div class=\"elementor-element elementor-element-815a088 elementor-widget elementor-widget-heading\" data-id=\"815a088\" data-element_type=\"widget\" data-e-type=\"widget\" data-widget_type=\"heading.default\">\n\t\t\t\t\t<h2 class=\"elementor-heading-title elementor-size-default\">Mes partenaires<\/h2>\t\t\t\t<\/div>\n\t\t\t\t\t<\/div>\n\t\t\t\t<\/div>\n\t\t<div data-particle_enable=\"false\" data-particle-mobile-disabled=\"false\" class=\"elementor-element elementor-element-3b61c59 e-flex e-con-boxed e-con e-parent\" data-id=\"3b61c59\" data-element_type=\"container\" data-e-type=\"container\">\n\t\t\t\t\t<div class=\"e-con-inner\">\n\t\t\t\t<div class=\"elementor-element elementor-element-ea11818 elementor-widget elementor-widget-text-editor\" data-id=\"ea11818\" data-element_type=\"widget\" data-e-type=\"widget\" data-widget_type=\"text-editor.default\">\n\t\t\t\t\t\t\t\t\t<p>Parce que chaque parcours est unique, je m&rsquo;appuie sur un r\u00e9seau de partenaires compl\u00e9mentaires que je vous invite \u00e0 d\u00e9couvrir.<\/p>\t\t\t\t\t\t\t\t<\/div>\n\t\t\t\t\t<\/div>\n\t\t\t\t<\/div>\n\t\t<div data-particle_enable=\"false\" data-particle-mobile-disabled=\"false\" class=\"elementor-element elementor-element-2ae6b56 e-flex e-con-boxed e-con e-parent\" data-id=\"2ae6b56\" data-element_type=\"container\" data-e-type=\"container\">\n\t\t\t\t\t<div class=\"e-con-inner\">\n\t\t<div data-particle_enable=\"false\" data-particle-mobile-disabled=\"false\" class=\"elementor-element elementor-element-12ee81c e-con-full e-flex e-con e-child\" data-id=\"12ee81c\" data-element_type=\"container\" data-e-type=\"container\">\n\t\t\t\t<div class=\"elementor-element elementor-element-581622f elementor-widget elementor-widget-image\" data-id=\"581622f\" data-element_type=\"widget\" data-e-type=\"widget\" data-widget_type=\"image.default\">\n\t\t\t\t\t\t\t\t\t\t\t\t<figure class=\"wp-caption\">\n\t\t\t\t\t\t\t\t\t\t\t<a href=\"https:\/\/sandrine-neyrat.fr\/\">\n\t\t\t\t\t\t\t<img decoding=\"async\" width=\"301\" height=\"62\" src=\"https:\/\/www.sophrologue-sonia.fr\/wp-content\/uploads\/2026\/03\/sandrine-neyrat.jpg\" class=\"attachment-large size-large wp-image-940\" alt=\"\" sizes=\"100vw\" \/>\t\t\t\t\t\t\t\t<\/a>\n\t\t\t\t\t\t\t\t\t\t\t<figcaption class=\"widget-image-caption wp-caption-text\">Cliquez pour acc\u00e9der \u00e0 son site<\/figcaption>\n\t\t\t\t\t\t\t\t\t\t<\/figure>\n\t\t\t\t\t\t\t\t\t<\/div>\n\t\t\t\t<\/div>\n\t\t<div data-particle_enable=\"false\" data-particle-mobile-disabled=\"false\" class=\"elementor-element elementor-element-989a437 e-con-full e-flex e-con e-child\" data-id=\"989a437\" data-element_type=\"container\" data-e-type=\"container\">\n\t\t\t\t<div class=\"elementor-element elementor-element-61c1550 elementor-widget elementor-widget-text-editor\" data-id=\"61c1550\" data-element_type=\"widget\" data-e-type=\"widget\" data-widget_type=\"text-editor.default\">\n\t\t\t\t\t\t\t\t\t<p>Sandrine Neyrat est une praticienne passionn\u00e9e par les approches de sant\u00e9 holistiques, sp\u00e9cialis\u00e9e en \u00e9nerg\u00e9tique traditionnelle chinoise.<\/p>\t\t\t\t\t\t\t\t<\/div>\n\t\t\t\t<div class=\"elementor-element elementor-element-1f10a49 elementor-widget elementor-widget-text-editor\" data-id=\"1f10a49\" data-element_type=\"widget\" data-e-type=\"widget\" data-widget_type=\"text-editor.default\">\n\t\t\t\t\t\t\t\t\t<p><strong><a class=\"plain-link black\" href=\"mailto:contact@sandrine-neyrat.fr\">contact@sandrine-neyrat.fr\u00a0 \u00a0 <\/a><\/strong><a class=\"plain-link black\" href=\"tel:(+33)641596181\"><strong>(+33)6 41 59 61 81<\/strong><\/a><br \/><em>Appels du lundi au samedi, de 8h \u00e0 19h<\/em><\/p>\t\t\t\t\t\t\t\t<\/div>\n\t\t\t\t<\/div>\n\t\t\t\t\t<\/div>\n\t\t\t\t<\/div>\n\t\t<div data-particle_enable=\"false\" data-particle-mobile-disabled=\"false\" class=\"elementor-element elementor-element-918c86f e-flex e-con-boxed e-con e-parent\" data-id=\"918c86f\" data-element_type=\"container\" data-e-type=\"container\">\n\t\t\t\t\t<div class=\"e-con-inner\">\n\t\t<div data-particle_enable=\"false\" data-particle-mobile-disabled=\"false\" class=\"elementor-element elementor-element-786cd74 e-con-full e-flex e-con e-child\" data-id=\"786cd74\" data-element_type=\"container\" data-e-type=\"container\">\n\t\t\t\t<div class=\"elementor-element elementor-element-670a9eb elementor-widget elementor-widget-image\" data-id=\"670a9eb\" data-element_type=\"widget\" data-e-type=\"widget\" data-widget_type=\"image.default\">\n\t\t\t\t\t\t\t\t\t\t\t\t<figure class=\"wp-caption\">\n\t\t\t\t\t\t\t\t\t\t\t<a href=\"https:\/\/beeome.fr\/\">\n\t\t\t\t\t\t\t<img fetchpriority=\"high\" decoding=\"async\" width=\"740\" height=\"341\" src=\"https:\/\/www.sophrologue-sonia.fr\/wp-content\/uploads\/2026\/03\/Logo-VF-QUADRI-1024x472-1.png\" class=\"attachment-large size-large wp-image-953\" alt=\"\" srcset=\"https:\/\/www.sophrologue-sonia.fr\/wp-content\/uploads\/2026\/03\/Logo-VF-QUADRI-1024x472-1.png 1024w, https:\/\/www.sophrologue-sonia.fr\/wp-content\/uploads\/2026\/03\/Logo-VF-QUADRI-1024x472-1-300x138.png 300w, https:\/\/www.sophrologue-sonia.fr\/wp-content\/uploads\/2026\/03\/Logo-VF-QUADRI-1024x472-1-768x354.png 768w\" sizes=\"100vw\" \/>\t\t\t\t\t\t\t\t<\/a>\n\t\t\t\t\t\t\t\t\t\t\t<figcaption class=\"widget-image-caption wp-caption-text\">Cliquez pour acc\u00e9der \u00e0 son site<\/figcaption>\n\t\t\t\t\t\t\t\t\t\t<\/figure>\n\t\t\t\t\t\t\t\t\t<\/div>\n\t\t\t\t<\/div>\n\t\t<div data-particle_enable=\"false\" data-particle-mobile-disabled=\"false\" class=\"elementor-element elementor-element-8c76701 e-con-full e-flex e-con e-child\" data-id=\"8c76701\" data-element_type=\"container\" data-e-type=\"container\">\n\t\t\t\t<div class=\"elementor-element elementor-element-f1c0252 elementor-widget elementor-widget-text-editor\" data-id=\"f1c0252\" data-element_type=\"widget\" data-e-type=\"widget\" data-widget_type=\"text-editor.default\">\n\t\t\t\t\t\t\t\t\t<div class=\"xkh2ocl x1iyjqo2 x1iorvi4 xjkvuk6\"><div class=\"x9f619 x1ja2u2z x78zum5 x2lah0s x1n2onr6 x1qughib x1qjc9v5 xozqiw3 x1q0g3np xyri2b x1c1uobl x18d9i69 xexx8yu x1ws5yxj xw01apr x4cne27 xifccgj\"><div class=\"x9f619 x1n2onr6 x1ja2u2z x78zum5 xdt5ytf x193iq5w xeuugli x1r8uery x1iyjqo2 xs83m0k xqcrz7y x1icxu4v x25sj25 x10b6aqq x1yrsyyn\"><div class=\"x78zum5 xdt5ytf xz62fqu x16ldp7u\"><div class=\"xu06os2 x1ok221b\"><div class=\"xdj266r x14z9mp xat24cr x1lziwak x1vvkbs\"><div dir=\"auto\">Organisation pour la pr\u00e9servation de l\u2019environnement<\/div><\/div><\/div><\/div><\/div><\/div><\/div>\t\t\t\t\t\t\t\t<\/div>\n\t\t\t\t<div class=\"elementor-element elementor-element-595c5a4 elementor-widget elementor-widget-text-editor\" data-id=\"595c5a4\" data-element_type=\"widget\" data-e-type=\"widget\" data-widget_type=\"text-editor.default\">\n\t\t\t\t\t\t\t\t\t<p><a href=\"mailto:contact@beeome.fr\"><strong>contact@beeome.fr<\/strong><\/a><br \/><br \/><\/p>\t\t\t\t\t\t\t\t<\/div>\n\t\t\t\t<\/div>\n\t\t\t\t\t<\/div>\n\t\t\t\t<\/div>\n\t\t<div data-particle_enable=\"false\" data-particle-mobile-disabled=\"false\" class=\"elementor-element elementor-element-a0cee81 e-flex e-con-boxed e-con e-parent\" data-id=\"a0cee81\" data-element_type=\"container\" data-e-type=\"container\">\n\t\t\t\t\t<div class=\"e-con-inner\">\n\t\t<div data-particle_enable=\"false\" data-particle-mobile-disabled=\"false\" class=\"elementor-element elementor-element-226d4ef e-con-full e-flex e-con e-child\" data-id=\"226d4ef\" data-element_type=\"container\" data-e-type=\"container\">\n\t\t\t\t<div class=\"elementor-element elementor-element-6c01e07 elementor-widget elementor-widget-image\" data-id=\"6c01e07\" data-element_type=\"widget\" data-e-type=\"widget\" data-widget_type=\"image.default\">\n\t\t\t\t\t\t\t\t\t\t\t\t<figure class=\"wp-caption\">\n\t\t\t\t\t\t\t\t\t\t\t<a href=\"https:\/\/www.instagram.com\/antoine_nutrisport\/\">\n\t\t\t\t\t\t\t<img decoding=\"async\" width=\"229\" height=\"132\" src=\"https:\/\/www.sophrologue-sonia.fr\/wp-content\/uploads\/2026\/03\/antoine-nutrisport.jpg\" class=\"attachment-large size-large wp-image-955\" alt=\"\" sizes=\"100vw\" \/>\t\t\t\t\t\t\t\t<\/a>\n\t\t\t\t\t\t\t\t\t\t\t<figcaption class=\"widget-image-caption wp-caption-text\">Cliquez pour acc\u00e9der \u00e0 son site<\/figcaption>\n\t\t\t\t\t\t\t\t\t\t<\/figure>\n\t\t\t\t\t\t\t\t\t<\/div>\n\t\t\t\t<\/div>\n\t\t<div data-particle_enable=\"false\" data-particle-mobile-disabled=\"false\" class=\"elementor-element elementor-element-c7b9fc6 e-con-full e-flex e-con e-child\" data-id=\"c7b9fc6\" data-element_type=\"container\" data-e-type=\"container\">\n\t\t\t\t<div class=\"elementor-element elementor-element-8f8e341 elementor-widget elementor-widget-text-editor\" data-id=\"8f8e341\" data-element_type=\"widget\" data-e-type=\"widget\" data-widget_type=\"text-editor.default\">\n\t\t\t\t\t\t\t\t\t<div class=\"html-div xdj266r x14z9mp xat24cr x1lziwak xexx8yu xyri2b x18d9i69 x1c1uobl x9f619 xjbqb8w x78zum5 x15mokao x1ga7v0g x16uus16 xbiv7yw x1n2onr6 x1plvlek xryxfnj x1c4vz4f x2lah0s xdt5ytf xqjyukv x1qjc9v5 x1oa3qoh x1nhvcw1\"><div class=\"_ap3a _aaco _aacu _aacy _aad6 _aade\" dir=\"auto\">Nutritionniste &#8211; <span class=\"_ap3a _aaco _aacu _aacx _aad7 _aade\" dir=\"auto\">Pr\u00e9parateur physique dipl\u00f4m\u00e9 d&rsquo;\u00c9tat &#8211; Expert Nutritionniste\u00a0<\/span><\/div><\/div>\t\t\t\t\t\t\t\t<\/div>\n\t\t\t\t<\/div>\n\t\t\t\t\t<\/div>\n\t\t\t\t<\/div>\n\t\t\t\t<\/div>\n\t\t","protected":false},"excerpt":{"rendered":"<p>Mes partenaires Parce que chaque parcours est unique, je m&rsquo;appuie sur un r\u00e9seau de partenaires compl\u00e9mentaires que je vous invite \u00e0 d\u00e9couvrir. Cliquez pour acc\u00e9der \u00e0 son site Sandrine Neyrat est une praticienne passionn\u00e9e par les approches de sant\u00e9 holistiques, sp\u00e9cialis\u00e9e en \u00e9nerg\u00e9tique traditionnelle chinoise. contact@sandrine-neyrat.fr\u00a0 \u00a0 (+33)6 41 59 61 81Appels du lundi au &hellip; <\/p>\n<p class=\"link-more\"><a href=\"https:\/\/www.sophrologue-sonia.fr\/index.php\/mes-partenaires\/\" class=\"more-link\">Continuer la lecture<span class=\"screen-reader-text\"> de &laquo;&nbsp;Mes partenaires&nbsp;&raquo;<\/span><\/a><\/p>\n","protected":false},"author":3,"featured_media":0,"parent":0,"menu_order":0,"comment_status":"closed","ping_status":"closed","template":"elementor_header_footer","meta":{"footnotes":""},"class_list":["post-575","page","type-page","status-publish","hentry"],"yoast_head":"<!-- This site is optimized with the Yoast SEO plugin v27.3 - https:\/\/yoast.com\/product\/yoast-seo-wordpress\/ -->\n<title>Mes partenaires - Sophrologue \u00e0 Villechen\u00e8ve dans les monts du lyonnais \u2013 Sonia<\/title>\n<meta name=\"robots\" content=\"index, follow, max-snippet:-1, max-image-preview:large, max-video-preview:-1\" \/>\n<link rel=\"canonical\" href=\"https:\/\/www.sophrologue-sonia.fr\/index.php\/mes-partenaires\/\" \/>\n<meta property=\"og:locale\" content=\"fr_FR\" \/>\n<meta property=\"og:type\" content=\"article\" \/>\n<meta property=\"og:title\" content=\"Mes partenaires - Sophrologue \u00e0 Villechen\u00e8ve dans les monts du lyonnais \u2013 Sonia\" \/>\n<meta property=\"og:description\" content=\"Mes partenaires Parce que chaque parcours est unique, je m&rsquo;appuie sur un r\u00e9seau de partenaires compl\u00e9mentaires que je vous invite \u00e0 d\u00e9couvrir. Cliquez pour acc\u00e9der \u00e0 son site Sandrine Neyrat est une praticienne passionn\u00e9e par les approches de sant\u00e9 holistiques, sp\u00e9cialis\u00e9e en \u00e9nerg\u00e9tique traditionnelle chinoise. contact@sandrine-neyrat.fr\u00a0 \u00a0 (+33)6 41 59 61 81Appels du lundi au &hellip; Continuer la lecture de &laquo;&nbsp;Mes partenaires&nbsp;&raquo;\" \/>\n<meta property=\"og:url\" content=\"https:\/\/www.sophrologue-sonia.fr\/index.php\/mes-partenaires\/\" \/>\n<meta property=\"og:site_name\" content=\"Sophrologue \u00e0 Villechen\u00e8ve dans les monts du lyonnais \u2013 Sonia\" \/>\n<meta property=\"article:publisher\" content=\"https:\/\/www.facebook.com\/sophrologuesonia\" \/>\n<meta property=\"article:modified_time\" content=\"2026-03-05T17:48:14+00:00\" \/>\n<meta property=\"og:image\" content=\"https:\/\/www.sophrologue-sonia.fr\/wp-content\/uploads\/2026\/03\/sandrine-neyrat.jpg\" \/>\n\t<meta property=\"og:image:width\" content=\"301\" \/>\n\t<meta property=\"og:image:height\" content=\"62\" \/>\n\t<meta property=\"og:image:type\" content=\"image\/jpeg\" \/>\n<meta name=\"twitter:card\" content=\"summary_large_image\" \/>\n<meta name=\"twitter:label1\" content=\"Dur\u00e9e de lecture estim\u00e9e\" \/>\n\t<meta name=\"twitter:data1\" content=\"2 minutes\" \/>\n<script type=\"application\/ld+json\" class=\"yoast-schema-graph\">{\"@context\":\"https:\\\/\\\/schema.org\",\"@graph\":[{\"@type\":\"WebPage\",\"@id\":\"https:\\\/\\\/www.sophrologue-sonia.fr\\\/index.php\\\/mes-partenaires\\\/\",\"url\":\"https:\\\/\\\/www.sophrologue-sonia.fr\\\/index.php\\\/mes-partenaires\\\/\",\"name\":\"Mes partenaires - Sophrologue \u00e0 Villechen\u00e8ve dans les monts du lyonnais \u2013 Sonia\",\"isPartOf\":{\"@id\":\"https:\\\/\\\/www.sophrologue-sonia.fr\\\/#website\"},\"primaryImageOfPage\":{\"@id\":\"https:\\\/\\\/www.sophrologue-sonia.fr\\\/index.php\\\/mes-partenaires\\\/#primaryimage\"},\"image\":{\"@id\":\"https:\\\/\\\/www.sophrologue-sonia.fr\\\/index.php\\\/mes-partenaires\\\/#primaryimage\"},\"thumbnailUrl\":\"https:\\\/\\\/www.sophrologue-sonia.fr\\\/wp-content\\\/uploads\\\/2026\\\/03\\\/sandrine-neyrat.jpg\",\"datePublished\":\"2026-02-24T13:18:44+00:00\",\"dateModified\":\"2026-03-05T17:48:14+00:00\",\"breadcrumb\":{\"@id\":\"https:\\\/\\\/www.sophrologue-sonia.fr\\\/index.php\\\/mes-partenaires\\\/#breadcrumb\"},\"inLanguage\":\"fr-FR\",\"potentialAction\":[{\"@type\":\"ReadAction\",\"target\":[\"https:\\\/\\\/www.sophrologue-sonia.fr\\\/index.php\\\/mes-partenaires\\\/\"]}]},{\"@type\":\"ImageObject\",\"inLanguage\":\"fr-FR\",\"@id\":\"https:\\\/\\\/www.sophrologue-sonia.fr\\\/index.php\\\/mes-partenaires\\\/#primaryimage\",\"url\":\"https:\\\/\\\/www.sophrologue-sonia.fr\\\/wp-content\\\/uploads\\\/2026\\\/03\\\/sandrine-neyrat.jpg\",\"contentUrl\":\"https:\\\/\\\/www.sophrologue-sonia.fr\\\/wp-content\\\/uploads\\\/2026\\\/03\\\/sandrine-neyrat.jpg\",\"width\":301,\"height\":62},{\"@type\":\"BreadcrumbList\",\"@id\":\"https:\\\/\\\/www.sophrologue-sonia.fr\\\/index.php\\\/mes-partenaires\\\/#breadcrumb\",\"itemListElement\":[{\"@type\":\"ListItem\",\"position\":1,\"name\":\"Accueil\",\"item\":\"https:\\\/\\\/www.sophrologue-sonia.fr\\\/\"},{\"@type\":\"ListItem\",\"position\":2,\"name\":\"Mes partenaires\"}]},{\"@type\":\"WebSite\",\"@id\":\"https:\\\/\\\/www.sophrologue-sonia.fr\\\/#website\",\"url\":\"https:\\\/\\\/www.sophrologue-sonia.fr\\\/\",\"name\":\"Sophrologue \u00e0 Villechen\u00e8ve dans les monts du lyonnais, Sonia\",\"description\":\"Votre chemin int\u00e9rieur vers l&#039;harmonie\",\"publisher\":{\"@id\":\"https:\\\/\\\/www.sophrologue-sonia.fr\\\/#organization\"},\"potentialAction\":[{\"@type\":\"SearchAction\",\"target\":{\"@type\":\"EntryPoint\",\"urlTemplate\":\"https:\\\/\\\/www.sophrologue-sonia.fr\\\/?s={search_term_string}\"},\"query-input\":{\"@type\":\"PropertyValueSpecification\",\"valueRequired\":true,\"valueName\":\"search_term_string\"}}],\"inLanguage\":\"fr-FR\"},{\"@type\":\"Organization\",\"@id\":\"https:\\\/\\\/www.sophrologue-sonia.fr\\\/#organization\",\"name\":\"Sophrologue \u00e0 Villechen\u00e8ve dans les monts du lyonnais, Sonia\",\"url\":\"https:\\\/\\\/www.sophrologue-sonia.fr\\\/\",\"logo\":{\"@type\":\"ImageObject\",\"inLanguage\":\"fr-FR\",\"@id\":\"https:\\\/\\\/www.sophrologue-sonia.fr\\\/#\\\/schema\\\/logo\\\/image\\\/\",\"url\":\"https:\\\/\\\/www.sophrologue-sonia.fr\\\/wp-content\\\/uploads\\\/2026\\\/02\\\/LOGO-SOPHROLOGUE-SONIA_avec-Baseline-transparence-scaled.png\",\"contentUrl\":\"https:\\\/\\\/www.sophrologue-sonia.fr\\\/wp-content\\\/uploads\\\/2026\\\/02\\\/LOGO-SOPHROLOGUE-SONIA_avec-Baseline-transparence-scaled.png\",\"width\":2560,\"height\":1094,\"caption\":\"Sophrologue \u00e0 Villechen\u00e8ve dans les monts du lyonnais, Sonia\"},\"image\":{\"@id\":\"https:\\\/\\\/www.sophrologue-sonia.fr\\\/#\\\/schema\\\/logo\\\/image\\\/\"},\"sameAs\":[\"https:\\\/\\\/www.facebook.com\\\/sophrologuesonia\",\"https:\\\/\\\/www.instagram.com\\\/soniaqueva.sophrologue\\\/\",\"https:\\\/\\\/www.resalib.fr\\\/praticien\\\/124432-sophrologue-sonia-sophrologue-villecheneve\",\"https:\\\/\\\/www.linkedin.com\\\/in\\\/sonia-queva-37333a3a4\\\/\"]}]}<\/script>\n<!-- \/ Yoast SEO plugin. -->","yoast_head_json":{"title":"Mes partenaires - Sophrologue \u00e0 Villechen\u00e8ve dans les monts du lyonnais \u2013 Sonia","robots":{"index":"index","follow":"follow","max-snippet":"max-snippet:-1","max-image-preview":"max-image-preview:large","max-video-preview":"max-video-preview:-1"},"canonical":"https:\/\/www.sophrologue-sonia.fr\/index.php\/mes-partenaires\/","og_locale":"fr_FR","og_type":"article","og_title":"Mes partenaires - Sophrologue \u00e0 Villechen\u00e8ve dans les monts du lyonnais \u2013 Sonia","og_description":"Mes partenaires Parce que chaque parcours est unique, je m&rsquo;appuie sur un r\u00e9seau de partenaires compl\u00e9mentaires que je vous invite \u00e0 d\u00e9couvrir. Cliquez pour acc\u00e9der \u00e0 son site Sandrine Neyrat est une praticienne passionn\u00e9e par les approches de sant\u00e9 holistiques, sp\u00e9cialis\u00e9e en \u00e9nerg\u00e9tique traditionnelle chinoise. contact@sandrine-neyrat.fr\u00a0 \u00a0 (+33)6 41 59 61 81Appels du lundi au &hellip; Continuer la lecture de &laquo;&nbsp;Mes partenaires&nbsp;&raquo;","og_url":"https:\/\/www.sophrologue-sonia.fr\/index.php\/mes-partenaires\/","og_site_name":"Sophrologue \u00e0 Villechen\u00e8ve dans les monts du lyonnais \u2013 Sonia","article_publisher":"https:\/\/www.facebook.com\/sophrologuesonia","article_modified_time":"2026-03-05T17:48:14+00:00","og_image":[{"width":301,"height":62,"url":"https:\/\/www.sophrologue-sonia.fr\/wp-content\/uploads\/2026\/03\/sandrine-neyrat.jpg","type":"image\/jpeg"}],"twitter_card":"summary_large_image","twitter_misc":{"Dur\u00e9e de lecture estim\u00e9e":"2 minutes"},"schema":{"@context":"https:\/\/schema.org","@graph":[{"@type":"WebPage","@id":"https:\/\/www.sophrologue-sonia.fr\/index.php\/mes-partenaires\/","url":"https:\/\/www.sophrologue-sonia.fr\/index.php\/mes-partenaires\/","name":"Mes partenaires - Sophrologue \u00e0 Villechen\u00e8ve dans les monts du lyonnais \u2013 Sonia","isPartOf":{"@id":"https:\/\/www.sophrologue-sonia.fr\/#website"},"primaryImageOfPage":{"@id":"https:\/\/www.sophrologue-sonia.fr\/index.php\/mes-partenaires\/#primaryimage"},"image":{"@id":"https:\/\/www.sophrologue-sonia.fr\/index.php\/mes-partenaires\/#primaryimage"},"thumbnailUrl":"https:\/\/www.sophrologue-sonia.fr\/wp-content\/uploads\/2026\/03\/sandrine-neyrat.jpg","datePublished":"2026-02-24T13:18:44+00:00","dateModified":"2026-03-05T17:48:14+00:00","breadcrumb":{"@id":"https:\/\/www.sophrologue-sonia.fr\/index.php\/mes-partenaires\/#breadcrumb"},"inLanguage":"fr-FR","potentialAction":[{"@type":"ReadAction","target":["https:\/\/www.sophrologue-sonia.fr\/index.php\/mes-partenaires\/"]}]},{"@type":"ImageObject","inLanguage":"fr-FR","@id":"https:\/\/www.sophrologue-sonia.fr\/index.php\/mes-partenaires\/#primaryimage","url":"https:\/\/www.sophrologue-sonia.fr\/wp-content\/uploads\/2026\/03\/sandrine-neyrat.jpg","contentUrl":"https:\/\/www.sophrologue-sonia.fr\/wp-content\/uploads\/2026\/03\/sandrine-neyrat.jpg","width":301,"height":62},{"@type":"BreadcrumbList","@id":"https:\/\/www.sophrologue-sonia.fr\/index.php\/mes-partenaires\/#breadcrumb","itemListElement":[{"@type":"ListItem","position":1,"name":"Accueil","item":"https:\/\/www.sophrologue-sonia.fr\/"},{"@type":"ListItem","position":2,"name":"Mes partenaires"}]},{"@type":"WebSite","@id":"https:\/\/www.sophrologue-sonia.fr\/#website","url":"https:\/\/www.sophrologue-sonia.fr\/","name":"Sophrologue \u00e0 Villechen\u00e8ve dans les monts du lyonnais, Sonia","description":"Votre chemin int\u00e9rieur vers l&#039;harmonie","publisher":{"@id":"https:\/\/www.sophrologue-sonia.fr\/#organization"},"potentialAction":[{"@type":"SearchAction","target":{"@type":"EntryPoint","urlTemplate":"https:\/\/www.sophrologue-sonia.fr\/?s={search_term_string}"},"query-input":{"@type":"PropertyValueSpecification","valueRequired":true,"valueName":"search_term_string"}}],"inLanguage":"fr-FR"},{"@type":"Organization","@id":"https:\/\/www.sophrologue-sonia.fr\/#organization","name":"Sophrologue \u00e0 Villechen\u00e8ve dans les monts du lyonnais, Sonia","url":"https:\/\/www.sophrologue-sonia.fr\/","logo":{"@type":"ImageObject","inLanguage":"fr-FR","@id":"https:\/\/www.sophrologue-sonia.fr\/#\/schema\/logo\/image\/","url":"https:\/\/www.sophrologue-sonia.fr\/wp-content\/uploads\/2026\/02\/LOGO-SOPHROLOGUE-SONIA_avec-Baseline-transparence-scaled.png","contentUrl":"https:\/\/www.sophrologue-sonia.fr\/wp-content\/uploads\/2026\/02\/LOGO-SOPHROLOGUE-SONIA_avec-Baseline-transparence-scaled.png","width":2560,"height":1094,"caption":"Sophrologue \u00e0 Villechen\u00e8ve dans les monts du lyonnais, Sonia"},"image":{"@id":"https:\/\/www.sophrologue-sonia.fr\/#\/schema\/logo\/image\/"},"sameAs":["https:\/\/www.facebook.com\/sophrologuesonia","https:\/\/www.instagram.com\/soniaqueva.sophrologue\/","https:\/\/www.resalib.fr\/praticien\/124432-sophrologue-sonia-sophrologue-villecheneve","https:\/\/www.linkedin.com\/in\/sonia-queva-37333a3a4\/"]}]}},"_links":{"self":[{"href":"https:\/\/www.sophrologue-sonia.fr\/index.php\/wp-json\/wp\/v2\/pages\/575","targetHints":{"allow":["GET"]}}],"collection":[{"href":"https:\/\/www.sophrologue-sonia.fr\/index.php\/wp-json\/wp\/v2\/pages"}],"about":[{"href":"https:\/\/www.sophrologue-sonia.fr\/index.php\/wp-json\/wp\/v2\/types\/page"}],"author":[{"embeddable":true,"href":"https:\/\/www.sophrologue-sonia.fr\/index.php\/wp-json\/wp\/v2\/users\/3"}],"replies":[{"embeddable":true,"href":"https:\/\/www.sophrologue-sonia.fr\/index.php\/wp-json\/wp\/v2\/comments?post=575"}],"version-history":[{"count":23,"href":"https:\/\/www.sophrologue-sonia.fr\/index.php\/wp-json\/wp\/v2\/pages\/575\/revisions"}],"predecessor-version":[{"id":1456,"href":"https:\/\/www.sophrologue-sonia.fr\/index.php\/wp-json\/wp\/v2\/pages\/575\/revisions\/1456"}],"wp:attachment":[{"href":"https:\/\/www.sophrologue-sonia.fr\/index.php\/wp-json\/wp\/v2\/media?parent=575"}],"curies":[{"name":"wp","href":"https:\/\/api.w.org\/{rel}","templated":true}]}}