{"id":81,"date":"2026-02-09T18:23:39","date_gmt":"2026-02-09T18:23:39","guid":{"rendered":"https:\/\/sophrologue-sonia.fr\/?page_id=81"},"modified":"2026-03-16T14:40:04","modified_gmt":"2026-03-16T14:40:04","slug":"comment-se-passe-une-seance","status":"publish","type":"page","link":"https:\/\/www.sophrologue-sonia.fr\/index.php\/comment-se-passe-une-seance\/","title":{"rendered":"Comment se d\u00e9roule une s\u00e9ance ?"},"content":{"rendered":"\t\t<div data-elementor-type=\"wp-page\" data-elementor-id=\"81\" class=\"elementor elementor-81\" data-elementor-post-type=\"page\">\n\t\t\t\t<div data-particle_enable=\"false\" data-particle-mobile-disabled=\"false\" class=\"elementor-element elementor-element-b8a6989 e-flex e-con-boxed e-con e-parent\" data-id=\"b8a6989\" data-element_type=\"container\" data-e-type=\"container\">\n\t\t\t\t\t<div class=\"e-con-inner\">\n\t\t\t\t<div class=\"elementor-element elementor-element-5bb6c8a elementor-widget elementor-widget-text-editor\" data-id=\"5bb6c8a\" data-element_type=\"widget\" data-e-type=\"widget\" data-widget_type=\"text-editor.default\">\n\t\t\t\t\t\t\t\t\t<p>La premi\u00e8re s\u00e9ance, (1h30) d\u00e9bute par un temps d\u2019\u00e9change approfondi (anamn\u00e8se) afin de comprendre votre situation, vos besoins et vos objectifs.<br \/>Les s\u00e9ances suivantes, (1h, 1h15) s\u2019articulent autour d\u2019un temps de dialogue, d\u2019exercices de respiration et de d\u00e9tente dynamique, puis d\u2019une visualisation guid\u00e9e adapt\u00e9e \u00e0 votre probl\u00e9matique.<\/p><p>Chaque s\u00e9ance se termine par un temps de partage des ressentis, dans un cadre bienveillant et confidentiel.<\/p><p>La sophrologie est une pratique douce, accessible \u00e0 tous, qui respecte votre rythme.<\/p>\t\t\t\t\t\t\t\t<\/div>\n\t\t\t\t\t<\/div>\n\t\t\t\t<\/div>\n\t\t<div data-particle_enable=\"false\" data-particle-mobile-disabled=\"false\" class=\"elementor-element elementor-element-fff51d8 e-flex e-con-boxed e-con e-parent\" data-id=\"fff51d8\" data-element_type=\"container\" data-e-type=\"container\">\n\t\t\t\t\t<div class=\"e-con-inner\">\n\t\t\t\t<div class=\"elementor-element elementor-element-9aff537 elementor-widget elementor-widget-heading\" data-id=\"9aff537\" data-element_type=\"widget\" data-e-type=\"widget\" data-widget_type=\"heading.default\">\n\t\t\t\t\t<h1 class=\"elementor-heading-title elementor-size-default\">Quelle est mon approche ?<\/h1>\t\t\t\t<\/div>\n\t\t\t\t<div class=\"elementor-element elementor-element-ef3d40f elementor-widget elementor-widget-text-editor\" data-id=\"ef3d40f\" data-element_type=\"widget\" data-e-type=\"widget\" data-widget_type=\"text-editor.default\">\n\t\t\t\t\t\t\t\t\t<p data-start=\"444\" data-end=\"649\">\u00a0<\/p><p data-start=\"444\" data-end=\"649\">Mon approche est centr\u00e9e sur la reconnexion \u00e0 soi et \u00e0 ses valeurs profondes.<br data-start=\"521\" data-end=\"524\" \/>Je propose un accompagnement progressif, structur\u00e9 et personnalis\u00e9, visant \u00e0 r\u00e9v\u00e9ler les ressources d\u00e9j\u00e0 pr\u00e9sentes en chacun.<\/p><p data-start=\"651\" data-end=\"897\">J\u2019accorde une attention particuli\u00e8re aux p\u00e9riodes d\u2019\u00e9puisement, de transition de vie ou de perte de rep\u00e8res.<br data-start=\"759\" data-end=\"762\" \/>Mon accompagnement s\u2019inscrit dans une d\u00e9marche respectueuse, \u00e0 l\u2019\u00e9coute du corps, des \u00e9motions et du v\u00e9cu singulier de chaque personne.<\/p>\t\t\t\t\t\t\t\t<\/div>\n\t\t\t\t\t<\/div>\n\t\t\t\t<\/div>\n\t\t\t\t<\/div>\n\t\t","protected":false},"excerpt":{"rendered":"<p>La premi\u00e8re s\u00e9ance, (1h30) d\u00e9bute par un temps d\u2019\u00e9change approfondi (anamn\u00e8se) afin de comprendre votre situation, vos besoins et vos objectifs.Les s\u00e9ances suivantes, (1h, 1h15) s\u2019articulent autour d\u2019un temps de dialogue, d\u2019exercices de respiration et de d\u00e9tente dynamique, puis d\u2019une visualisation guid\u00e9e adapt\u00e9e \u00e0 votre probl\u00e9matique. Chaque s\u00e9ance se termine par un temps de partage &hellip; <\/p>\n<p class=\"link-more\"><a href=\"https:\/\/www.sophrologue-sonia.fr\/index.php\/comment-se-passe-une-seance\/\" class=\"more-link\">Continuer la lecture<span class=\"screen-reader-text\"> de &laquo;&nbsp;Comment se d\u00e9roule une s\u00e9ance ?&nbsp;&raquo;<\/span><\/a><\/p>\n","protected":false},"author":3,"featured_media":539,"parent":0,"menu_order":0,"comment_status":"closed","ping_status":"closed","template":"","meta":{"footnotes":""},"class_list":["post-81","page","type-page","status-publish","has-post-thumbnail","hentry"],"yoast_head":"<!-- This site is optimized with the Yoast SEO plugin v27.3 - https:\/\/yoast.com\/product\/yoast-seo-wordpress\/ -->\n<title>Comment se d\u00e9roule une s\u00e9ance ? - Sophrologue \u00e0 Villechen\u00e8ve dans les monts du lyonnais \u2013 Sonia<\/title>\n<meta name=\"robots\" content=\"index, follow, max-snippet:-1, max-image-preview:large, max-video-preview:-1\" \/>\n<link rel=\"canonical\" href=\"https:\/\/www.sophrologue-sonia.fr\/index.php\/comment-se-passe-une-seance\/\" \/>\n<meta property=\"og:locale\" content=\"fr_FR\" \/>\n<meta property=\"og:type\" content=\"article\" \/>\n<meta property=\"og:title\" content=\"Comment se d\u00e9roule une s\u00e9ance ? - Sophrologue \u00e0 Villechen\u00e8ve dans les monts du lyonnais \u2013 Sonia\" \/>\n<meta property=\"og:description\" content=\"La premi\u00e8re s\u00e9ance, (1h30) d\u00e9bute par un temps d\u2019\u00e9change approfondi (anamn\u00e8se) afin de comprendre votre situation, vos besoins et vos objectifs.Les s\u00e9ances suivantes, (1h, 1h15) s\u2019articulent autour d\u2019un temps de dialogue, d\u2019exercices de respiration et de d\u00e9tente dynamique, puis d\u2019une visualisation guid\u00e9e adapt\u00e9e \u00e0 votre probl\u00e9matique. Chaque s\u00e9ance se termine par un temps de partage &hellip; Continuer la lecture de &laquo;&nbsp;Comment se d\u00e9roule une s\u00e9ance ?&nbsp;&raquo;\" \/>\n<meta property=\"og:url\" content=\"https:\/\/www.sophrologue-sonia.fr\/index.php\/comment-se-passe-une-seance\/\" \/>\n<meta property=\"og:site_name\" content=\"Sophrologue \u00e0 Villechen\u00e8ve dans les monts du lyonnais \u2013 Sonia\" \/>\n<meta property=\"article:publisher\" content=\"https:\/\/www.facebook.com\/sophrologuesonia\" \/>\n<meta property=\"article:modified_time\" content=\"2026-03-16T14:40:04+00:00\" \/>\n<meta property=\"og:image\" content=\"https:\/\/www.sophrologue-sonia.fr\/wp-content\/uploads\/2026\/02\/photos-site-sonia-sophrologue-villecheneve-montsdulyonnais-rhone-69-1900-1264-comment_se_deroule_une_seance.jpg\" \/>\n\t<meta property=\"og:image:width\" content=\"1900\" \/>\n\t<meta property=\"og:image:height\" content=\"1264\" \/>\n\t<meta property=\"og:image:type\" content=\"image\/jpeg\" \/>\n<meta name=\"twitter:card\" content=\"summary_large_image\" \/>\n<meta name=\"twitter:label1\" content=\"Dur\u00e9e de lecture estim\u00e9e\" \/>\n\t<meta name=\"twitter:data1\" content=\"1 minute\" \/>\n<script type=\"application\/ld+json\" class=\"yoast-schema-graph\">{\"@context\":\"https:\\\/\\\/schema.org\",\"@graph\":[{\"@type\":\"WebPage\",\"@id\":\"https:\\\/\\\/www.sophrologue-sonia.fr\\\/index.php\\\/comment-se-passe-une-seance\\\/\",\"url\":\"https:\\\/\\\/www.sophrologue-sonia.fr\\\/index.php\\\/comment-se-passe-une-seance\\\/\",\"name\":\"Comment se d\u00e9roule une s\u00e9ance ? - Sophrologue \u00e0 Villechen\u00e8ve dans les monts du lyonnais \u2013 Sonia\",\"isPartOf\":{\"@id\":\"https:\\\/\\\/www.sophrologue-sonia.fr\\\/#website\"},\"primaryImageOfPage\":{\"@id\":\"https:\\\/\\\/www.sophrologue-sonia.fr\\\/index.php\\\/comment-se-passe-une-seance\\\/#primaryimage\"},\"image\":{\"@id\":\"https:\\\/\\\/www.sophrologue-sonia.fr\\\/index.php\\\/comment-se-passe-une-seance\\\/#primaryimage\"},\"thumbnailUrl\":\"https:\\\/\\\/www.sophrologue-sonia.fr\\\/wp-content\\\/uploads\\\/2026\\\/02\\\/photos-site-sonia-sophrologue-villecheneve-montsdulyonnais-rhone-69-1900-1264-comment_se_deroule_une_seance.jpg\",\"datePublished\":\"2026-02-09T18:23:39+00:00\",\"dateModified\":\"2026-03-16T14:40:04+00:00\",\"breadcrumb\":{\"@id\":\"https:\\\/\\\/www.sophrologue-sonia.fr\\\/index.php\\\/comment-se-passe-une-seance\\\/#breadcrumb\"},\"inLanguage\":\"fr-FR\",\"potentialAction\":[{\"@type\":\"ReadAction\",\"target\":[\"https:\\\/\\\/www.sophrologue-sonia.fr\\\/index.php\\\/comment-se-passe-une-seance\\\/\"]}]},{\"@type\":\"ImageObject\",\"inLanguage\":\"fr-FR\",\"@id\":\"https:\\\/\\\/www.sophrologue-sonia.fr\\\/index.php\\\/comment-se-passe-une-seance\\\/#primaryimage\",\"url\":\"https:\\\/\\\/www.sophrologue-sonia.fr\\\/wp-content\\\/uploads\\\/2026\\\/02\\\/photos-site-sonia-sophrologue-villecheneve-montsdulyonnais-rhone-69-1900-1264-comment_se_deroule_une_seance.jpg\",\"contentUrl\":\"https:\\\/\\\/www.sophrologue-sonia.fr\\\/wp-content\\\/uploads\\\/2026\\\/02\\\/photos-site-sonia-sophrologue-villecheneve-montsdulyonnais-rhone-69-1900-1264-comment_se_deroule_une_seance.jpg\",\"width\":1900,\"height\":1264},{\"@type\":\"BreadcrumbList\",\"@id\":\"https:\\\/\\\/www.sophrologue-sonia.fr\\\/index.php\\\/comment-se-passe-une-seance\\\/#breadcrumb\",\"itemListElement\":[{\"@type\":\"ListItem\",\"position\":1,\"name\":\"Accueil\",\"item\":\"https:\\\/\\\/www.sophrologue-sonia.fr\\\/\"},{\"@type\":\"ListItem\",\"position\":2,\"name\":\"Comment se d\u00e9roule une s\u00e9ance ?\"}]},{\"@type\":\"WebSite\",\"@id\":\"https:\\\/\\\/www.sophrologue-sonia.fr\\\/#website\",\"url\":\"https:\\\/\\\/www.sophrologue-sonia.fr\\\/\",\"name\":\"Sophrologue \u00e0 Villechen\u00e8ve dans les monts du lyonnais, Sonia\",\"description\":\"Votre chemin int\u00e9rieur vers l&#039;harmonie\",\"publisher\":{\"@id\":\"https:\\\/\\\/www.sophrologue-sonia.fr\\\/#organization\"},\"potentialAction\":[{\"@type\":\"SearchAction\",\"target\":{\"@type\":\"EntryPoint\",\"urlTemplate\":\"https:\\\/\\\/www.sophrologue-sonia.fr\\\/?s={search_term_string}\"},\"query-input\":{\"@type\":\"PropertyValueSpecification\",\"valueRequired\":true,\"valueName\":\"search_term_string\"}}],\"inLanguage\":\"fr-FR\"},{\"@type\":\"Organization\",\"@id\":\"https:\\\/\\\/www.sophrologue-sonia.fr\\\/#organization\",\"name\":\"Sophrologue \u00e0 Villechen\u00e8ve dans les monts du lyonnais, Sonia\",\"url\":\"https:\\\/\\\/www.sophrologue-sonia.fr\\\/\",\"logo\":{\"@type\":\"ImageObject\",\"inLanguage\":\"fr-FR\",\"@id\":\"https:\\\/\\\/www.sophrologue-sonia.fr\\\/#\\\/schema\\\/logo\\\/image\\\/\",\"url\":\"https:\\\/\\\/www.sophrologue-sonia.fr\\\/wp-content\\\/uploads\\\/2026\\\/02\\\/LOGO-SOPHROLOGUE-SONIA_avec-Baseline-transparence-scaled.png\",\"contentUrl\":\"https:\\\/\\\/www.sophrologue-sonia.fr\\\/wp-content\\\/uploads\\\/2026\\\/02\\\/LOGO-SOPHROLOGUE-SONIA_avec-Baseline-transparence-scaled.png\",\"width\":2560,\"height\":1094,\"caption\":\"Sophrologue \u00e0 Villechen\u00e8ve dans les monts du lyonnais, Sonia\"},\"image\":{\"@id\":\"https:\\\/\\\/www.sophrologue-sonia.fr\\\/#\\\/schema\\\/logo\\\/image\\\/\"},\"sameAs\":[\"https:\\\/\\\/www.facebook.com\\\/sophrologuesonia\",\"https:\\\/\\\/www.instagram.com\\\/soniaqueva.sophrologue\\\/\",\"https:\\\/\\\/www.resalib.fr\\\/praticien\\\/124432-sophrologue-sonia-sophrologue-villecheneve\",\"https:\\\/\\\/www.linkedin.com\\\/in\\\/sonia-queva-37333a3a4\\\/\"]}]}<\/script>\n<!-- \/ Yoast SEO plugin. -->","yoast_head_json":{"title":"Comment se d\u00e9roule une s\u00e9ance ? - Sophrologue \u00e0 Villechen\u00e8ve dans les monts du lyonnais \u2013 Sonia","robots":{"index":"index","follow":"follow","max-snippet":"max-snippet:-1","max-image-preview":"max-image-preview:large","max-video-preview":"max-video-preview:-1"},"canonical":"https:\/\/www.sophrologue-sonia.fr\/index.php\/comment-se-passe-une-seance\/","og_locale":"fr_FR","og_type":"article","og_title":"Comment se d\u00e9roule une s\u00e9ance ? - Sophrologue \u00e0 Villechen\u00e8ve dans les monts du lyonnais \u2013 Sonia","og_description":"La premi\u00e8re s\u00e9ance, (1h30) d\u00e9bute par un temps d\u2019\u00e9change approfondi (anamn\u00e8se) afin de comprendre votre situation, vos besoins et vos objectifs.Les s\u00e9ances suivantes, (1h, 1h15) s\u2019articulent autour d\u2019un temps de dialogue, d\u2019exercices de respiration et de d\u00e9tente dynamique, puis d\u2019une visualisation guid\u00e9e adapt\u00e9e \u00e0 votre probl\u00e9matique. Chaque s\u00e9ance se termine par un temps de partage &hellip; Continuer la lecture de &laquo;&nbsp;Comment se d\u00e9roule une s\u00e9ance ?&nbsp;&raquo;","og_url":"https:\/\/www.sophrologue-sonia.fr\/index.php\/comment-se-passe-une-seance\/","og_site_name":"Sophrologue \u00e0 Villechen\u00e8ve dans les monts du lyonnais \u2013 Sonia","article_publisher":"https:\/\/www.facebook.com\/sophrologuesonia","article_modified_time":"2026-03-16T14:40:04+00:00","og_image":[{"width":1900,"height":1264,"url":"https:\/\/www.sophrologue-sonia.fr\/wp-content\/uploads\/2026\/02\/photos-site-sonia-sophrologue-villecheneve-montsdulyonnais-rhone-69-1900-1264-comment_se_deroule_une_seance.jpg","type":"image\/jpeg"}],"twitter_card":"summary_large_image","twitter_misc":{"Dur\u00e9e de lecture estim\u00e9e":"1 minute"},"schema":{"@context":"https:\/\/schema.org","@graph":[{"@type":"WebPage","@id":"https:\/\/www.sophrologue-sonia.fr\/index.php\/comment-se-passe-une-seance\/","url":"https:\/\/www.sophrologue-sonia.fr\/index.php\/comment-se-passe-une-seance\/","name":"Comment se d\u00e9roule une s\u00e9ance ? - Sophrologue \u00e0 Villechen\u00e8ve dans les monts du lyonnais \u2013 Sonia","isPartOf":{"@id":"https:\/\/www.sophrologue-sonia.fr\/#website"},"primaryImageOfPage":{"@id":"https:\/\/www.sophrologue-sonia.fr\/index.php\/comment-se-passe-une-seance\/#primaryimage"},"image":{"@id":"https:\/\/www.sophrologue-sonia.fr\/index.php\/comment-se-passe-une-seance\/#primaryimage"},"thumbnailUrl":"https:\/\/www.sophrologue-sonia.fr\/wp-content\/uploads\/2026\/02\/photos-site-sonia-sophrologue-villecheneve-montsdulyonnais-rhone-69-1900-1264-comment_se_deroule_une_seance.jpg","datePublished":"2026-02-09T18:23:39+00:00","dateModified":"2026-03-16T14:40:04+00:00","breadcrumb":{"@id":"https:\/\/www.sophrologue-sonia.fr\/index.php\/comment-se-passe-une-seance\/#breadcrumb"},"inLanguage":"fr-FR","potentialAction":[{"@type":"ReadAction","target":["https:\/\/www.sophrologue-sonia.fr\/index.php\/comment-se-passe-une-seance\/"]}]},{"@type":"ImageObject","inLanguage":"fr-FR","@id":"https:\/\/www.sophrologue-sonia.fr\/index.php\/comment-se-passe-une-seance\/#primaryimage","url":"https:\/\/www.sophrologue-sonia.fr\/wp-content\/uploads\/2026\/02\/photos-site-sonia-sophrologue-villecheneve-montsdulyonnais-rhone-69-1900-1264-comment_se_deroule_une_seance.jpg","contentUrl":"https:\/\/www.sophrologue-sonia.fr\/wp-content\/uploads\/2026\/02\/photos-site-sonia-sophrologue-villecheneve-montsdulyonnais-rhone-69-1900-1264-comment_se_deroule_une_seance.jpg","width":1900,"height":1264},{"@type":"BreadcrumbList","@id":"https:\/\/www.sophrologue-sonia.fr\/index.php\/comment-se-passe-une-seance\/#breadcrumb","itemListElement":[{"@type":"ListItem","position":1,"name":"Accueil","item":"https:\/\/www.sophrologue-sonia.fr\/"},{"@type":"ListItem","position":2,"name":"Comment se d\u00e9roule une s\u00e9ance ?"}]},{"@type":"WebSite","@id":"https:\/\/www.sophrologue-sonia.fr\/#website","url":"https:\/\/www.sophrologue-sonia.fr\/","name":"Sophrologue \u00e0 Villechen\u00e8ve dans les monts du lyonnais, Sonia","description":"Votre chemin int\u00e9rieur vers l&#039;harmonie","publisher":{"@id":"https:\/\/www.sophrologue-sonia.fr\/#organization"},"potentialAction":[{"@type":"SearchAction","target":{"@type":"EntryPoint","urlTemplate":"https:\/\/www.sophrologue-sonia.fr\/?s={search_term_string}"},"query-input":{"@type":"PropertyValueSpecification","valueRequired":true,"valueName":"search_term_string"}}],"inLanguage":"fr-FR"},{"@type":"Organization","@id":"https:\/\/www.sophrologue-sonia.fr\/#organization","name":"Sophrologue \u00e0 Villechen\u00e8ve dans les monts du lyonnais, Sonia","url":"https:\/\/www.sophrologue-sonia.fr\/","logo":{"@type":"ImageObject","inLanguage":"fr-FR","@id":"https:\/\/www.sophrologue-sonia.fr\/#\/schema\/logo\/image\/","url":"https:\/\/www.sophrologue-sonia.fr\/wp-content\/uploads\/2026\/02\/LOGO-SOPHROLOGUE-SONIA_avec-Baseline-transparence-scaled.png","contentUrl":"https:\/\/www.sophrologue-sonia.fr\/wp-content\/uploads\/2026\/02\/LOGO-SOPHROLOGUE-SONIA_avec-Baseline-transparence-scaled.png","width":2560,"height":1094,"caption":"Sophrologue \u00e0 Villechen\u00e8ve dans les monts du lyonnais, Sonia"},"image":{"@id":"https:\/\/www.sophrologue-sonia.fr\/#\/schema\/logo\/image\/"},"sameAs":["https:\/\/www.facebook.com\/sophrologuesonia","https:\/\/www.instagram.com\/soniaqueva.sophrologue\/","https:\/\/www.resalib.fr\/praticien\/124432-sophrologue-sonia-sophrologue-villecheneve","https:\/\/www.linkedin.com\/in\/sonia-queva-37333a3a4\/"]}]}},"_links":{"self":[{"href":"https:\/\/www.sophrologue-sonia.fr\/index.php\/wp-json\/wp\/v2\/pages\/81","targetHints":{"allow":["GET"]}}],"collection":[{"href":"https:\/\/www.sophrologue-sonia.fr\/index.php\/wp-json\/wp\/v2\/pages"}],"about":[{"href":"https:\/\/www.sophrologue-sonia.fr\/index.php\/wp-json\/wp\/v2\/types\/page"}],"author":[{"embeddable":true,"href":"https:\/\/www.sophrologue-sonia.fr\/index.php\/wp-json\/wp\/v2\/users\/3"}],"replies":[{"embeddable":true,"href":"https:\/\/www.sophrologue-sonia.fr\/index.php\/wp-json\/wp\/v2\/comments?post=81"}],"version-history":[{"count":39,"href":"https:\/\/www.sophrologue-sonia.fr\/index.php\/wp-json\/wp\/v2\/pages\/81\/revisions"}],"predecessor-version":[{"id":1475,"href":"https:\/\/www.sophrologue-sonia.fr\/index.php\/wp-json\/wp\/v2\/pages\/81\/revisions\/1475"}],"wp:featuredmedia":[{"embeddable":true,"href":"https:\/\/www.sophrologue-sonia.fr\/index.php\/wp-json\/wp\/v2\/media\/539"}],"wp:attachment":[{"href":"https:\/\/www.sophrologue-sonia.fr\/index.php\/wp-json\/wp\/v2\/media?parent=81"}],"curies":[{"name":"wp","href":"https:\/\/api.w.org\/{rel}","templated":true}]}}