{"id":97,"date":"2026-02-09T18:53:23","date_gmt":"2026-02-09T18:53:23","guid":{"rendered":"https:\/\/sophrologue-sonia.fr\/?page_id=97"},"modified":"2026-03-07T08:51:24","modified_gmt":"2026-03-07T08:51:24","slug":"les-seances-en-cabinet-ou-en-visioconference","status":"publish","type":"page","link":"https:\/\/www.sophrologue-sonia.fr\/index.php\/les-seances-en-cabinet-ou-en-visioconference\/","title":{"rendered":"Les S\u00e9ances en cabinet ou en visioconf\u00e9rence"},"content":{"rendered":"\t\t<div data-elementor-type=\"wp-page\" data-elementor-id=\"97\" class=\"elementor elementor-97\" data-elementor-post-type=\"page\">\n\t\t\t\t<div data-particle_enable=\"false\" data-particle-mobile-disabled=\"false\" class=\"elementor-element elementor-element-3f6b129 e-flex e-con-boxed e-con e-parent\" data-id=\"3f6b129\" data-element_type=\"container\" data-e-type=\"container\">\n\t\t\t\t\t<div class=\"e-con-inner\">\n\t\t\t\t<div class=\"elementor-element elementor-element-9d9fdf6 elementor-widget elementor-widget-text-editor\" data-id=\"9d9fdf6\" data-element_type=\"widget\" data-e-type=\"widget\" data-widget_type=\"text-editor.default\">\n\t\t\t\t\t\t\t\t\t<p>Je vous re\u00e7ois dans un cadre calme et confidentiel, propice au rel\u00e2chement et \u00e0 la reconnexion \u00e0 soi. Chaque accompagnement est personnalis\u00e9, respectueux de votre rythme et de votre objectif, qu\u2019il s\u2019agisse de mieux g\u00e9rer le stress, d\u2019am\u00e9liorer le sommeil, de retrouver confiance ou de traverser une \u00e9tape de vie avec plus de stabilit\u00e9.<\/p><p>Les s\u00e9ances se d\u00e9roulent\u00a0 soit \u00e0 <strong>l&rsquo;espace\u00a0 Burie \u00e0 Villechen\u00e8ve<\/strong> soit <strong>en visoconf\u00e9rence.<\/strong><\/p><ul data-start=\"2569\" data-end=\"2678\"><li data-start=\"2569\" data-end=\"2607\"><p data-start=\"2571\" data-end=\"2607\">Cabinet : <strong data-start=\"2581\" data-end=\"2605\">Espace BURIE<br \/>99 Grande rue &#8211; Le bourg<br \/>69770 VILLECHEN\u00c8VE<\/strong><\/p><p><span style=\"color: #ffcc00;\"><strong><a style=\"color: #ffcc00;\" href=\"https:\/\/maps.app.goo.gl\/N5mAsbnRva7qTHuh7\" target=\"_blank\" rel=\"noopener\">Acc\u00e9dez au plan GOOGLE MAP<\/a><\/strong><\/span><\/p><\/li><li data-start=\"2608\" data-end=\"2678\"><p data-start=\"2610\" data-end=\"2678\"><strong>Visioconf\u00e9rence<\/strong> : simple, s\u00e9curis\u00e9e, efficace (exercices identiques)<\/p><\/li><\/ul><p data-start=\"2680\" data-end=\"2862\">Sophrologue \u00e0 <strong data-start=\"2732\" data-end=\"2743\">VILLECHENEVE<\/strong>, j\u2019accompagne \u00e9galement les personnes des <strong data-start=\"2785\" data-end=\"2807\">communes proches <\/strong>comme Montrottier, Saint-Laurent de chamousset, Tarare, Vindry\/Turdine sur rendez-vous.<\/p>\t\t\t\t\t\t\t\t<\/div>\n\t\t\t\t\t<\/div>\n\t\t\t\t<\/div>\n\t\t\t\t<\/div>\n\t\t","protected":false},"excerpt":{"rendered":"<p>Je vous re\u00e7ois dans un cadre calme et confidentiel, propice au rel\u00e2chement et \u00e0 la reconnexion \u00e0 soi. Chaque accompagnement est personnalis\u00e9, respectueux de votre rythme et de votre objectif, qu\u2019il s\u2019agisse de mieux g\u00e9rer le stress, d\u2019am\u00e9liorer le sommeil, de retrouver confiance ou de traverser une \u00e9tape de vie avec plus de stabilit\u00e9. Les &hellip; <\/p>\n<p class=\"link-more\"><a href=\"https:\/\/www.sophrologue-sonia.fr\/index.php\/les-seances-en-cabinet-ou-en-visioconference\/\" class=\"more-link\">Continuer la lecture<span class=\"screen-reader-text\"> de &laquo;&nbsp;Les S\u00e9ances en cabinet ou en visioconf\u00e9rence&nbsp;&raquo;<\/span><\/a><\/p>\n","protected":false},"author":3,"featured_media":199,"parent":0,"menu_order":0,"comment_status":"closed","ping_status":"closed","template":"","meta":{"footnotes":""},"class_list":["post-97","page","type-page","status-publish","has-post-thumbnail","hentry"],"yoast_head":"<!-- This site is optimized with the Yoast SEO plugin v27.3 - https:\/\/yoast.com\/product\/yoast-seo-wordpress\/ -->\n<title>Les S\u00e9ances en cabinet ou en visioconf\u00e9rence - Sophrologue \u00e0 Villechen\u00e8ve dans les monts du lyonnais \u2013 Sonia<\/title>\n<meta name=\"robots\" content=\"index, follow, max-snippet:-1, max-image-preview:large, max-video-preview:-1\" \/>\n<link rel=\"canonical\" href=\"https:\/\/www.sophrologue-sonia.fr\/index.php\/les-seances-en-cabinet-ou-en-visioconference\/\" \/>\n<meta property=\"og:locale\" content=\"fr_FR\" \/>\n<meta property=\"og:type\" content=\"article\" \/>\n<meta property=\"og:title\" content=\"Les S\u00e9ances en cabinet ou en visioconf\u00e9rence - Sophrologue \u00e0 Villechen\u00e8ve dans les monts du lyonnais \u2013 Sonia\" \/>\n<meta property=\"og:description\" content=\"Je vous re\u00e7ois dans un cadre calme et confidentiel, propice au rel\u00e2chement et \u00e0 la reconnexion \u00e0 soi. Chaque accompagnement est personnalis\u00e9, respectueux de votre rythme et de votre objectif, qu\u2019il s\u2019agisse de mieux g\u00e9rer le stress, d\u2019am\u00e9liorer le sommeil, de retrouver confiance ou de traverser une \u00e9tape de vie avec plus de stabilit\u00e9. Les &hellip; Continuer la lecture de &laquo;&nbsp;Les S\u00e9ances en cabinet ou en visioconf\u00e9rence&nbsp;&raquo;\" \/>\n<meta property=\"og:url\" content=\"https:\/\/www.sophrologue-sonia.fr\/index.php\/les-seances-en-cabinet-ou-en-visioconference\/\" \/>\n<meta property=\"og:site_name\" content=\"Sophrologue \u00e0 Villechen\u00e8ve dans les monts du lyonnais \u2013 Sonia\" \/>\n<meta property=\"article:publisher\" content=\"https:\/\/www.facebook.com\/sophrologuesonia\" \/>\n<meta property=\"article:modified_time\" content=\"2026-03-07T08:51:24+00:00\" \/>\n<meta property=\"og:image\" content=\"https:\/\/www.sophrologue-sonia.fr\/wp-content\/uploads\/2026\/02\/photos-site-sonia-sophrologue-villecheneve-montsdulyonnais-rhone-69-1900-1264-1-Seances-a-Villecheneve-et-en-visioconference.jpg\" \/>\n\t<meta property=\"og:image:width\" content=\"1900\" \/>\n\t<meta property=\"og:image:height\" content=\"1264\" \/>\n\t<meta property=\"og:image:type\" content=\"image\/jpeg\" \/>\n<meta name=\"twitter:card\" content=\"summary_large_image\" \/>\n<meta name=\"twitter:label1\" content=\"Dur\u00e9e de lecture estim\u00e9e\" \/>\n\t<meta name=\"twitter:data1\" content=\"1 minute\" \/>\n<script type=\"application\/ld+json\" class=\"yoast-schema-graph\">{\"@context\":\"https:\\\/\\\/schema.org\",\"@graph\":[{\"@type\":\"WebPage\",\"@id\":\"https:\\\/\\\/www.sophrologue-sonia.fr\\\/index.php\\\/les-seances-en-cabinet-ou-en-visioconference\\\/\",\"url\":\"https:\\\/\\\/www.sophrologue-sonia.fr\\\/index.php\\\/les-seances-en-cabinet-ou-en-visioconference\\\/\",\"name\":\"Les S\u00e9ances en cabinet ou en visioconf\u00e9rence - Sophrologue \u00e0 Villechen\u00e8ve dans les monts du lyonnais \u2013 Sonia\",\"isPartOf\":{\"@id\":\"https:\\\/\\\/www.sophrologue-sonia.fr\\\/#website\"},\"primaryImageOfPage\":{\"@id\":\"https:\\\/\\\/www.sophrologue-sonia.fr\\\/index.php\\\/les-seances-en-cabinet-ou-en-visioconference\\\/#primaryimage\"},\"image\":{\"@id\":\"https:\\\/\\\/www.sophrologue-sonia.fr\\\/index.php\\\/les-seances-en-cabinet-ou-en-visioconference\\\/#primaryimage\"},\"thumbnailUrl\":\"https:\\\/\\\/www.sophrologue-sonia.fr\\\/wp-content\\\/uploads\\\/2026\\\/02\\\/photos-site-sonia-sophrologue-villecheneve-montsdulyonnais-rhone-69-1900-1264-1-Seances-a-Villecheneve-et-en-visioconference.jpg\",\"datePublished\":\"2026-02-09T18:53:23+00:00\",\"dateModified\":\"2026-03-07T08:51:24+00:00\",\"breadcrumb\":{\"@id\":\"https:\\\/\\\/www.sophrologue-sonia.fr\\\/index.php\\\/les-seances-en-cabinet-ou-en-visioconference\\\/#breadcrumb\"},\"inLanguage\":\"fr-FR\",\"potentialAction\":[{\"@type\":\"ReadAction\",\"target\":[\"https:\\\/\\\/www.sophrologue-sonia.fr\\\/index.php\\\/les-seances-en-cabinet-ou-en-visioconference\\\/\"]}]},{\"@type\":\"ImageObject\",\"inLanguage\":\"fr-FR\",\"@id\":\"https:\\\/\\\/www.sophrologue-sonia.fr\\\/index.php\\\/les-seances-en-cabinet-ou-en-visioconference\\\/#primaryimage\",\"url\":\"https:\\\/\\\/www.sophrologue-sonia.fr\\\/wp-content\\\/uploads\\\/2026\\\/02\\\/photos-site-sonia-sophrologue-villecheneve-montsdulyonnais-rhone-69-1900-1264-1-Seances-a-Villecheneve-et-en-visioconference.jpg\",\"contentUrl\":\"https:\\\/\\\/www.sophrologue-sonia.fr\\\/wp-content\\\/uploads\\\/2026\\\/02\\\/photos-site-sonia-sophrologue-villecheneve-montsdulyonnais-rhone-69-1900-1264-1-Seances-a-Villecheneve-et-en-visioconference.jpg\",\"width\":1900,\"height\":1264},{\"@type\":\"BreadcrumbList\",\"@id\":\"https:\\\/\\\/www.sophrologue-sonia.fr\\\/index.php\\\/les-seances-en-cabinet-ou-en-visioconference\\\/#breadcrumb\",\"itemListElement\":[{\"@type\":\"ListItem\",\"position\":1,\"name\":\"Accueil\",\"item\":\"https:\\\/\\\/www.sophrologue-sonia.fr\\\/\"},{\"@type\":\"ListItem\",\"position\":2,\"name\":\"Les S\u00e9ances en cabinet ou en visioconf\u00e9rence\"}]},{\"@type\":\"WebSite\",\"@id\":\"https:\\\/\\\/www.sophrologue-sonia.fr\\\/#website\",\"url\":\"https:\\\/\\\/www.sophrologue-sonia.fr\\\/\",\"name\":\"Sophrologue \u00e0 Villechen\u00e8ve dans les monts du lyonnais, Sonia\",\"description\":\"Votre chemin int\u00e9rieur vers l&#039;harmonie\",\"publisher\":{\"@id\":\"https:\\\/\\\/www.sophrologue-sonia.fr\\\/#organization\"},\"potentialAction\":[{\"@type\":\"SearchAction\",\"target\":{\"@type\":\"EntryPoint\",\"urlTemplate\":\"https:\\\/\\\/www.sophrologue-sonia.fr\\\/?s={search_term_string}\"},\"query-input\":{\"@type\":\"PropertyValueSpecification\",\"valueRequired\":true,\"valueName\":\"search_term_string\"}}],\"inLanguage\":\"fr-FR\"},{\"@type\":\"Organization\",\"@id\":\"https:\\\/\\\/www.sophrologue-sonia.fr\\\/#organization\",\"name\":\"Sophrologue \u00e0 Villechen\u00e8ve dans les monts du lyonnais, Sonia\",\"url\":\"https:\\\/\\\/www.sophrologue-sonia.fr\\\/\",\"logo\":{\"@type\":\"ImageObject\",\"inLanguage\":\"fr-FR\",\"@id\":\"https:\\\/\\\/www.sophrologue-sonia.fr\\\/#\\\/schema\\\/logo\\\/image\\\/\",\"url\":\"https:\\\/\\\/www.sophrologue-sonia.fr\\\/wp-content\\\/uploads\\\/2026\\\/02\\\/LOGO-SOPHROLOGUE-SONIA_avec-Baseline-transparence-scaled.png\",\"contentUrl\":\"https:\\\/\\\/www.sophrologue-sonia.fr\\\/wp-content\\\/uploads\\\/2026\\\/02\\\/LOGO-SOPHROLOGUE-SONIA_avec-Baseline-transparence-scaled.png\",\"width\":2560,\"height\":1094,\"caption\":\"Sophrologue \u00e0 Villechen\u00e8ve dans les monts du lyonnais, Sonia\"},\"image\":{\"@id\":\"https:\\\/\\\/www.sophrologue-sonia.fr\\\/#\\\/schema\\\/logo\\\/image\\\/\"},\"sameAs\":[\"https:\\\/\\\/www.facebook.com\\\/sophrologuesonia\",\"https:\\\/\\\/www.instagram.com\\\/soniaqueva.sophrologue\\\/\",\"https:\\\/\\\/www.resalib.fr\\\/praticien\\\/124432-sophrologue-sonia-sophrologue-villecheneve\",\"https:\\\/\\\/www.linkedin.com\\\/in\\\/sonia-queva-37333a3a4\\\/\"]}]}<\/script>\n<!-- \/ Yoast SEO plugin. -->","yoast_head_json":{"title":"Les S\u00e9ances en cabinet ou en visioconf\u00e9rence - Sophrologue \u00e0 Villechen\u00e8ve dans les monts du lyonnais \u2013 Sonia","robots":{"index":"index","follow":"follow","max-snippet":"max-snippet:-1","max-image-preview":"max-image-preview:large","max-video-preview":"max-video-preview:-1"},"canonical":"https:\/\/www.sophrologue-sonia.fr\/index.php\/les-seances-en-cabinet-ou-en-visioconference\/","og_locale":"fr_FR","og_type":"article","og_title":"Les S\u00e9ances en cabinet ou en visioconf\u00e9rence - Sophrologue \u00e0 Villechen\u00e8ve dans les monts du lyonnais \u2013 Sonia","og_description":"Je vous re\u00e7ois dans un cadre calme et confidentiel, propice au rel\u00e2chement et \u00e0 la reconnexion \u00e0 soi. Chaque accompagnement est personnalis\u00e9, respectueux de votre rythme et de votre objectif, qu\u2019il s\u2019agisse de mieux g\u00e9rer le stress, d\u2019am\u00e9liorer le sommeil, de retrouver confiance ou de traverser une \u00e9tape de vie avec plus de stabilit\u00e9. Les &hellip; Continuer la lecture de &laquo;&nbsp;Les S\u00e9ances en cabinet ou en visioconf\u00e9rence&nbsp;&raquo;","og_url":"https:\/\/www.sophrologue-sonia.fr\/index.php\/les-seances-en-cabinet-ou-en-visioconference\/","og_site_name":"Sophrologue \u00e0 Villechen\u00e8ve dans les monts du lyonnais \u2013 Sonia","article_publisher":"https:\/\/www.facebook.com\/sophrologuesonia","article_modified_time":"2026-03-07T08:51:24+00:00","og_image":[{"width":1900,"height":1264,"url":"https:\/\/www.sophrologue-sonia.fr\/wp-content\/uploads\/2026\/02\/photos-site-sonia-sophrologue-villecheneve-montsdulyonnais-rhone-69-1900-1264-1-Seances-a-Villecheneve-et-en-visioconference.jpg","type":"image\/jpeg"}],"twitter_card":"summary_large_image","twitter_misc":{"Dur\u00e9e de lecture estim\u00e9e":"1 minute"},"schema":{"@context":"https:\/\/schema.org","@graph":[{"@type":"WebPage","@id":"https:\/\/www.sophrologue-sonia.fr\/index.php\/les-seances-en-cabinet-ou-en-visioconference\/","url":"https:\/\/www.sophrologue-sonia.fr\/index.php\/les-seances-en-cabinet-ou-en-visioconference\/","name":"Les S\u00e9ances en cabinet ou en visioconf\u00e9rence - Sophrologue \u00e0 Villechen\u00e8ve dans les monts du lyonnais \u2013 Sonia","isPartOf":{"@id":"https:\/\/www.sophrologue-sonia.fr\/#website"},"primaryImageOfPage":{"@id":"https:\/\/www.sophrologue-sonia.fr\/index.php\/les-seances-en-cabinet-ou-en-visioconference\/#primaryimage"},"image":{"@id":"https:\/\/www.sophrologue-sonia.fr\/index.php\/les-seances-en-cabinet-ou-en-visioconference\/#primaryimage"},"thumbnailUrl":"https:\/\/www.sophrologue-sonia.fr\/wp-content\/uploads\/2026\/02\/photos-site-sonia-sophrologue-villecheneve-montsdulyonnais-rhone-69-1900-1264-1-Seances-a-Villecheneve-et-en-visioconference.jpg","datePublished":"2026-02-09T18:53:23+00:00","dateModified":"2026-03-07T08:51:24+00:00","breadcrumb":{"@id":"https:\/\/www.sophrologue-sonia.fr\/index.php\/les-seances-en-cabinet-ou-en-visioconference\/#breadcrumb"},"inLanguage":"fr-FR","potentialAction":[{"@type":"ReadAction","target":["https:\/\/www.sophrologue-sonia.fr\/index.php\/les-seances-en-cabinet-ou-en-visioconference\/"]}]},{"@type":"ImageObject","inLanguage":"fr-FR","@id":"https:\/\/www.sophrologue-sonia.fr\/index.php\/les-seances-en-cabinet-ou-en-visioconference\/#primaryimage","url":"https:\/\/www.sophrologue-sonia.fr\/wp-content\/uploads\/2026\/02\/photos-site-sonia-sophrologue-villecheneve-montsdulyonnais-rhone-69-1900-1264-1-Seances-a-Villecheneve-et-en-visioconference.jpg","contentUrl":"https:\/\/www.sophrologue-sonia.fr\/wp-content\/uploads\/2026\/02\/photos-site-sonia-sophrologue-villecheneve-montsdulyonnais-rhone-69-1900-1264-1-Seances-a-Villecheneve-et-en-visioconference.jpg","width":1900,"height":1264},{"@type":"BreadcrumbList","@id":"https:\/\/www.sophrologue-sonia.fr\/index.php\/les-seances-en-cabinet-ou-en-visioconference\/#breadcrumb","itemListElement":[{"@type":"ListItem","position":1,"name":"Accueil","item":"https:\/\/www.sophrologue-sonia.fr\/"},{"@type":"ListItem","position":2,"name":"Les S\u00e9ances en cabinet ou en visioconf\u00e9rence"}]},{"@type":"WebSite","@id":"https:\/\/www.sophrologue-sonia.fr\/#website","url":"https:\/\/www.sophrologue-sonia.fr\/","name":"Sophrologue \u00e0 Villechen\u00e8ve dans les monts du lyonnais, Sonia","description":"Votre chemin int\u00e9rieur vers l&#039;harmonie","publisher":{"@id":"https:\/\/www.sophrologue-sonia.fr\/#organization"},"potentialAction":[{"@type":"SearchAction","target":{"@type":"EntryPoint","urlTemplate":"https:\/\/www.sophrologue-sonia.fr\/?s={search_term_string}"},"query-input":{"@type":"PropertyValueSpecification","valueRequired":true,"valueName":"search_term_string"}}],"inLanguage":"fr-FR"},{"@type":"Organization","@id":"https:\/\/www.sophrologue-sonia.fr\/#organization","name":"Sophrologue \u00e0 Villechen\u00e8ve dans les monts du lyonnais, Sonia","url":"https:\/\/www.sophrologue-sonia.fr\/","logo":{"@type":"ImageObject","inLanguage":"fr-FR","@id":"https:\/\/www.sophrologue-sonia.fr\/#\/schema\/logo\/image\/","url":"https:\/\/www.sophrologue-sonia.fr\/wp-content\/uploads\/2026\/02\/LOGO-SOPHROLOGUE-SONIA_avec-Baseline-transparence-scaled.png","contentUrl":"https:\/\/www.sophrologue-sonia.fr\/wp-content\/uploads\/2026\/02\/LOGO-SOPHROLOGUE-SONIA_avec-Baseline-transparence-scaled.png","width":2560,"height":1094,"caption":"Sophrologue \u00e0 Villechen\u00e8ve dans les monts du lyonnais, Sonia"},"image":{"@id":"https:\/\/www.sophrologue-sonia.fr\/#\/schema\/logo\/image\/"},"sameAs":["https:\/\/www.facebook.com\/sophrologuesonia","https:\/\/www.instagram.com\/soniaqueva.sophrologue\/","https:\/\/www.resalib.fr\/praticien\/124432-sophrologue-sonia-sophrologue-villecheneve","https:\/\/www.linkedin.com\/in\/sonia-queva-37333a3a4\/"]}]}},"_links":{"self":[{"href":"https:\/\/www.sophrologue-sonia.fr\/index.php\/wp-json\/wp\/v2\/pages\/97","targetHints":{"allow":["GET"]}}],"collection":[{"href":"https:\/\/www.sophrologue-sonia.fr\/index.php\/wp-json\/wp\/v2\/pages"}],"about":[{"href":"https:\/\/www.sophrologue-sonia.fr\/index.php\/wp-json\/wp\/v2\/types\/page"}],"author":[{"embeddable":true,"href":"https:\/\/www.sophrologue-sonia.fr\/index.php\/wp-json\/wp\/v2\/users\/3"}],"replies":[{"embeddable":true,"href":"https:\/\/www.sophrologue-sonia.fr\/index.php\/wp-json\/wp\/v2\/comments?post=97"}],"version-history":[{"count":18,"href":"https:\/\/www.sophrologue-sonia.fr\/index.php\/wp-json\/wp\/v2\/pages\/97\/revisions"}],"predecessor-version":[{"id":1384,"href":"https:\/\/www.sophrologue-sonia.fr\/index.php\/wp-json\/wp\/v2\/pages\/97\/revisions\/1384"}],"wp:featuredmedia":[{"embeddable":true,"href":"https:\/\/www.sophrologue-sonia.fr\/index.php\/wp-json\/wp\/v2\/media\/199"}],"wp:attachment":[{"href":"https:\/\/www.sophrologue-sonia.fr\/index.php\/wp-json\/wp\/v2\/media?parent=97"}],"curies":[{"name":"wp","href":"https:\/\/api.w.org\/{rel}","templated":true}]}}